{"id":94,"date":"2025-10-24T11:51:15","date_gmt":"2025-10-24T11:51:15","guid":{"rendered":"https:\/\/ioc.xtec.cat\/educacio\/?page_id=94"},"modified":"2025-12-17T10:55:45","modified_gmt":"2025-12-17T09:55:45","slug":"preus","status":"publish","type":"page","link":"https:\/\/ioc.xtec.cat\/educacio\/lioc\/preus\/","title":{"rendered":"Preus"},"content":{"rendered":"\n<p class=\"has-medium-font-size\">En el moment de formalitzar la matr\u00edcula cal abonar el <strong>preu p\u00fablic<\/strong> de l\u2019ensenyament, la formaci\u00f3 o els cursos impartits a dist\u00e0ncia per l\u2019IOC.<br><\/p>\n\n\n\n<p>Les persones que tenen 28 anys o menys tamb\u00e9 han d\u2019abonar 1,12 \u20ac&nbsp;en concepte d&#8217;asseguran\u00e7a escolar obligat\u00f2ria (llevat dels estudiants d&#8217;idiomes).<br><br>En cas de ren\u00fancia a la matr\u00edcula (total o parcial), l\u2019IOC no en retorna l\u2019import.<\/p>\n\n\n\n<h3 class=\"wp-block-heading\"><strong>Normativa:<\/strong><\/h3>\n\n\n\n<p><a href=\"https:\/\/portaldogc.gencat.cat\/utilsEADOP\/PDF\/8230\/1813084.pdf\" target=\"_blank\" rel=\"noreferrer noopener\">ORDRE EDU\/156\/2020, de 18 de setembre, per la qual se suprimeixen i es creen diversos preus p\u00fablics i els imports de determinats ensenyaments, cursos i formacions impartits a dist\u00e0ncia per l&#8217;Institut Obert de Catalunya. DOGC 22\/09\/2020<\/a><\/p>\n\n\n\n<p><strong>No es procedent el retorn de les quantitats pagades sempre i quan s&#8217;hagi ofert el servei:<\/strong> Article 1.3-9 de<a href=\"http:\/\/www20.gencat.cat\/portal\/site\/portaljuridic\/menuitem.d15a4e5dfb99396dc366ec10b0c0e1a0\/?action=fitxa&amp;documentId=463365\" target=\"_blank\" rel=\"noreferrer noopener\"> DECRET LEGISLATIU 3\/2008, de 25 de juny, pel qual s&#8217;aprova el Text ref\u00f3s de la Llei de taxes i preus p\u00fablics de la Generalitat de Catalunya.<\/a><\/p>\n\n\n\n<h3 class=\"wp-block-heading\"><br><br><strong>Graduat en Educaci\u00f3 Secund\u00e0ria<\/strong><\/h3>\n\n\n\n<ul class=\"wp-block-list\">\n<li>Per la matr\u00edcula del primer m\u00f2dul en els ensenyaments de graduat en educaci\u00f3 secund\u00e0ria obligat\u00f2ria: 15,00 \u20ac per trimestre.<\/li>\n\n\n\n<li>Per la matr\u00edcula de cada m\u00f2dul addicional en els ensenyaments de graduat en educaci\u00f3 secund\u00e0ria obligat\u00f2ria: 5,00 \u20ac per trimestre.<\/li>\n\n\n\n<li>Pels serveis d&#8217;acc\u00e9s a la plataforma i els materials did\u00e0ctics pel primer m\u00f2dul, en els ensenyaments de graduat en educaci\u00f3 secund\u00e0ria obligat\u00f2ria d&#8217;alumnes visitants, matriculats en centres presencials: 15,00 \u20ac per trimestre.<\/li>\n\n\n\n<li>Pels serveis d&#8217;acc\u00e9s a la plataforma i els materials did\u00e0ctics de cada m\u00f2dul addicional, en els ensenyaments de graduat en educaci\u00f3 secund\u00e0ria obligat\u00f2ria, d&#8217;alumnes visitants, matriculats en centres presencials: 5,00 \u20ac per trimestre.<\/li>\n<\/ul>\n\n\n\n<h3 class=\"wp-block-heading\" id=\"preus-btx\"><br><strong>Batxillerat<\/strong><\/h3>\n\n\n\n<ul class=\"wp-block-list\">\n<li>Per la matr\u00edcula en la primera mat\u00e8ria o bloc de la primera mat\u00e8ria del batxillerat: 35,00 \u20ac per quadrimestre.<\/li>\n\n\n\n<li>Per la matr\u00edcula per cada mat\u00e8ria o bloc d&#8217;una mat\u00e8ria addicional del batxillerat: 15,00 \u20ac per quadrimestre.<\/li>\n\n\n\n<li>Pels serveis d&#8217;acc\u00e9s a la plataforma i els materials did\u00e0ctics en cada mat\u00e8ria o bloc d&#8217;una mat\u00e8ria del batxillerat d&#8217;alumnes visitants matriculats en centres presencials sostinguts amb fons p\u00fablics amb ensenyaments de batxillerat: 15,00 \u20ac per quadrimestre.<\/li>\n\n\n\n<li>Pels serveis d&#8217;acc\u00e9s a la plataforma i els materials did\u00e0ctics en cada mat\u00e8ria o bloc d&#8217;una mat\u00e8ria del<br>batxillerat, d&#8217;alumnes visitants matriculats en centres presencials no sostinguts amb fons p\u00fablics amb ensenyaments de batxillerat: 20,00 \u20ac per quadrimestre.<br><\/li>\n<\/ul>\n\n\n\n<h3 class=\"wp-block-heading\"><strong>Curs de p<\/strong><strong>eparaci\u00f3 a les Proves d&#8217;Acc\u00e9s a la Universitat (PAU)<\/strong><\/h3>\n\n\n\n<ul class=\"wp-block-list\">\n<li>L&#8217;import del preu p\u00fablic per la inscripci\u00f3 en la matr\u00edcula, el material did\u00e0ctic i el servei d&#8217;acc\u00e9s a la plataforma en cada mat\u00e8ria del curs de preparaci\u00f3 a les Proves d&#8217;Acc\u00e9s a la Universitat (PAU) a dist\u00e0ncia, a partir del curs 2020-2021 \u00e9s de 10,00 euros per mat\u00e8ria.<\/li>\n<\/ul>\n\n\n\n<h3 class=\"wp-block-heading\"><strong>Curs de Preparaci\u00f3 de les proves d&#8217;acc\u00e9s als cicles formatius de grau superior (PACFGS)<\/strong><\/h3>\n\n\n\n<ul class=\"wp-block-list\">\n<li>Per la matr\u00edcula en el curs de preparaci\u00f3 de la prova d&#8217;acc\u00e9s a cicles formatius de grau superior: 88,00 \u20ac per curs.<\/li>\n\n\n\n<li>Per la matr\u00edcula en la part comuna del curs de preparaci\u00f3 de la prova d&#8217;acc\u00e9s a cicles formatius de grau&nbsp;superior: 80,00 \u20ac.<\/li>\n\n\n\n<li>Per la matr\u00edcula en la part espec\u00edfica del curs de preparaci\u00f3 de la prova d&#8217;acc\u00e9s a cicles formatius de grau superior: 50,00&nbsp;\u20ac.<\/li>\n\n\n\n<li>Pels serveis d&#8217;acc\u00e9s a la plataforma i els materials did\u00e0ctics en cada mat\u00e8ria de la formaci\u00f3 per a la prova&nbsp;d&#8217;acc\u00e9s a cicles formatius de grau superior, d&#8217;alumnes visitants matriculats en centres presencials dependents del Departament d&#8217;Educaci\u00f3: 15,00 \u20ac.<\/li>\n\n\n\n<li>Pels serveis d&#8217;acc\u00e9s a la plataforma i els materials did\u00e0ctics en cada mat\u00e8ria de la formaci\u00f3 per a la prova d&#8217;acc\u00e9s a cicles formatius de grau superior, d&#8217;alumnes visitants matriculats en centres presencials de titularitat diferent del Departament d&#8217;Educaci\u00f3: 20,00 \u20ac.<\/li>\n<\/ul>\n\n\n\n<h3 class=\"wp-block-heading\"><br><strong>Formaci\u00f3 professional<\/strong><\/h3>\n\n\n\n<ul class=\"wp-block-list\">\n<li>Per la matr\u00edcula en cada m\u00f2dul, cr\u00e8dit, o en cada bloc en els ensenyaments de formaci\u00f3 professional: 50,00 \u20ac per semestre.<\/li>\n\n\n\n<li>Per la matr\u00edcula en cada unitat formativa en els ensenyaments de formaci\u00f3 professional (ensenyaments&nbsp;LOE): 25,00 \u20ac per semestre.<\/li>\n\n\n\n<li>La matriculaci\u00f3 en alguns cicles formatius de formaci\u00f3 professional implicar\u00e0 afegir un import addicional en concepte de materials did\u00e0ctics.<br><\/li>\n<\/ul>\n\n\n\n<h3 class=\"wp-block-heading\"><strong>Competic 3<\/strong><\/h3>\n\n\n\n<ul class=\"wp-block-list\">\n<li>Per la inscripci\u00f3 en el curs d&#8217;una compet\u00e8ncia: 40,00 \u20ac.<\/li>\n\n\n\n<li>Per la inscripci\u00f3 en el curs de dues compet\u00e8ncies: 80,00 \u20ac.<\/li>\n<\/ul>\n\n\n\n<h3 class=\"wp-block-heading\"><strong>Curs de Catal\u00e0 per a joves residents a l&#8217;estranger (CRE)<\/strong><\/h3>\n\n\n\n<ul class=\"wp-block-list\">\n<li>Per la inscripci\u00f3 al curs de catal\u00e0 per a joves residents a l&#8217;estranger en la modalitat a dist\u00e0ncia, a partir del curs 2020-2021 \u00e9s de 70,00 \u20ac per m\u00f2dul.<\/li>\n<\/ul>\n\n\n\n<h3 class=\"wp-block-heading\"><a><\/a><strong>EOI IOC<\/strong><\/h3>\n\n\n\n<h4 class=\"wp-block-heading\"><strong>M\u00f2duls semestrals d&#8217;angl\u00e8s i alemany:&nbsp;<\/strong><\/h4>\n\n\n\n<p>Els preus indicats s\u00f3n per semestre:<\/p>\n\n\n\n<ul class=\"wp-block-list\">\n<li>M\u00f2duls 1A (A1.a) 1B (A1.b), 2A (A2.a), 2B (A2.b):&nbsp;<strong>137, 50 \u20ac<\/strong>&nbsp;( primera repetici\u00f3 178,75\u20ac \/ segona i successives repeticions 247,50\u20ac) +&nbsp;<strong>30\u20ac&nbsp;<\/strong>quota serveis i materials digitals.<\/li>\n\n\n\n<li>M\u00f2duls 3A (B1.a), 3B (B1.b), 4A (B2.1.a), 4B (B2.1.b), 5A (B2.2.a) i 5B (B2.2.b):&nbsp;<strong>148,80<\/strong><strong>\u20ac<\/strong>&nbsp;( primera repetici\u00f3 193,45\u20ac \/ segona i successives repeticions 267,85\u20ac) +&nbsp;<strong>30\u20ac&nbsp;<\/strong>quota serveis i materials digitals.<\/li>\n<\/ul>\n\n\n\n<h4 class=\"wp-block-heading\"><strong>Cursos anuals&nbsp;nivell avan\u00e7at:&nbsp;<\/strong><\/h4>\n\n\n\n<ul class=\"wp-block-list\">\n<li>Catal\u00e0 C2:&nbsp;<strong>275<\/strong><strong>&nbsp;\u20ac<\/strong>&nbsp;( primera repetici\u00f3 357,50\u20ac \/ segona i successives repeticions 519\u20ac) +&nbsp;<strong>30\u20ac&nbsp;<\/strong>quota serveis i materials digitals.<\/li>\n<\/ul>\n\n\n\n<p><strong>Actualitzaci\u00f3 de&nbsp;preus p\u00fablics&nbsp;&nbsp;Ordre EDU\/155\/2020&nbsp;i&nbsp;taxes p\u00fabliques&nbsp;Ordre EDU\/80\/2020&nbsp;<\/strong><\/p>\n\n\n\n<p><strong>AV\u00cdS IMPORTANT: La<\/strong><strong>&nbsp;quota per serveis d\u2019acc\u00e9s al Campus IOC i materials did\u00e0ctics digitals de 30<\/strong><strong>\u20ac \u00e9s obligat\u00f2ria i est\u00e0 subjecta a bonificacions i exempcions.<\/strong><\/p>\n\n\n\n<h4 class=\"wp-block-heading\"><a><\/a><strong>Formaci\u00f3 pedag\u00f2gica i did\u00e0ctica (FPD)<\/strong><\/h4>\n\n\n\n<ul class=\"wp-block-list\">\n<li>Per la inscripci\u00f3 a la formaci\u00f3 equivalent a la formaci\u00f3 pedag\u00f2gica i did\u00e0ctica en la modalitat a dist\u00e0ncia, a partir del curs 2020-2021 \u00e9s de 20,00 \u20ac per cr\u00e8dit.<br><\/li>\n<\/ul>\n\n\n\n<h4 class=\"wp-block-heading\"><a><\/a><strong>Miniops<\/strong><\/h4>\n\n\n\n<ul class=\"wp-block-list\">\n<li>Per la inscripci\u00f3 en els cursos oberts autoformatius a dist\u00e0ncia, a partir del curs 2020-2021 \u00e9s de 5,00 \u20ac cadascun.<br><\/li>\n<\/ul>\n\n\n\n<h2 class=\"wp-block-heading\"><a><\/a>Bonificacions i exempcions<\/h2>\n\n\n\n<h3 class=\"wp-block-heading\"><strong>Bonificacions:<\/strong><\/h3>\n\n\n\n<p>Les persones membres de fam\u00edlies nombroses classificades en la categoria general i les persones membres de fam\u00edlies monoparentals tenen una bonificaci\u00f3 del 50% del preu p\u00fablic.<\/p>\n\n\n\n<h3 class=\"wp-block-heading\">Exempcions<\/h3>\n\n\n\n<p>a) Les persones membres de fam\u00edlies nombroses classificades en la categoria especial.<\/p>\n\n\n\n<p>b) Les persones que tinguin una discapacitat acreditada igual o superior al 33%, els seus c\u00f2njuges i els seus&nbsp;fills o filles que en depenguin econ\u00f2micament.<\/p>\n\n\n\n<p>c) Les persones subjectes a mesures privatives de llibertat<\/p>\n\n\n\n<p>d) Les persones v\u00edctimes d&#8217;actes terroristes, els seus c\u00f2njuges i els seus fills i filles.<\/p>\n\n\n\n<p>e) Les persones membres d&#8217;unitats familiars que percebin la renda m\u00ednima d&#8217;inserci\u00f3 o la renda activa&nbsp;d&#8217;inserci\u00f3 o la renda garantida de ciutadania.<\/p>\n\n\n\n<p>f) Ser aturat\/da de llarga durada que percep un subsidi equivalent a una renda m\u00ednima d&#8217;inserci\u00f3 o la renda&nbsp;activa d&#8217;inserci\u00f3 o la renda garantida de ciutadania.<\/p>\n\n\n\n<p>g) Els infants o adolescents en acolliment familiar.<\/p>\n\n\n\n<p>h) Les persones v\u00edctimes de viol\u00e8ncia de g\u00e8nere.<\/p>\n\n\n\n<p>i) Les persones menors tutelades o persones extutelades menors de 21 anys d&#8217;edat. La condici\u00f3 de persona&nbsp;tutelada o extutelada s&#8217;acredita mitjan\u00e7ant certificat em\u00e8s per la Direcci\u00f3 General d&#8217;Atenci\u00f3 a la Inf\u00e0ncia i la Adolesc\u00e8ncia o \u00f2rgan equivalent d&#8217;altres comunitats aut\u00f2nomes.<br><\/p>\n\n\n\n<p>La <strong>documentaci\u00f3 necess\u00e0ria<\/strong> per acreditar aquestes situacions \u00e9s la seg\u00fcent:<\/p>\n\n\n\n<ul class=\"wp-block-list\">\n<li>T\u00edtol de fam\u00edlia nombrosa o el t\u00edtol de fam\u00edlia monoparental<\/li>\n\n\n\n<li>Certificat de discapacitat o la targeta acreditativa de la discapacitat. En el cas que la minusvalidesa estigui lligada a una pensi\u00f3 (<a href=\"https:\/\/www.boe.es\/eli\/es\/rdlg\/2013\/11\/29\/1\/con\" target=\"_blank\" rel=\"noreferrer noopener\">RDL 1\/2013<\/a>), se n&#8217;ha d&#8217;acreditar el cobrament (abonament bancari vigent). Aquesta acreditaci\u00f3 s&#8217;haur\u00e0 d&#8217;actualitzar a cada nova matr\u00edcula.<\/li>\n\n\n\n<li>Persones v\u00edctimes d&#8217;actes terroristes: resoluci\u00f3 del Ministeri de l&#8217;Interior<\/li>\n\n\n\n<li>Persones privades de llibertat: certificat de l&#8217;Administraci\u00f3 de Just\u00edcia<\/li>\n\n\n\n<li>Persones membres d\u2019unitats familiars que percebin la renda m\u00ednima d\u2019inserci\u00f3 o la renda activa d\u2019inserci\u00f3: certificat de l&#8217;administraci\u00f3 corresponent. Se n&#8217;ha d&#8217;acreditar el cobrament (abonament bancari vigent). Aquesta acreditaci\u00f3 s&#8217;haur\u00e0 d&#8217;actualitzar a cada nova matr\u00edcula.<\/li>\n\n\n\n<li>Persones v\u00edctimes de viol\u00e8ncia de g\u00e8nere: ordre de protecci\u00f3 judicial, Informe del Ministeri Fiscal que indiqui l&#8217;exist\u00e8ncia d&#8217;indicis de qu\u00e8 est\u00e0 essent objecte de viol\u00e8ncia, Sent\u00e8ncia condemnat\u00f2ria de la persona agressora o b\u00e9 Certificat del Dep. de Benestar i Fam\u00edlia, Ajuntament o centre d&#8217;acollida indicant la seva situaci\u00f3. Es recomana presentar un certificat de l&#8217;advocat\/da que ha portat l&#8217;acusaci\u00f3 o dels serveis socials on s&#8217;indiqui el seg\u00fcent: que la persona ha estat o est\u00e0 sent v\u00edctima de viol\u00e8ncia de g\u00e8nere, la situaci\u00f3 actual i la data de finalitzaci\u00f3 de les mesures de protecci\u00f3 de la v\u00edctima.<\/li>\n<\/ul>\n\n\n\n<h3 class=\"wp-block-heading\"><strong>Bonificacions espec\u00edfiques<\/strong><\/h3>\n\n\n\n<ul class=\"wp-block-list\">\n<li>Els alumnes matriculats en els ensenyaments de cicles formatius de grau superior que imparteix l&#8217;Institut Obert de Catalunya, que tinguin concedida una beca o ajut a l&#8217;estudi en aquests mateixos ensenyaments per part de l&#8217;administraci\u00f3 p\u00fablica competent en la mat\u00e8ria, gaudiran d&#8217;una bonificaci\u00f3 del 50% de l&#8217;import del preu p\u00fablic corresponent, pr\u00e8via acreditaci\u00f3 documental. La bonificaci\u00f3 nom\u00e9s es concedir\u00e0 pel mateix curs acad\u00e8mic pel qual s&#8217;ha concedit la beca.<\/li>\n\n\n\n<li>En aquests casos, a l&#8217;efecte de formalitzaci\u00f3 de la matr\u00edcula, si l&#8217;alumne no t\u00e9 concedida encara la beca ha d&#8217;abonar l&#8217;import del preu p\u00fablic corresponent. Un cop se li notifiqui la concessi\u00f3 de la beca, podr\u00e0 demanar la devoluci\u00f3 de l&#8217;import, davant de la direcci\u00f3 de l&#8217;Institut Obert de Catalunya, que els retornar\u00e0 el 50% de l&#8217;import del preu p\u00fablic pagat.<\/li>\n\n\n\n<li>Els alumnes matriculats en els ensenyaments de batxillerat que cursin simult\u00e0niament una segona llengua estrangera a l&#8217;Institut Obert de Catalunya, tindran una bonificaci\u00f3 del 75% sobre el preu p\u00fablic que tenen establert per aquest mateix ensenyament, les Escoles Oficials d&#8217;Idiomes, pr\u00e8via acreditaci\u00f3 documental.<\/li>\n\n\n\n<li>L&#8217;alumnat matriculat als cursos o m\u00f2duls oficials d&#8217;idiomes impartits per l&#8217;Institut Obert de Catalunya que es matriculin al servei d&#8217;autoaprenentatge, gaudiran d&#8217;una bonificaci\u00f3 del 50% sobre aquest preu.<\/li>\n<\/ul>\n\n\n\n<h3 class=\"wp-block-heading\"><strong>Exempcions espec\u00edfiques en diversos ensenyaments impartits per l\u2019IOC<\/strong><\/h3>\n\n\n\n<p>Estan exemptes del pagament del preu p\u00fablic corresponent, pr\u00e8via acreditaci\u00f3 documental, les<br>persones que es trobin en qualsevol de les situacions seg\u00fcents:<\/p>\n\n\n\n<ul class=\"wp-block-list\">\n<li>En els ensenyaments de graduat en educaci\u00f3 secund\u00e0ria obligat\u00f2ria, batxillerat i cicles formatius de grau mitj\u00e0, els alumnes menors de 18 anys amb necessitats espec\u00edfiques de suport educatiu reconegudes per l&#8217;Administraci\u00f3 competent, que s\u00f3n escolaritzats en l&#8217;Institut Obert de Catalunya d&#8217;acord amb el procediment establert per l&#8217;administraci\u00f3 educativa, at\u00e8s que per les seves situacions excepcionals no els \u00e9s possible l&#8217;escolaritzaci\u00f3 presencial normalitzada.<\/li>\n\n\n\n<li>En els ensenyaments d\u2019idiomes del nivell b\u00e0sic que imparteix l\u2019IOC en la modalitat a dist\u00e0ncia, l\u2019alumnat que en el curs acad\u00e8mic anterior ha obtingut una beca o ajut a l\u2019estudi del Ministeri d\u2019Educaci\u00f3, Cultura i Esport.<\/li>\n\n\n\n<li>En els ensenyaments d\u2019idiomes del nivell b\u00e0sic que imparteix l\u2019IOC en la modalitat a dist\u00e0ncia, l\u2019alumnat que en el mateix curs acad\u00e8mic obtingui una beca o ajut a l\u2019estudi del Ministeri d\u2019Educaci\u00f3, Cultura i Esport. Aquesta exempci\u00f3 no \u00e9s acumulable, en el mateix curs acad\u00e8mic, a la prevista al punt anterior. En aquests casos, els alumnes que sol\u00b7licitin la beca al Ministeri han d\u2019ingressar l\u2019import del preu p\u00fablic corresponent quan es matriculin als ensenyaments d\u2019idiomes i, un cop hagin obtingut la beca o l\u2019ajut, ho han d\u2019acreditar davant de la direcci\u00f3 de l\u2019IOC, que els retornar\u00e0 el 100 per 100 de l\u2019import del preu p\u00fablic pagat.<\/li>\n\n\n\n<li>Les persones que en el curs acad\u00e8mic immediatament anterior hagin obtingut matr\u00edcula d&#8217;honor al&nbsp;batxillerat o el premi extraordinari de batxillerat, estaran exemptes del preu p\u00fablic corresponent a la matr\u00edcula en els m\u00f2duls dels ensenyaments d&#8217;idiomes, que imparteix l&#8217;Institut Obert de Catalunya en la modalitat a dist\u00e0ncia.<\/li>\n\n\n\n<li>Les persones que en el curs acad\u00e8mic immediatament anterior hagin obtingut matr\u00edcula d&#8217;honor al&nbsp;batxillerat o el premi extraordinari de batxillerat, estaran exemptes del preu p\u00fablic corresponent a la matr\u00edcula en els ensenyaments de cicles formatius de grau superior que imparteix l&#8217;Institut Obert de Catalunya en la modalitat a dist\u00e0ncia.<\/li>\n\n\n\n<li>Els i les alumnes guanyadors del Premi Extraordinari dels ensenyaments de Formaci\u00f3 professional, dels&nbsp;ensenyaments professionals d&#8217;Arts Pl\u00e0stiques i Disseny, dels ensenyaments professionals de M\u00fasica o dels ensenyaments professionals de Dansa, en els termes previstos a la normativa que els estableixi, tenen dret a l&#8217;exempci\u00f3 de l&#8217;import del preu en concepte de matr\u00edcula i serveis, per un sol cop, a triar entre la matr\u00edcula en el nivell b\u00e0sic, el nivell C1 o el nivell C2.<\/li>\n<\/ul>\n\n\n\n<h3 class=\"wp-block-heading\"><strong>Dret a m\u00e9s d&#8217;una bonificaci\u00f3<\/strong><\/h3>\n\n\n\n<p>La concurr\u00e8ncia en una mateixa persona de les condicions que donen dret a dues o m\u00e9s bonificacions iguals o superiors al 50%, comportar\u00e0 l&#8217;exempci\u00f3 del preu p\u00fablic.<\/p>\n","protected":false},"excerpt":{"rendered":"<p>En el moment de formalitzar la matr\u00edcula cal abonar el preu p\u00fablic de l\u2019ensenyament, la formaci\u00f3 o els cursos impartits [&hellip;]<\/p>\n","protected":false},"author":2,"featured_media":0,"parent":636,"menu_order":0,"comment_status":"closed","ping_status":"closed","template":"","meta":{"_acf_changed":false,"_uag_custom_page_level_css":"","site-sidebar-layout":"right-sidebar","site-content-layout":"","ast-site-content-layout":"normal-width-container","site-content-style":"default","site-sidebar-style":"default","ast-global-header-display":"","ast-banner-title-visibility":"","ast-main-header-display":"","ast-hfb-above-header-display":"","ast-hfb-below-header-display":"","ast-hfb-mobile-header-display":"","site-post-title":"","ast-breadcrumbs-content":"","ast-featured-img":"","footer-sml-layout":"","theme-transparent-header-meta":"","adv-header-id-meta":"","stick-header-meta":"","header-above-stick-meta":"","header-main-stick-meta":"","header-below-stick-meta":"","astra-migrate-meta-layouts":"default","ast-page-background-enabled":"default","ast-page-background-meta":{"desktop":{"background-color":"var(--ast-global-color-5)","background-image":"","background-repeat":"repeat","background-position":"center center","background-size":"auto","background-attachment":"scroll","background-type":"","background-media":"","overlay-type":"","overlay-color":"","overlay-opacity":"","overlay-gradient":""},"tablet":{"background-color":"","background-image":"","background-repeat":"repeat","background-position":"center center","background-size":"auto","background-attachment":"scroll","background-type":"","background-media":"","overlay-type":"","overlay-color":"","overlay-opacity":"","overlay-gradient":""},"mobile":{"background-color":"","background-image":"","background-repeat":"repeat","background-position":"center center","background-size":"auto","background-attachment":"scroll","background-type":"","background-media":"","overlay-type":"","overlay-color":"","overlay-opacity":"","overlay-gradient":""}},"ast-content-background-meta":{"desktop":{"background-color":"var(--ast-global-color-4)","background-image":"","background-repeat":"repeat","background-position":"center center","background-size":"auto","background-attachment":"scroll","background-type":"","background-media":"","overlay-type":"","overlay-color":"","overlay-opacity":"","overlay-gradient":""},"tablet":{"background-color":"var(--ast-global-color-4)","background-image":"","background-repeat":"repeat","background-position":"center center","background-size":"auto","background-attachment":"scroll","background-type":"","background-media":"","overlay-type":"","overlay-color":"","overlay-opacity":"","overlay-gradient":""},"mobile":{"background-color":"var(--ast-global-color-4)","background-image":"","background-repeat":"repeat","background-position":"center center","background-size":"auto","background-attachment":"scroll","background-type":"","background-media":"","overlay-type":"","overlay-color":"","overlay-opacity":"","overlay-gradient":""}},"footnotes":""},"class_list":["post-94","page","type-page","status-publish","hentry"],"acf":[],"uagb_featured_image_src":{"full":false,"thumbnail":false,"medium":false,"medium_large":false,"large":false,"1536x1536":false,"2048x2048":false},"uagb_author_info":{"display_name":"admin_design","author_link":"https:\/\/ioc.xtec.cat\/educacio\/author\/admin_design\/"},"uagb_comment_info":0,"uagb_excerpt":"En el moment de formalitzar la matr\u00edcula cal abonar el preu p\u00fablic de l\u2019ensenyament, la formaci\u00f3 o els cursos impartits [&hellip;]","_links":{"self":[{"href":"https:\/\/ioc.xtec.cat\/educacio\/wp-json\/wp\/v2\/pages\/94","targetHints":{"allow":["GET"]}}],"collection":[{"href":"https:\/\/ioc.xtec.cat\/educacio\/wp-json\/wp\/v2\/pages"}],"about":[{"href":"https:\/\/ioc.xtec.cat\/educacio\/wp-json\/wp\/v2\/types\/page"}],"author":[{"embeddable":true,"href":"https:\/\/ioc.xtec.cat\/educacio\/wp-json\/wp\/v2\/users\/2"}],"replies":[{"embeddable":true,"href":"https:\/\/ioc.xtec.cat\/educacio\/wp-json\/wp\/v2\/comments?post=94"}],"version-history":[{"count":14,"href":"https:\/\/ioc.xtec.cat\/educacio\/wp-json\/wp\/v2\/pages\/94\/revisions"}],"predecessor-version":[{"id":1293,"href":"https:\/\/ioc.xtec.cat\/educacio\/wp-json\/wp\/v2\/pages\/94\/revisions\/1293"}],"up":[{"embeddable":true,"href":"https:\/\/ioc.xtec.cat\/educacio\/wp-json\/wp\/v2\/pages\/636"}],"wp:attachment":[{"href":"https:\/\/ioc.xtec.cat\/educacio\/wp-json\/wp\/v2\/media?parent=94"}],"curies":[{"name":"wp","href":"https:\/\/api.w.org\/{rel}","templated":true}]}}