{"id":90,"date":"2025-10-24T11:50:40","date_gmt":"2025-10-24T11:50:40","guid":{"rendered":"https:\/\/ioc.xtec.cat\/educacio\/?page_id=90"},"modified":"2025-11-26T13:18:47","modified_gmt":"2025-11-26T12:18:47","slug":"secretaria","status":"publish","type":"page","link":"https:\/\/ioc.xtec.cat\/educacio\/lioc\/secretaria\/","title":{"rendered":"Secretaria"},"content":{"rendered":"\n<p class=\"has-medium-font-size\"><strong>La secretaria de l\u2019IOC nom\u00e9s rep o lliura documentaci\u00f3 acad\u00e8mica del centre<\/strong>.&nbsp;<strong>No ofereix informaci\u00f3 pedag\u00f2gica dels diferents estudis<\/strong>, ja que est\u00e0 tota a la web. Referent a informaci\u00f3 del sistema educatiu, es pot consultar a&nbsp;Estudiar a Catalunya.<br><\/p>\n\n\n\n<p class=\"has-medium-font-size\">Si&nbsp;cal algun aclariment es pot emprar el&nbsp;<a href=\"https:\/\/ioc.xtec.cat\/educacio\/contacte\/\" data-type=\"page\" data-id=\"45\">formulari de contacte<\/a>.<\/p>\n\n\n\n<div style=\"height:30px\" aria-hidden=\"true\" class=\"wp-block-spacer\"><\/div>\n\n\n\n<h2 class=\"wp-block-heading\">Horari de secretaria<\/h2>\n\n\n\n<p><strong>\u00c9s imprescindible tenir cita pr\u00e8via,&nbsp;<\/strong><a href=\"https:\/\/citapreviaioc.timetap.com\/#\/\">demaneu-la fent<strong> clic aqu\u00ed.<\/strong><\/a><\/p>\n\n\n\n<p><strong>De setembre a&nbsp;juny:&nbsp;<\/strong><\/p>\n\n\n\n<ul class=\"wp-block-list\">\n<li>Dilluns de 10h a 13h<\/li>\n\n\n\n<li>Dimarts de 16h a 19h<\/li>\n\n\n\n<li>Dimecres de 10h a 13h<\/li>\n\n\n\n<li>Dijous de 10h a 13h i de&nbsp;16h a 19h<\/li>\n\n\n\n<li>Divendres de 10h a 13h<\/li>\n<\/ul>\n\n\n\n<p><strong>Horari d&#8217;estiu fins a mitjans de juliol:<\/strong><\/p>\n\n\n\n<ul class=\"wp-block-list\">\n<li>Matins de 10h a 13h<\/li>\n<\/ul>\n\n\n\n<div style=\"height:30px\" aria-hidden=\"true\" class=\"wp-block-spacer\"><\/div>\n\n\n\n<h2 class=\"wp-block-heading\">Calendari de dies festius<\/h2>\n\n\n\n<p>El centre romandr\u00e0 tancat els dies seg\u00fcents:<\/p>\n\n\n\n<ul class=\"wp-block-list\">\n<li>Del 19 de juliol al 31 d&#8217;agost de 2025, ambd\u00f3s inclosos<strong>&nbsp;&#8211; Vacances d&#8217;estiu 2025.<\/strong><\/li>\n\n\n\n<li>11 de setembre de 2025 (dijous) &#8211;&nbsp;<strong>Diada Nacional de Catalunya.<\/strong><\/li>\n\n\n\n<li>24 de setembre de 2025 (dimecres) &#8211;&nbsp;<strong>Festa local a<\/strong>&nbsp;<strong>Barcelona.<\/strong><\/li>\n\n\n\n<li>12 d&#8217;octubre de 2025 (diumenge)<strong>&nbsp;&#8211; Diada Nacional d&#8217;Espanya.<\/strong><\/li>\n\n\n\n<li>10 d&#8217;octubre de 2025 (divendres) <strong>&#8211; Dia de lliure disposici\u00f3.&nbsp;<\/strong><\/li>\n\n\n\n<li>1 de novembre de 2025 (dissabte)<strong>&nbsp;&#8211; Tots Sants.<\/strong><\/li>\n\n\n\n<li>3 de novembre de 2025 (dilluns)<strong> &#8211;&nbsp;Dia de lliure disposici\u00f3.<\/strong><\/li>\n\n\n\n<li>6 de desembre de 2025 (dissabte) &#8211;&nbsp;<strong>Dia de la Constituci\u00f3.<\/strong><\/li>\n\n\n\n<li>8 de desembre de 2025 (dilluns)<strong>&nbsp;&#8211; Dia de la Pur\u00edssima<\/strong>.<\/li>\n\n\n\n<li>Del 20 de desembre de 2025 al 7 de gener de 2026, ambd\u00f3s inclosos<strong>&nbsp;&#8211; Vacances de Nadal.<\/strong><\/li>\n\n\n\n<li>16 de febrer de 2026 (dilluns) &#8211;&nbsp;<strong>Dia de lliure disposici\u00f3.<\/strong><\/li>\n\n\n\n<li>Del 28 de mar\u00e7 al 6 d&#8217;abril de 2026, ambd\u00f3s inclosos<strong>&nbsp;&#8211; Vacances de Setmana Santa.<\/strong><\/li>\n\n\n\n<li>30 d&#8217;abril de 2026 (dijous) &#8211;&nbsp;<strong>Dia de lliure disposici\u00f3.<\/strong><\/li>\n\n\n\n<li>1 de maig de 2026 (divendres) &#8211;&nbsp;<strong>Festa del Treball.<\/strong><\/li>\n\n\n\n<li>25 de maig de 2026 (dilluns)<strong>&nbsp;&#8211; Dia de Pasqua granada.&nbsp;Festa local a Barcelona.<\/strong><\/li>\n\n\n\n<li>24 de juny de 2026 (dimecres) &#8211;&nbsp;<strong>Sant Joan.<\/strong><\/li>\n\n\n\n<li>Del&nbsp;18 de juliol al 31 d&#8217;agost de 2026, ambd\u00f3s inclosos<strong>&nbsp;&#8211; Vacances d&#8217;estiu 2026.<\/strong><\/li>\n<\/ul>\n\n\n\n<div style=\"height:30px\" aria-hidden=\"true\" class=\"wp-block-spacer\"><\/div>\n\n\n\n<h2 class=\"wp-block-heading\">Formularis<\/h2>\n\n\n\n<p>Us presentem un recull de formularis que heu d&#8217;utilitzar per fer diferents gestions amb secretaria.<\/p>\n\n\n\n<figure class=\"wp-block-table\"><table class=\"has-fixed-layout\"><tbody><tr><th>Formularis generals<\/th><th class=\"has-text-align-center\" data-align=\"center\">No editable<\/th><th>Editable<\/th><\/tr><tr><td>1. Sol\u00b7licitud general<\/td><td class=\"has-text-align-center\" data-align=\"center\"><a href=\"https:\/\/ioc.xtec.cat\/educacio\/wp-content\/uploads\/2025\/11\/Model_I67.pdf\" data-type=\"attachment\" data-id=\"1036\"><img loading=\"lazy\" decoding=\"async\" width=\"16\" height=\"16\" class=\"wp-image-1002\" style=\"width: 16px;\" src=\"https:\/\/ioc.xtec.cat\/educacio\/wp-content\/uploads\/2025\/11\/pdf.gif\" alt=\"\"><\/a><a href=\"https:\/\/ioc.xtec.cat\/educacio\/attachments\/article\/165\/Model_I67.pdf\" target=\"_blank\" rel=\"noreferrer noopener\"><\/a><\/td><td>&nbsp;<\/td><\/tr><tr><td>2. Sol\u00b7licitud d&#8217;autoritzaci\u00f3 de matr\u00edcula a l&#8217;IOC per a menors de 18 anys i carta de comprom\u00eds educatiu de pares o tutors<\/td><td class=\"has-text-align-center\" data-align=\"center\"><a href=\"https:\/\/ioc.xtec.cat\/educacio\/wp-content\/uploads\/2025\/11\/Model_I135_Sollicitud_autoritzacio_matricula_alumnat_16_18-LOPD3.pdf\" data-type=\"attachment\" data-id=\"1035\"><img loading=\"lazy\" decoding=\"async\" width=\"16\" height=\"16\" class=\"wp-image-1002\" style=\"width: 16px;\" src=\"https:\/\/ioc.xtec.cat\/educacio\/wp-content\/uploads\/2025\/11\/pdf.gif\" alt=\"\"><\/a><a href=\"https:\/\/ioc.xtec.cat\/educacio\/attachments\/article\/165\/Model_I135_Sol\u00b7licitud_autoritzaci\u00f3_matr\u00edcula_alumnat_16_18%20LOPD3.pdf\" target=\"_blank\" rel=\"noreferrer noopener\"><\/a><\/td><td>&nbsp;<\/td><\/tr><tr><td>3. Autoritzaci\u00f3 per a la recollida del t\u00edtol acad\u00e8mic oficial<\/td><td class=\"has-text-align-center\" data-align=\"center\"><a href=\"https:\/\/ioc.xtec.cat\/educacio\/wp-content\/uploads\/2025\/11\/Model_I177_Autoritzacio-recollida-titol-IOC.pdf\" data-type=\"attachment\" data-id=\"1034\"><img loading=\"lazy\" decoding=\"async\" width=\"16\" height=\"16\" class=\"wp-image-1002\" style=\"width: 16px;\" src=\"https:\/\/ioc.xtec.cat\/educacio\/wp-content\/uploads\/2025\/11\/pdf.gif\" alt=\"\"><\/a><a href=\"https:\/\/ioc.xtec.cat\/educacio\/attachments\/article\/165\/Model_I177_Autoritzaci\u00f3 recollida t\u00edtol IOC.pdf\" target=\"_blank\" rel=\"noreferrer noopener\"><\/a><\/td><td>&nbsp;<\/td><\/tr><tr><td>4.&nbsp;Sol\u00b7licitud a canvi de nom sentit<\/td><td class=\"has-text-align-center\" data-align=\"center\"><a href=\"https:\/\/ioc.xtec.cat\/educacio\/wp-content\/uploads\/2025\/11\/Model_I188_Sollicitud_canvi_-nom_sentit.pdf\" data-type=\"attachment\" data-id=\"1033\"><img loading=\"lazy\" decoding=\"async\" width=\"16\" height=\"16\" class=\"wp-image-1002\" style=\"width: 16px;\" src=\"https:\/\/ioc.xtec.cat\/educacio\/wp-content\/uploads\/2025\/11\/pdf.gif\" alt=\"\"><\/a><a href=\"https:\/\/ioc.xtec.cat\/educacio\/attachments\/article\/165\/Model_I188_Sol\u00b7licitud_canvi_%20nom_sentit.pdf\" target=\"_blank\" rel=\"noreferrer noopener\"><\/a><\/td><td>&nbsp;<\/td><\/tr><tr><td>5.&nbsp;Model comunicaci\u00f3 menors &#8211; Nom sentit<\/td><td class=\"has-text-align-center\" data-align=\"center\"><a href=\"https:\/\/ioc.xtec.cat\/educacio\/wp-content\/uploads\/2025\/11\/Model-comunicacio-menors-Nom-sentit.pdf\" data-type=\"attachment\" data-id=\"1032\"><img loading=\"lazy\" decoding=\"async\" width=\"16\" height=\"16\" class=\"wp-image-1002\" style=\"width: 16px;\" src=\"https:\/\/ioc.xtec.cat\/educacio\/wp-content\/uploads\/2025\/11\/pdf.gif\" alt=\"\"><\/a><a href=\"https:\/\/ioc.xtec.cat\/educacio\/attachments\/article\/165\/Model comunicaci\u00f3 menors - Nom sentit.pdf\" target=\"_blank\" rel=\"noreferrer noopener\"><\/a><\/td><td>&nbsp;<\/td><\/tr><tr><td>6. Autoritzaci\u00f3 de comunicaci\u00f3 amb les fam\u00edlies d&#8217;estudiants majors d&#8217;edat<\/td><td class=\"has-text-align-center\" data-align=\"center\"><a href=\"https:\/\/ioc.xtec.cat\/educacio\/wp-content\/uploads\/2025\/11\/Model_I143_Autoritzacio-de-comunicacio-amb-les-families-destudiants-majors-dedat.pdf\" data-type=\"attachment\" data-id=\"1031\"><img loading=\"lazy\" decoding=\"async\" width=\"16\" height=\"16\" class=\"wp-image-1002\" style=\"width: 16px;\" src=\"https:\/\/ioc.xtec.cat\/educacio\/wp-content\/uploads\/2025\/11\/pdf.gif\" alt=\"\"><\/a><a href=\"https:\/\/ioc.xtec.cat\/educacio\/attachments\/article\/165\/Model_I143_Autoritzaci\u00f3%20de comunicaci\u00f3 amb les fam\u00edlies destudiants majors dedat.pdf\" target=\"_blank\" rel=\"noreferrer noopener\"><\/a><\/td><td>&nbsp;<\/td><\/tr><\/tbody><\/table><\/figure>\n\n\n\n<figure class=\"wp-block-table\"><table class=\"has-fixed-layout\"><tbody><tr><th>Formularis de formaci\u00f3 professional<\/th><th class=\"has-text-align-center\" data-align=\"center\">No editable<\/th><th>Editable<\/th><\/tr><tr><td>1. Sol\u00b7licitud de matr\u00edcula a FP sense requisits d&#8217;acc\u00e9s (cicle d&#8217;emerg\u00e8ncies sanit\u00e0ries)<\/td><td class=\"has-text-align-center\" data-align=\"center\"><a href=\"https:\/\/ioc.xtec.cat\/educacio\/wp-content\/uploads\/2025\/11\/sol_senserequisits_fp.pdf\" data-type=\"attachment\" data-id=\"1039\"><img loading=\"lazy\" decoding=\"async\" width=\"16\" height=\"16\" class=\"wp-image-1002\" style=\"width: 16px;\" src=\"https:\/\/ioc.xtec.cat\/educacio\/wp-content\/uploads\/2025\/11\/pdf.gif\" alt=\"\"><\/a><a href=\"https:\/\/ioc.xtec.cat\/educacio\/attachments\/article\/186\/sol_senserequisits_fp.pdf\" target=\"_blank\" rel=\"noreferrer noopener\"><\/a><\/td><td>&nbsp;<\/td><\/tr><\/tbody><\/table><\/figure>\n\n\n\n<figure class=\"wp-block-table\"><table class=\"has-fixed-layout\"><tbody><tr><th>Formularis d&#8217;EOI-IOC<\/th><th class=\"has-text-align-center\" data-align=\"center\">No editable<\/th><th>Editable<\/th><\/tr><tr><td>1. Formulari de sol\u00b7licitud de devoluci\u00f3 de l&#8217;import matr\u00edcula idiomes<\/td><td class=\"has-text-align-center\" data-align=\"center\"><a href=\"https:\/\/ioc.xtec.cat\/educacio\/wp-content\/uploads\/2025\/11\/devolucio_taxes_intermediavancat_idiomes.pdf\" data-type=\"attachment\" data-id=\"1038\"><img loading=\"lazy\" decoding=\"async\" width=\"16\" height=\"16\" class=\"wp-image-1002\" style=\"width: 16px;\" src=\"https:\/\/ioc.xtec.cat\/educacio\/wp-content\/uploads\/2025\/11\/pdf.gif\" alt=\"\"><\/a><a href=\"https:\/\/ioc.xtec.cat\/educacio\/attachments\/article\/186\/devolucio_taxes_intermediavancat_idiomes.pdf\" target=\"_blank\" rel=\"noreferrer noopener\"><\/a><\/td><td>&nbsp;<\/td><\/tr><tr><td>2. Sol\u00b7licitud de ren\u00fancia al curs actual EOI IOC<\/td><td class=\"has-text-align-center\" data-align=\"center\"><a href=\"https:\/\/ioc.xtec.cat\/educacio\/wp-content\/uploads\/2025\/11\/Sol_licitud_renuncia_EOI_00.pdf\" data-type=\"attachment\" data-id=\"1037\"><img loading=\"lazy\" decoding=\"async\" width=\"16\" height=\"16\" class=\"wp-image-1002\" style=\"width: 16px;\" src=\"https:\/\/ioc.xtec.cat\/educacio\/wp-content\/uploads\/2025\/11\/pdf.gif\" alt=\"\"><\/a><a href=\"https:\/\/ioc.xtec.cat\/educacio\/attachments\/article\/165\/Sol_licitud_renuncia_EOI_00.pdf\" target=\"_blank\" rel=\"noreferrer noopener\"><\/a><\/td><td>&nbsp;<\/td><\/tr><\/tbody><\/table><\/figure>\n\n\n\n<p>La versi\u00f3 editable no es troba actualment disponible.&nbsp;<\/p>\n","protected":false},"excerpt":{"rendered":"<p>La secretaria de l\u2019IOC nom\u00e9s rep o lliura documentaci\u00f3 acad\u00e8mica del centre.&nbsp;No ofereix informaci\u00f3 pedag\u00f2gica dels diferents estudis, ja que [&hellip;]<\/p>\n","protected":false},"author":2,"featured_media":0,"parent":636,"menu_order":0,"comment_status":"closed","ping_status":"closed","template":"","meta":{"_acf_changed":false,"_uag_custom_page_level_css":"","site-sidebar-layout":"right-sidebar","site-content-layout":"","ast-site-content-layout":"normal-width-container","site-content-style":"default","site-sidebar-style":"default","ast-global-header-display":"","ast-banner-title-visibility":"","ast-main-header-display":"","ast-hfb-above-header-display":"","ast-hfb-below-header-display":"","ast-hfb-mobile-header-display":"","site-post-title":"","ast-breadcrumbs-content":"","ast-featured-img":"","footer-sml-layout":"","theme-transparent-header-meta":"","adv-header-id-meta":"","stick-header-meta":"","header-above-stick-meta":"","header-main-stick-meta":"","header-below-stick-meta":"","astra-migrate-meta-layouts":"default","ast-page-background-enabled":"default","ast-page-background-meta":{"desktop":{"background-color":"var(--ast-global-color-5)","background-image":"","background-repeat":"repeat","background-position":"center center","background-size":"auto","background-attachment":"scroll","background-type":"","background-media":"","overlay-type":"","overlay-color":"","overlay-opacity":"","overlay-gradient":""},"tablet":{"background-color":"","background-image":"","background-repeat":"repeat","background-position":"center center","background-size":"auto","background-attachment":"scroll","background-type":"","background-media":"","overlay-type":"","overlay-color":"","overlay-opacity":"","overlay-gradient":""},"mobile":{"background-color":"","background-image":"","background-repeat":"repeat","background-position":"center center","background-size":"auto","background-attachment":"scroll","background-type":"","background-media":"","overlay-type":"","overlay-color":"","overlay-opacity":"","overlay-gradient":""}},"ast-content-background-meta":{"desktop":{"background-color":"var(--ast-global-color-4)","background-image":"","background-repeat":"repeat","background-position":"center center","background-size":"auto","background-attachment":"scroll","background-type":"","background-media":"","overlay-type":"","overlay-color":"","overlay-opacity":"","overlay-gradient":""},"tablet":{"background-color":"var(--ast-global-color-4)","background-image":"","background-repeat":"repeat","background-position":"center center","background-size":"auto","background-attachment":"scroll","background-type":"","background-media":"","overlay-type":"","overlay-color":"","overlay-opacity":"","overlay-gradient":""},"mobile":{"background-color":"var(--ast-global-color-4)","background-image":"","background-repeat":"repeat","background-position":"center center","background-size":"auto","background-attachment":"scroll","background-type":"","background-media":"","overlay-type":"","overlay-color":"","overlay-opacity":"","overlay-gradient":""}},"footnotes":""},"class_list":["post-90","page","type-page","status-publish","hentry"],"acf":[],"uagb_featured_image_src":{"full":false,"thumbnail":false,"medium":false,"medium_large":false,"large":false,"1536x1536":false,"2048x2048":false},"uagb_author_info":{"display_name":"admin_design","author_link":"https:\/\/ioc.xtec.cat\/educacio\/author\/admin_design\/"},"uagb_comment_info":0,"uagb_excerpt":"La secretaria de l\u2019IOC nom\u00e9s rep o lliura documentaci\u00f3 acad\u00e8mica del centre.&nbsp;No ofereix informaci\u00f3 pedag\u00f2gica dels diferents estudis, ja que [&hellip;]","_links":{"self":[{"href":"https:\/\/ioc.xtec.cat\/educacio\/wp-json\/wp\/v2\/pages\/90","targetHints":{"allow":["GET"]}}],"collection":[{"href":"https:\/\/ioc.xtec.cat\/educacio\/wp-json\/wp\/v2\/pages"}],"about":[{"href":"https:\/\/ioc.xtec.cat\/educacio\/wp-json\/wp\/v2\/types\/page"}],"author":[{"embeddable":true,"href":"https:\/\/ioc.xtec.cat\/educacio\/wp-json\/wp\/v2\/users\/2"}],"replies":[{"embeddable":true,"href":"https:\/\/ioc.xtec.cat\/educacio\/wp-json\/wp\/v2\/comments?post=90"}],"version-history":[{"count":7,"href":"https:\/\/ioc.xtec.cat\/educacio\/wp-json\/wp\/v2\/pages\/90\/revisions"}],"predecessor-version":[{"id":1040,"href":"https:\/\/ioc.xtec.cat\/educacio\/wp-json\/wp\/v2\/pages\/90\/revisions\/1040"}],"up":[{"embeddable":true,"href":"https:\/\/ioc.xtec.cat\/educacio\/wp-json\/wp\/v2\/pages\/636"}],"wp:attachment":[{"href":"https:\/\/ioc.xtec.cat\/educacio\/wp-json\/wp\/v2\/media?parent=90"}],"curies":[{"name":"wp","href":"https:\/\/api.w.org\/{rel}","templated":true}]}}