{"id":761,"date":"2025-11-04T12:44:38","date_gmt":"2025-11-04T12:44:38","guid":{"rendered":"https:\/\/ioc.xtec.cat\/educacio\/?page_id=761"},"modified":"2025-12-02T09:08:20","modified_gmt":"2025-12-02T08:08:20","slug":"documentacio","status":"publish","type":"page","link":"https:\/\/ioc.xtec.cat\/educacio\/lioc\/documentacio\/","title":{"rendered":"Documentaci\u00f3 i contractacions"},"content":{"rendered":"\n<h3 class=\"wp-block-heading\">Documentaci\u00f3<\/h3>\n\n\n\n<p>Els principals documents que regeixen l&#8217;activitat de l&#8217;IOC s\u00f3n aquests:<\/p>\n\n\n\n<figure class=\"wp-block-table is-style-stripes\"><table class=\"has-fixed-layout\"><thead><tr><th class=\"has-text-align-left\" data-align=\"left\">Documents<\/th><\/tr><\/thead><tbody><tr><td class=\"has-text-align-left\" data-align=\"left\"><a href=\"https:\/\/ioc.xtec.cat\/educacio\/wp-content\/uploads\/2025\/11\/PGA-2526.pdf\">Programaci\u00f3 general anual &#8211; curs 24-25&nbsp;<\/a><a href=\"https:\/\/ioc.xtec.cat\/educacio\/attachments\/article\/201\/PGA%202425.pdf\" target=\"_blank\" rel=\"noreferrer noopener\"><\/a><\/td><\/tr><tr><td class=\"has-text-align-left\" data-align=\"left\"><a href=\"https:\/\/ioc.xtec.cat\/educacio\/wp-content\/uploads\/2025\/11\/nofc_v22.pdf\" data-type=\"attachment\" data-id=\"988\">Normes d&#8217;organitzaci\u00f3 i funcionament del centre&nbsp;<\/a><a href=\"https:\/\/ioc.xtec.cat\/educacio\/attachments\/article\/201\/nofc_v22.pdf\" target=\"_blank\" rel=\"noreferrer noopener\"><\/a><\/td><\/tr><tr><td class=\"has-text-align-left\" data-align=\"left\"><a href=\"https:\/\/ioc.xtec.cat\/educacio\/wp-content\/uploads\/2025\/11\/PEC.pdf-1.pdf\" data-type=\"attachment\" data-id=\"989\">Projecte educatiu de centre&nbsp;<\/a><a href=\"https:\/\/drive.google.com\/file\/d\/1B6EiLdokr0PLS1agP1QldgM7tSvxlqse\/view?usp=drive_link\" target=\"_blank\" rel=\"noreferrer noopener\"><\/a><\/td><\/tr><tr><td class=\"has-text-align-left\" data-align=\"left\">Concrecions curriculars: <br><a href=\"https:\/\/ioc.xtec.cat\/educacio\/wp-content\/uploads\/2025\/11\/CCC_BATX_v06-signat-1.pdf\" data-type=\"attachment\" data-id=\"991\">Batxillerat<br><\/a><a href=\"https:\/\/ioc.xtec.cat\/educacio\/wp-content\/uploads\/2025\/11\/CCC_FP_LOGSE_V12.pdf\" data-type=\"attachment\" data-id=\"993\">FP cicles LOGSE<br><\/a><a href=\"https:\/\/ioc.xtec.cat\/educacio\/wp-content\/uploads\/2025\/11\/CCC_FP_LOE_V9.pdf\" data-type=\"attachment\" data-id=\"992\">FP cicles LOE<br><\/a>GES<br><a href=\"https:\/\/ioc.xtec.cat\/educacio\/wp-content\/uploads\/2025\/11\/CCC_PACFGS_v00-signat.pdf\" data-type=\"attachment\" data-id=\"994\">PACFGS<\/a><a href=\"https:\/\/drive.google.com\/file\/d\/1Bv6Sgke3pEdi-vWzP4GnEXj8_gcOxy3U\/view?usp=drive_link\" target=\"_blank\" rel=\"noreferrer noopener\"><\/a><\/td><\/tr><tr><td class=\"has-text-align-left\" data-align=\"left\"><a href=\"https:\/\/ioc.xtec.cat\/educacio\/wp-content\/uploads\/2025\/11\/Carta_de_compromis_amb_el_Campus_IOC.pdf\" data-type=\"attachment\" data-id=\"995\">Carta de comprom\u00eds amb el Campus IOC<\/a><a href=\"https:\/\/ioc.xtec.cat\/educacio\/attachments\/article\/201\/Carta_de_compromis_amb_el_Campus_IOC.pdf\"><\/a><\/td><\/tr><tr><td class=\"has-text-align-left\" data-align=\"left\"><a href=\"https:\/\/ioc.xtec.cat\/educacio\/wp-content\/uploads\/2025\/11\/Politica_qualitat_PENJAR-AL-WEB.pdf\" data-type=\"attachment\" data-id=\"996\">Pol\u00edtica de qualitat<\/a><a href=\"https:\/\/ioc.xtec.cat\/educacio\/attachments\/article\/201\/Politica_qualitat_PENJAR%20AL%20WEB.pdf\"><\/a><\/td><\/tr><tr><td class=\"has-text-align-left\" data-align=\"left\"><a href=\"https:\/\/ioc.xtec.cat\/educacio\/wp-content\/uploads\/2025\/11\/PLC_IOC_v4.pdf\" data-type=\"attachment\" data-id=\"998\">Projecte ling\u00fc\u00edstic de centre&nbsp;<\/a><a href=\"https:\/\/ioc.xtec.cat\/educacio\/attachments\/article\/201\/PLC_IOC_v4.pdf\" target=\"_blank\" rel=\"noreferrer noopener\"><\/a><\/td><\/tr><tr><td class=\"has-text-align-left\" data-align=\"left\"><a href=\"https:\/\/ioc.xtec.cat\/educacio\/wp-content\/uploads\/2025\/11\/Projecte_de_convivencia.pdf\" data-type=\"attachment\" data-id=\"999\">Projecte de conviv\u00e8ncia<\/a><\/td><\/tr><tr><td class=\"has-text-align-left\" data-align=\"left\"><a href=\"https:\/\/ioc.xtec.cat\/educacio\/wp-content\/uploads\/2025\/11\/Document_marc_de_la_innovacio.pdf\" data-type=\"attachment\" data-id=\"997\">Document marc de la innovaci\u00f3 a l&#8217;IOC<\/a><a href=\"https:\/\/drive.google.com\/file\/d\/1PDdUssVrG0vnebfWXe62E6svIyMAhhkw\/view?usp=drive_link\" target=\"_blank\" rel=\"noreferrer noopener\"><\/a><\/td><\/tr><\/tbody><\/table><\/figure>\n\n\n\n<h3 class=\"wp-block-heading\">Contractacions<\/h3>\n\n\n\n<div style=\"height:30px\" aria-hidden=\"true\" class=\"wp-block-spacer\"><\/div>\n\n\n\n<h4 class=\"wp-block-heading\">Licitaci\u00f3 d&#8217;un contracte de subministrament de llic\u00e8ncies de materials docents adaptats a la formaci\u00f3 a dist\u00e0ncia (exp.1\/2018)<\/h4>\n\n\n\n<ul class=\"wp-block-list\">\n<li><a href=\"https:\/\/ioc.xtec.cat\/educacio\/attachments\/article\/782\/anunci_dog_1663429.pdf\">Anunci de licitaci\u00f3 DOGC 7573 del 07\/03\/2018<\/a><\/li>\n\n\n\n<li><a href=\"https:\/\/ioc.xtec.cat\/educacio\/attachments\/article\/782\/2018_LLIC_PPT.pdf\">Plec de prescripcions t\u00e8cniques<\/a><\/li>\n\n\n\n<li><a href=\"https:\/\/ioc.xtec.cat\/educacio\/attachments\/article\/782\/2018_LLIC_PCA.pdf\">Plec de cl\u00e0usules administratives<\/a><\/li>\n\n\n\n<li><a href=\"https:\/\/ioc.xtec.cat\/educacio\/attachments\/article\/187\/2017_LLIC_Correcci\u00f3 error material.pdf\">Revisi\u00f3 error material del plec de cl\u00e0usules<\/a><\/li>\n<\/ul>\n\n\n\n<div style=\"height:30px\" aria-hidden=\"true\" class=\"wp-block-spacer\"><\/div>\n\n\n\n<h4 class=\"wp-block-heading\">Licitacions anteriors<\/h4>\n\n\n\n<ul class=\"wp-block-list\">\n<li><a href=\"https:\/\/ioc.xtec.cat\/educacio\/lioc\/documentacio#neteja\">Licitaci\u00f3 Servei de Neteja 2017<\/a><\/li>\n\n\n\n<li><a href=\"https:\/\/ioc.xtec.cat\/educacio\/lioc\/documentacio#digit\">Licitaci\u00f3 d&#8217;un contracte de digitalitzaci\u00f3 de proves finals<\/a><\/li>\n<\/ul>\n\n\n\n<div style=\"height:30px\" aria-hidden=\"true\" class=\"wp-block-spacer\"><\/div>\n\n\n\n<h4 class=\"wp-block-heading\" id=\"neteja\"><strong><a><\/a>Informaci\u00f3 licitaci\u00f3 Servei de Neteja 2017:<\/strong><\/h4>\n\n\n\n<p>Data de publicaci\u00f3: 10\/06\/2016 a les 23,55 h<\/p>\n\n\n\n<ul class=\"wp-block-list\">\n<li>Anunci de licitaci\u00f3 <a href=\"https:\/\/ioc.xtec.cat\/educacio\/wp-content\/uploads\/2025\/11\/2017_NET_anunci-DOGC.pdf\" data-type=\"attachment\" data-id=\"1003\"><img loading=\"lazy\" decoding=\"async\" width=\"16\" height=\"16\" class=\"wp-image-1002\" style=\"width: 16px;\" src=\"https:\/\/ioc.xtec.cat\/educacio\/wp-content\/uploads\/2025\/11\/pdf.gif\" alt=\"\"><\/a><a href=\"https:\/\/ioc.xtec.cat\/educacio\/attachments\/article\/187\/2017_NET_anunci%20DOGC.pdf\"><\/a><\/li>\n\n\n\n<li>Plec de prescripcions t\u00e8cniques<a href=\"https:\/\/ioc.xtec.cat\/educacio\/wp-content\/uploads\/2025\/11\/2017_NETEGES_IOC_PPT-1.pdf\" data-type=\"attachment\" data-id=\"1004\"> <img loading=\"lazy\" decoding=\"async\" width=\"16\" height=\"16\" class=\"wp-image-1002\" style=\"width: 16px;\" src=\"https:\/\/ioc.xtec.cat\/educacio\/wp-content\/uploads\/2025\/11\/pdf.gif\" alt=\"\"><\/a><a href=\"https:\/\/ioc.xtec.cat\/educacio\/attachments\/article\/187\/2017_NETEGES_IOC_PPT-1.pdf\"><\/a><\/li>\n\n\n\n<li>Plec de cl\u00e0usules administratives <a href=\"https:\/\/ioc.xtec.cat\/educacio\/wp-content\/uploads\/2025\/11\/2017_NETEGES_IOC_PCA.pdf\" data-type=\"attachment\" data-id=\"1010\"><img loading=\"lazy\" decoding=\"async\" width=\"16\" height=\"16\" class=\"wp-image-1002\" style=\"width: 16px;\" src=\"https:\/\/ioc.xtec.cat\/educacio\/wp-content\/uploads\/2025\/11\/pdf.gif\" alt=\"\"><\/a><a href=\"https:\/\/ioc.xtec.cat\/educacio\/attachments\/article\/187\/2017_NETEGES_IOC_PCA.pdf\"><\/a><\/li>\n\n\n\n<li>Resoluci\u00f3 d&#8217;un error del plec de cl\u00e0usules administratives <a href=\"https:\/\/ioc.xtec.cat\/educacio\/wp-content\/uploads\/2025\/11\/2017_NET_Revisio-error-material.pdf\" data-type=\"attachment\" data-id=\"1009\"><img loading=\"lazy\" decoding=\"async\" width=\"16\" height=\"16\" class=\"wp-image-1002\" style=\"width: 16px;\" src=\"https:\/\/ioc.xtec.cat\/educacio\/wp-content\/uploads\/2025\/11\/pdf.gif\" alt=\"\"><\/a><a href=\"https:\/\/ioc.xtec.cat\/educacio\/attachments\/article\/187\/2017_NET_Revisi%C3%B3%20error%20material.pdf\"><\/a><\/li>\n\n\n\n<li>Anunci obertura p\u00fablica del sobre C <a href=\"https:\/\/ioc.xtec.cat\/educacio\/wp-content\/uploads\/2025\/11\/2017_NET_anunci-DOGC-1.pdf\" data-type=\"attachment\" data-id=\"1006\"><img loading=\"lazy\" decoding=\"async\" width=\"16\" height=\"16\" class=\"wp-image-1002\" style=\"width: 16px;\" src=\"https:\/\/ioc.xtec.cat\/educacio\/wp-content\/uploads\/2025\/11\/pdf.gif\" alt=\"\"><\/a><a href=\"https:\/\/ioc.xtec.cat\/educacio\/attachments\/article\/187\/2017_NET_anunci_obertura%20sobre%20C-1.pdf\"><\/a><\/li>\n\n\n\n<li>Informe t\u00e8cnic <a href=\"https:\/\/ioc.xtec.cat\/educacio\/wp-content\/uploads\/2025\/11\/2017_NET_informe-tecnic.pdf\" data-type=\"attachment\" data-id=\"1008\"><img loading=\"lazy\" decoding=\"async\" width=\"16\" height=\"16\" class=\"wp-image-1002\" style=\"width: 16px;\" src=\"https:\/\/ioc.xtec.cat\/educacio\/wp-content\/uploads\/2025\/11\/pdf.gif\" alt=\"\"><\/a><a href=\"https:\/\/ioc.xtec.cat\/educacio\/attachments\/article\/187\/2017_NET_informe%20t%C3%A8cnic.pdf\"><\/a><\/li>\n\n\n\n<li>Resoluci\u00f3 d&#8217;adjudicaci\u00f3 <a href=\"https:\/\/ioc.xtec.cat\/educacio\/wp-content\/uploads\/2025\/11\/2017_NET_adjudicacio.pdf\" data-type=\"attachment\" data-id=\"1005\"><img loading=\"lazy\" decoding=\"async\" width=\"16\" height=\"16\" class=\"wp-image-1002\" style=\"width: 16px;\" src=\"https:\/\/ioc.xtec.cat\/educacio\/wp-content\/uploads\/2025\/11\/pdf.gif\" alt=\"\"><\/a><a href=\"https:\/\/ioc.xtec.cat\/educacio\/attachments\/article\/187\/2017_NET_adjudicaci%C3%B3.pdf\"><\/a><\/li>\n<\/ul>\n\n\n\n<div style=\"height:30px\" aria-hidden=\"true\" class=\"wp-block-spacer\"><\/div>\n\n\n\n<h4 class=\"wp-block-heading\" id=\"digit\"><strong><a><\/a>Informaci\u00f3 licitaci\u00f3 d&#8217;un contracte de digitalitzaci\u00f3 de proves finals:<\/strong><\/h4>\n\n\n\n<p>Data de publicaci\u00f3: 11\/06\/2016 a les 00,10 h<\/p>\n\n\n\n<ul class=\"wp-block-list\">\n<li>Anunci de licitaci\u00f3 <a href=\"https:\/\/ioc.xtec.cat\/educacio\/wp-content\/uploads\/2025\/11\/2017_NET_anunci_obertura-sobre-C-1-1.pdf\" data-type=\"attachment\" data-id=\"1019\"><img loading=\"lazy\" decoding=\"async\" width=\"16\" height=\"16\" class=\"wp-image-1002\" style=\"width: 16px;\" src=\"https:\/\/ioc.xtec.cat\/educacio\/wp-content\/uploads\/2025\/11\/pdf.gif\" alt=\"\"><\/a><a href=\"https:\/\/ioc.xtec.cat\/educacio\/attachments\/article\/187\/2017_DIG_anunci%20DOGC%20%281%29-2.pdf\"><\/a><\/li>\n\n\n\n<li>Plec de prescripcions t\u00e8cniques <a href=\"https:\/\/ioc.xtec.cat\/educacio\/wp-content\/uploads\/2025\/11\/2017_DIGITALIZACIO-IOC_PPT.pdf\" data-type=\"attachment\" data-id=\"1018\"><img loading=\"lazy\" decoding=\"async\" width=\"16\" height=\"16\" class=\"wp-image-1002\" style=\"width: 16px;\" src=\"https:\/\/ioc.xtec.cat\/educacio\/wp-content\/uploads\/2025\/11\/pdf.gif\" alt=\"\"><\/a><a href=\"https:\/\/ioc.xtec.cat\/educacio\/attachments\/article\/187\/2017_DIGITALIZACI%C3%93%20IOC_PPT.pdf\"><\/a><\/li>\n\n\n\n<li>Plec de cl\u00e0usules administratives <a href=\"https:\/\/ioc.xtec.cat\/educacio\/wp-content\/uploads\/2025\/11\/2017_DIGITALIZACIO-IOC_PCA.pdf\" data-type=\"attachment\" data-id=\"1017\"><img loading=\"lazy\" decoding=\"async\" width=\"16\" height=\"16\" class=\"wp-image-1002\" style=\"width: 16px;\" src=\"https:\/\/ioc.xtec.cat\/educacio\/wp-content\/uploads\/2025\/11\/pdf.gif\" alt=\"\"><\/a><a href=\"https:\/\/ioc.xtec.cat\/educacio\/attachments\/article\/187\/2017_DIGITALIZACI%C3%93%20IOC_PCA.pdf\"><\/a><\/li>\n\n\n\n<li>Anunci obertura p\u00fablica del sobre C <a href=\"https:\/\/ioc.xtec.cat\/educacio\/wp-content\/uploads\/2025\/11\/2017_DIG_anunci_obertura-sobre-C.pdf\" data-type=\"attachment\" data-id=\"1016\"><img loading=\"lazy\" decoding=\"async\" width=\"16\" height=\"16\" class=\"wp-image-1002\" style=\"width: 16px;\" src=\"https:\/\/ioc.xtec.cat\/educacio\/wp-content\/uploads\/2025\/11\/pdf.gif\" alt=\"\"><\/a><a href=\"https:\/\/ioc.xtec.cat\/educacio\/attachments\/article\/187\/2017_DIG_anunci_obertura%20sobre%20C.pdf\"><\/a><\/li>\n\n\n\n<li>Informe t\u00e8cnic <a href=\"https:\/\/ioc.xtec.cat\/educacio\/wp-content\/uploads\/2025\/11\/2017_DIG_Informe-tecnic.pdf\" data-type=\"attachment\" data-id=\"1015\"><img loading=\"lazy\" decoding=\"async\" width=\"16\" height=\"16\" class=\"wp-image-1002\" style=\"width: 16px;\" src=\"https:\/\/ioc.xtec.cat\/educacio\/wp-content\/uploads\/2025\/11\/pdf.gif\" alt=\"\"><\/a><a href=\"https:\/\/ioc.xtec.cat\/educacio\/attachments\/article\/187\/2017_DIG_Informe%20t%C3%A8cnic.pdf\"><\/a><\/li>\n\n\n\n<li>Resoluci\u00f3 d&#8217;adjudicaci\u00f3 <a href=\"https:\/\/ioc.xtec.cat\/educacio\/wp-content\/uploads\/2025\/11\/2017_DIG_adjudicacio.pdf\" data-type=\"attachment\" data-id=\"1014\"><img loading=\"lazy\" decoding=\"async\" width=\"16\" height=\"16\" class=\"wp-image-1002\" style=\"width: 16px;\" src=\"https:\/\/ioc.xtec.cat\/educacio\/wp-content\/uploads\/2025\/11\/pdf.gif\" alt=\"\"><\/a><a href=\"https:\/\/ioc.xtec.cat\/educacio\/attachments\/article\/187\/2017_DIG_adjudicaci%C3%B3.pdf\"><\/a><\/li>\n<\/ul>\n\n\n\n<p><a href=\"https:\/\/ioc.xtec.cat\/educacio\/attachments\/article\/187\/DIG_DUBTES PPT.pdf\">Aclariments a dubtes del PPT digitalitzaci\u00f3<\/a> (<a href=\"https:\/\/ioc.xtec.cat\/educacio\/attachments\/article\/187\/15S2P2F_DAM_M07B0-118763.pdf\">Exemple prova<\/a>, <a href=\"https:\/\/ioc.xtec.cat\/educacio\/attachments\/article\/187\/llistes_presentats_paf2.pdf\">Exemple llista assist\u00e8ncia<\/a>)<\/p>\n\n\n\n<div style=\"height:30px\" aria-hidden=\"true\" class=\"wp-block-spacer\"><\/div>\n\n\n\n<h4 class=\"wp-block-heading\">Transpar\u00e8ncia<\/h4>\n\n\n\n<p>La transpar\u00e8ncia dins de l&#8217;Administraci\u00f3 p\u00fablica implica que l&#8217;organitzaci\u00f3 s&#8217;obri i funcioni d&#8217;una forma proactiva, i doni a con\u00e8ixer diferents tipus d&#8217;informaci\u00f3, com dades i documents dels quals disposa en diferents formats i de manera visible, accessible i comprensible per la ciutadania.<\/p>\n\n\n\n<p>Aquest instrument esdev\u00e9 imprescindible per afavorir l&#8217;enfortiment del sistema democr\u00e0tic i, en conseq\u00fc\u00e8ncia, millorar la confian\u00e7a de la ciutadania respecte a les institucions p\u00fabliques.<\/p>\n\n\n\n<p>La transpar\u00e8ncia compr\u00e8n tres eixos: la publicitat activa d&#8217;informaci\u00f3, el dret d&#8217;acc\u00e9s a la informaci\u00f3 p\u00fablica i la publicaci\u00f3 d&#8217;informaci\u00f3 en dades obertes.<\/p>\n\n\n\n<p>L&#8217;Institut Obert de Catalunya (IOC) \u00e9s l&#8217;\u00fanic centre que imparteix la totalitat dels seus ensenyaments en modalitat a dist\u00e0ncia.<\/p>\n\n\n\n<p>Des d&#8217;aqu\u00ed podeu consultar les dades estad\u00edstiques de l&#8217;alumnat dels ensenyaments a dist\u00e0ncia que publica el Departament d&#8217;Educaci\u00f3 durant el curs 2018-2019 en els formats XLS i CSV. Les dades es detallen per semestre (si s&#8217;escau), ensenyament, sexe, edat i zona d&#8217;origen de l&#8217;alumnat.<\/p>\n\n\n\n<p><a href=\"http:\/\/ensenyament.gencat.cat\/ca\/departament\/estadistiques\/estadistiques-ensenyament\/visualitzacio\/\" target=\"_blank\" rel=\"noreferrer noopener\">VEURE LES DADES (feu clic a DIST\u00c0NCIA)<\/a><\/p>\n","protected":false},"excerpt":{"rendered":"<p>Documentaci\u00f3 Els principals documents que regeixen l&#8217;activitat de l&#8217;IOC s\u00f3n aquests: Documents Programaci\u00f3 general anual &#8211; curs 24-25&nbsp; Normes d&#8217;organitzaci\u00f3 [&hellip;]<\/p>\n","protected":false},"author":2,"featured_media":0,"parent":636,"menu_order":0,"comment_status":"closed","ping_status":"closed","template":"","meta":{"_acf_changed":false,"_uag_custom_page_level_css":"","site-sidebar-layout":"right-sidebar","site-content-layout":"","ast-site-content-layout":"normal-width-container","site-content-style":"default","site-sidebar-style":"default","ast-global-header-display":"","ast-banner-title-visibility":"","ast-main-header-display":"","ast-hfb-above-header-display":"","ast-hfb-below-header-display":"","ast-hfb-mobile-header-display":"","site-post-title":"","ast-breadcrumbs-content":"","ast-featured-img":"","footer-sml-layout":"","theme-transparent-header-meta":"","adv-header-id-meta":"","stick-header-meta":"","header-above-stick-meta":"","header-main-stick-meta":"","header-below-stick-meta":"","astra-migrate-meta-layouts":"default","ast-page-background-enabled":"default","ast-page-background-meta":{"desktop":{"background-color":"var(--ast-global-color-5)","background-image":"","background-repeat":"repeat","background-position":"center center","background-size":"auto","background-attachment":"scroll","background-type":"","background-media":"","overlay-type":"","overlay-color":"","overlay-opacity":"","overlay-gradient":""},"tablet":{"background-color":"","background-image":"","background-repeat":"repeat","background-position":"center center","background-size":"auto","background-attachment":"scroll","background-type":"","background-media":"","overlay-type":"","overlay-color":"","overlay-opacity":"","overlay-gradient":""},"mobile":{"background-color":"","background-image":"","background-repeat":"repeat","background-position":"center center","background-size":"auto","background-attachment":"scroll","background-type":"","background-media":"","overlay-type":"","overlay-color":"","overlay-opacity":"","overlay-gradient":""}},"ast-content-background-meta":{"desktop":{"background-color":"var(--ast-global-color-4)","background-image":"","background-repeat":"repeat","background-position":"center center","background-size":"auto","background-attachment":"scroll","background-type":"","background-media":"","overlay-type":"","overlay-color":"","overlay-opacity":"","overlay-gradient":""},"tablet":{"background-color":"var(--ast-global-color-4)","background-image":"","background-repeat":"repeat","background-position":"center center","background-size":"auto","background-attachment":"scroll","background-type":"","background-media":"","overlay-type":"","overlay-color":"","overlay-opacity":"","overlay-gradient":""},"mobile":{"background-color":"var(--ast-global-color-4)","background-image":"","background-repeat":"repeat","background-position":"center center","background-size":"auto","background-attachment":"scroll","background-type":"","background-media":"","overlay-type":"","overlay-color":"","overlay-opacity":"","overlay-gradient":""}},"footnotes":""},"class_list":["post-761","page","type-page","status-publish","hentry"],"acf":[],"uagb_featured_image_src":{"full":false,"thumbnail":false,"medium":false,"medium_large":false,"large":false,"1536x1536":false,"2048x2048":false},"uagb_author_info":{"display_name":"admin_design","author_link":"https:\/\/ioc.xtec.cat\/educacio\/author\/admin_design\/"},"uagb_comment_info":0,"uagb_excerpt":"Documentaci\u00f3 Els principals documents que regeixen l&#8217;activitat de l&#8217;IOC s\u00f3n aquests: Documents Programaci\u00f3 general anual &#8211; curs 24-25&nbsp; Normes d&#8217;organitzaci\u00f3 [&hellip;]","_links":{"self":[{"href":"https:\/\/ioc.xtec.cat\/educacio\/wp-json\/wp\/v2\/pages\/761","targetHints":{"allow":["GET"]}}],"collection":[{"href":"https:\/\/ioc.xtec.cat\/educacio\/wp-json\/wp\/v2\/pages"}],"about":[{"href":"https:\/\/ioc.xtec.cat\/educacio\/wp-json\/wp\/v2\/types\/page"}],"author":[{"embeddable":true,"href":"https:\/\/ioc.xtec.cat\/educacio\/wp-json\/wp\/v2\/users\/2"}],"replies":[{"embeddable":true,"href":"https:\/\/ioc.xtec.cat\/educacio\/wp-json\/wp\/v2\/comments?post=761"}],"version-history":[{"count":16,"href":"https:\/\/ioc.xtec.cat\/educacio\/wp-json\/wp\/v2\/pages\/761\/revisions"}],"predecessor-version":[{"id":1086,"href":"https:\/\/ioc.xtec.cat\/educacio\/wp-json\/wp\/v2\/pages\/761\/revisions\/1086"}],"up":[{"embeddable":true,"href":"https:\/\/ioc.xtec.cat\/educacio\/wp-json\/wp\/v2\/pages\/636"}],"wp:attachment":[{"href":"https:\/\/ioc.xtec.cat\/educacio\/wp-json\/wp\/v2\/media?parent=761"}],"curies":[{"name":"wp","href":"https:\/\/api.w.org\/{rel}","templated":true}]}}