{"id":7413,"date":"2026-03-19T16:15:33","date_gmt":"2026-03-19T15:15:33","guid":{"rendered":"https:\/\/ioc.xtec.cat\/educacio\/?page_id=7413"},"modified":"2026-03-19T16:29:12","modified_gmt":"2026-03-19T15:29:12","slug":"assessorament-i-reconeixement-academic","status":"publish","type":"page","link":"https:\/\/ioc.xtec.cat\/educacio\/assessorament-i-reconeixement-academic\/","title":{"rendered":"Assessorament i reconeixement acad\u00e8mic"},"content":{"rendered":"\n<p>L&#8217;IOC ofereix 15 places d&#8217;assessorament i reconeixement per a la fam\u00edlia d&#8217;<strong>Instal\u00b7laci\u00f3 i manteniment<\/strong>. Concretament pel<strong>&nbsp;cicle formatiu de grau superior de&nbsp;<a href=\"https:\/\/ioc.xtec.cat\/educacio\/grups-moduls\/prevencio-de-riscos-professionals\/\" target=\"_blank\" rel=\"noreferrer noopener\">Prevenci\u00f3 de riscos professionals.<\/a><\/strong><\/p>\n\n\n\n<p><strong><a href=\"https:\/\/ioc.xtec.cat\/educacio\/legacy\/attachments\/article\/673\/Carta_compromis_Servei_ASS_REC_PRP_v2.pdf\">Carta de comprom\u00eds<\/a><\/strong><\/p>\n\n\n\n<p>Per a m\u00e9s informaci\u00f3 podeu escriure a&nbsp;<a href=\"mailto:assessorament.prp@ioc.cat\">assessorament@ioc.cat<\/a>&nbsp;<\/p>\n\n\n\n<p>&nbsp;<strong>Llistats publicats segons el calendari del curs:<\/strong><\/p>\n\n\n\n<ul class=\"wp-block-list\">\n<li><strong><a href=\"https:\/\/ioc.xtec.cat\/educacio\/legacy\/attachments\/article\/673\/Llistat_Admesos_serveiAR_2425S1%20(provisional)V3.pdf\" target=\"_blank\" rel=\"noreferrer noopener\">Llistat provisional de persones admeses<\/a><\/strong>&nbsp;al servei&nbsp;<strong>AR&nbsp;Assessorament<\/strong>&nbsp;del curs 2024\/25.&nbsp;<strong>Publicat: 22\/10\/2024.<\/strong><\/li>\n<\/ul>\n\n\n\n<p><strong>Reclamacions<\/strong>&nbsp;(del 22 al 25 d\u2019octubre de 2024, ambd\u00f3s inclosos). Enviar correu a assessorament@ioc.cat exposant la reclamaci\u00f3 amb els motius pertinents i adjuntant les evid\u00e8ncies documentals adients.<\/p>\n\n\n\n<ul class=\"wp-block-list\">\n<li><strong>Llistat definitiu de persones admeses&nbsp;<\/strong>al servei&nbsp;<strong>AR Assessorament<\/strong>&nbsp;del curs 2024\/25. A publicar 29\/10\/2024.<\/li>\n\n\n\n<li><strong><a href=\"https:\/\/ioc.xtec.cat\/educacio\/legacy\/attachments\/article\/673\/Llistat_Admesos_serveiAR_2425S1_definitiu%20(1).pdf\" target=\"_blank\" rel=\"noreferrer noopener\">Llistat definitiu de persones admeses<\/a>&nbsp;<\/strong>al servei&nbsp;<strong>AR Assessorament<\/strong>&nbsp;del curs 2024\/25 un cop fet el pagament<strong>. Publicat:<\/strong>&nbsp;<strong>11\/11\/2024.<\/strong><\/li>\n<\/ul>\n\n\n\n<ul class=\"wp-block-list\">\n<li><strong><a href=\"https:\/\/ioc.xtec.cat\/educacio\/legacy\/attachments\/article\/673\/Llistat_admesos_Reconeixement_2425S2_provisional.pdf\" target=\"_blank\" rel=\"noreferrer noopener\">Llistat provisional de persones admeses<\/a>&nbsp;<\/strong>al servei AR&nbsp;<strong>Reconeixement<\/strong>&nbsp;del curs 2024\/25.&nbsp;<strong>Publicat: 05\/03\/2025.<\/strong><\/li>\n\n\n\n<li><strong><a href=\"https:\/\/ioc.xtec.cat\/educacio\/legacy\/attachments\/article\/673\/Llistat_admesos_Reconeixement_2425S2_definitiu.pdf\" target=\"_blank\" rel=\"noreferrer noopener\">Llistat definitiu de persones admeses<\/a>&nbsp;<\/strong>al servei AR&nbsp;<strong>Reconeixement<\/strong>&nbsp;del curs 2024\/25.&nbsp;<strong>Publicat: 19\/03\/2025.<\/strong><\/li>\n\n\n\n<li><strong><a href=\"https:\/\/ioc.xtec.cat\/educacio\/legacy\/attachments\/article\/673\/Llista%20resultats_Reconeixement_2425S2.pdf\" target=\"_blank\" rel=\"noreferrer noopener\">Resultats<\/a><\/strong>&nbsp;del servei AR&nbsp;<strong>Reconeixement<\/strong>&nbsp;del curs 2024\/25.<\/li>\n<\/ul>\n\n\n\n<figure class=\"wp-block-table\"><table class=\"has-fixed-layout\"><tbody><tr><td><strong>ASSESSORAMENT<\/strong><\/td><td><strong>RECONEIXEMENT<\/strong><\/td><\/tr><tr><td>1r semestre<\/td><td>2n semestre<\/td><\/tr><tr><td><strong><a href=\"https:\/\/ioc.xtec.cat\/educacio\/legacy\/attachments\/article\/673\/Calendari_ServeiAR_Assessorament_2425S1_v2.pdf\" target=\"_blank\" rel=\"noreferrer noopener\">Calendari curs 24-25<\/a><\/strong><\/td><td><strong><a href=\"https:\/\/ioc.xtec.cat\/educacio\/legacy\/attachments\/article\/673\/Calendari_ServeiAR_Reconeixement_2425S2_DEFI.pdf\" target=\"_blank\" rel=\"noreferrer noopener\">Calendari curs 24-25<\/a><\/strong><\/td><\/tr><\/tbody><\/table><\/figure>\n\n\n\n<div class=\"wp-block-columns is-layout-flex wp-container-core-columns-is-layout-28f84493 wp-block-columns-is-layout-flex\">\n<div class=\"wp-block-column is-layout-flow wp-block-column-is-layout-flow\">\n<p><strong>ASSESSORAMENT<\/strong><\/p>\n\n\n\n<figure class=\"wp-block-image size-large is-resized\"><img loading=\"lazy\" decoding=\"async\" width=\"1024\" height=\"1024\" src=\"https:\/\/ioc.xtec.cat\/educacio\/wp-content\/uploads\/2026\/03\/Aanagramaassessorament-1024x1024.jpg\" alt=\"\" class=\"wp-image-7418\" style=\"width:120px\" srcset=\"https:\/\/ioc.xtec.cat\/educacio\/wp-content\/uploads\/2026\/03\/Aanagramaassessorament-1024x1024.jpg 1024w, https:\/\/ioc.xtec.cat\/educacio\/wp-content\/uploads\/2026\/03\/Aanagramaassessorament-300x300.jpg 300w, https:\/\/ioc.xtec.cat\/educacio\/wp-content\/uploads\/2026\/03\/Aanagramaassessorament-150x150.jpg 150w, https:\/\/ioc.xtec.cat\/educacio\/wp-content\/uploads\/2026\/03\/Aanagramaassessorament-768x768.jpg 768w, https:\/\/ioc.xtec.cat\/educacio\/wp-content\/uploads\/2026\/03\/Aanagramaassessorament.jpg 1080w\" sizes=\"auto, (max-width: 1024px) 100vw, 1024px\" \/><\/figure>\n\n\n\n<p>El&nbsp;<strong>servei d&#8217;assessorament&nbsp;<\/strong>en la formaci\u00f3 professional t\u00e9 per objectiu definir i orientar<strong>&nbsp;un itinerari formatiu i professional&nbsp;<\/strong>de la persona interessada per aconseguir-ne<strong>&nbsp;millorar la qualificaci\u00f3<\/strong>. Compta amb l&#8217;atenci\u00f3 personalitzada d&#8217;experts de la fam\u00edlia professional.<\/p>\n\n\n\n<p>Durant el proc\u00e9s d&#8217;assessorament, que es desenvolupa al llarg de 2 o 3 sessions presencials al centre, l&#8217;usuari aporta tota la documentaci\u00f3 de qu\u00e8 disposa perqu\u00e8 li sigui valorat l\u2019expedient formatiu i laboral.<\/p>\n\n\n\n<p>Al final, l&#8217;usuari obt\u00e9 un&nbsp;<strong>informe d&#8217;assessorament<\/strong>&nbsp;que cont\u00e9 el seu itinerari amb les recomanacions per dur-lo a terme. Aquest informe \u00e9s un requisit previ per sol\u00b7licitar el&nbsp;<strong>servei de reconeixement acad\u00e8mic dels aprenentatges&nbsp;<\/strong>que s&#8217;hagin assolit mitjan\u00e7ant&nbsp;<strong>l&#8217;experi\u00e8ncia laboral o en activitats socials<\/strong>.<\/p>\n\n\n\n<h4 class=\"wp-block-heading\" id=\"FW_bloc_2d9ca66b-55e5-11e4-aafa-000c29f68999_2\">Destinataris<\/h4>\n\n\n\n<p>Persones amb experi\u00e8ncia laboral i formaci\u00f3 pr\u00e8via que estiguin interessades a millorar la seva qualificaci\u00f3 i que vulguin rebre assessorament personalitzat per aconseguir-ho.<\/p>\n\n\n\n<p>Nom\u00e9s es pot fer una&nbsp;<strong>\u00fanica sol\u00b7licitud<\/strong>&nbsp;per persona.<\/p>\n\n\n\n<p>Una vegada finalitzat el per\u00edode de presentaci\u00f3 de sol\u00b7licituds, si queden places vacants, es podran obrir nous terminis per sol\u00b7licitar el servei.<\/p>\n\n\n\n<h4 class=\"wp-block-heading\" id=\"FW_bloc_2d9ca66b-55e5-11e4-aafa-000c29f68999_5\">Import del servei d&#8217;assessorament<\/h4>\n\n\n\n<ul class=\"wp-block-list\">\n<li>60 \u20ac en centres p\u00fablics del Departament d&#8217;Educaci\u00f3.<\/li>\n\n\n\n<li><a href=\"https:\/\/ioc.xtec.cat\/educacio\/lioc\/preus\/\">Bonificacions i Exempcions<\/a>.<\/li>\n<\/ul>\n\n\n\n<p>Un cop obtingut l&#8217;informe d&#8217;assessorament es podr\u00e0 sol\u00b7licitar el servei de reconeixement.<\/p>\n\n\n\n<p>El fet de participar en el servei d&#8217;assessorament no comporta reserva de places pel servei de reconeixement.<\/p>\n<\/div>\n\n\n\n<div class=\"wp-block-column is-layout-flow wp-block-column-is-layout-flow\">\n<p><strong>RECONEIXEMENT<\/strong><\/p>\n\n\n\n<figure class=\"wp-block-image size-large is-resized\"><img loading=\"lazy\" decoding=\"async\" width=\"1024\" height=\"1024\" src=\"https:\/\/ioc.xtec.cat\/educacio\/wp-content\/uploads\/2026\/03\/Anagramareconeixement-1024x1024.jpg\" alt=\"\" class=\"wp-image-7419\" style=\"width:120px\" srcset=\"https:\/\/ioc.xtec.cat\/educacio\/wp-content\/uploads\/2026\/03\/Anagramareconeixement-1024x1024.jpg 1024w, https:\/\/ioc.xtec.cat\/educacio\/wp-content\/uploads\/2026\/03\/Anagramareconeixement-300x300.jpg 300w, https:\/\/ioc.xtec.cat\/educacio\/wp-content\/uploads\/2026\/03\/Anagramareconeixement-150x150.jpg 150w, https:\/\/ioc.xtec.cat\/educacio\/wp-content\/uploads\/2026\/03\/Anagramareconeixement-768x769.jpg 768w, https:\/\/ioc.xtec.cat\/educacio\/wp-content\/uploads\/2026\/03\/Anagramareconeixement.jpg 1079w\" sizes=\"auto, (max-width: 1024px) 100vw, 1024px\" \/><\/figure>\n\n\n\n<p>El&nbsp;<strong>servei de reconeixement acad\u00e8mic dels aprenentatges assolits mitjan\u00e7ant l&#8217;experi\u00e8ncia laboral o en activitats socials<\/strong>&nbsp;s&#8217;adre\u00e7a a les persones que vulguin tenir un reconeixement acad\u00e8mic dels aprenentatges adquirits amb l&#8217;experi\u00e8ncia laboral o en activitats socials relacionats amb un determinat cicle formatiu.<\/p>\n\n\n\n<p>Per sol\u00b7licitar el servei cal complir els requisits seg\u00fcents:<\/p>\n\n\n\n<ul class=\"wp-block-list\">\n<li>haver complert&nbsp;<strong>18 anys<\/strong>,<\/li>\n\n\n\n<li>acreditar experi\u00e8ncia laboral o en activitats socials d&#8217;almenys&nbsp;<strong>2 anys en el sector<\/strong>,<\/li>\n\n\n\n<li>disposar de l&#8217;<strong>informe d&#8217;assessorament obtingut en el servei d&#8217;assessorament,<\/strong>&nbsp;o document equivalent de convocat\u00f2ries d&#8217;acreditaci\u00f3 o validaci\u00f3 amb l&#8217;orientaci\u00f3 i\/o assessorament del mateix t\u00edtol o d&#8217;un t\u00edtol af\u00ed.<\/li>\n<\/ul>\n\n\n\n<h4 class=\"wp-block-heading\" id=\"FW_bloc_2d9ca66b-55e5-11e4-aafa-000c29f68999_2\">Destinataris<\/h4>\n\n\n\n<p>Persones amb experi\u00e8ncia laboral i formaci\u00f3 pr\u00e8via que disposin d&#8217;un informe d&#8217;assessorament d&#8217;aquesta fam\u00edlia professional i vulguin fer el reconeixement dels cr\u00e8dits del cicle formatiu de prevenci\u00f3 de riscos professionals.<\/p>\n\n\n\n<p>Nom\u00e9s es pot fer una&nbsp;<strong>\u00fanica sol\u00b7licitud<\/strong>&nbsp;per persona.<\/p>\n\n\n\n<h4 class=\"wp-block-heading\" id=\"FW_bloc_2d9ca66b-55e5-11e4-aafa-000c29f68999_5\">Import del servei de reconeixement<\/h4>\n\n\n\n<p>Preu del Servei als centres p\u00fablics del Departament d&#8217;Educaci\u00f3:<\/p>\n\n\n\n<ul class=\"wp-block-list\">\n<li>18,00 \u20ac per Unitat Formativa (cicles formatius, normativa LOE)<\/li>\n\n\n\n<li>40,00 \u20ac per Cr\u00e8dit (cicles formatius, normativa LOGSE)<\/li>\n\n\n\n<li><a href=\"https:\/\/ioc.xtec.cat\/educacio\/lioc\/preus\/\">Bonificacions i Exempcions<\/a>.<\/li>\n<\/ul>\n\n\n\n<p>Posteriorment, per convalidar els cr\u00e8dits reconeguts, la persona usu\u00e0ria s&#8217;ha de matricular en el cicle formatiu de Prevenci\u00f3 de riscos professionals &#8211; un cop acreditats els requisits d&#8217;acc\u00e9s &#8211; i ha de presentar els certificats de reconeixement obtinguts.<\/p>\n<\/div>\n<\/div>\n","protected":false},"excerpt":{"rendered":"<p>L&#8217;IOC ofereix 15 places d&#8217;assessorament i reconeixement per a la fam\u00edlia d&#8217;Instal\u00b7laci\u00f3 i manteniment. Concretament pel&nbsp;cicle formatiu de grau superior [&hellip;]<\/p>\n","protected":false},"author":1,"featured_media":0,"parent":0,"menu_order":0,"comment_status":"closed","ping_status":"closed","template":"","meta":{"_acf_changed":false,"_uag_custom_page_level_css":"","site-sidebar-layout":"default","site-content-layout":"","ast-site-content-layout":"default","site-content-style":"default","site-sidebar-style":"default","ast-global-header-display":"","ast-banner-title-visibility":"","ast-main-header-display":"","ast-hfb-above-header-display":"","ast-hfb-below-header-display":"","ast-hfb-mobile-header-display":"","site-post-title":"","ast-breadcrumbs-content":"","ast-featured-img":"","footer-sml-layout":"","theme-transparent-header-meta":"","adv-header-id-meta":"","stick-header-meta":"","header-above-stick-meta":"","header-main-stick-meta":"","header-below-stick-meta":"","astra-migrate-meta-layouts":"default","ast-page-background-enabled":"default","ast-page-background-meta":{"desktop":{"background-color":"var(--ast-global-color-5)","background-image":"","background-repeat":"repeat","background-position":"center center","background-size":"auto","background-attachment":"scroll","background-type":"","background-media":"","overlay-type":"","overlay-color":"","overlay-opacity":"","overlay-gradient":""},"tablet":{"background-color":"","background-image":"","background-repeat":"repeat","background-position":"center center","background-size":"auto","background-attachment":"scroll","background-type":"","background-media":"","overlay-type":"","overlay-color":"","overlay-opacity":"","overlay-gradient":""},"mobile":{"background-color":"","background-image":"","background-repeat":"repeat","background-position":"center center","background-size":"auto","background-attachment":"scroll","background-type":"","background-media":"","overlay-type":"","overlay-color":"","overlay-opacity":"","overlay-gradient":""}},"ast-content-background-meta":{"desktop":{"background-color":"var(--ast-global-color-4)","background-image":"","background-repeat":"repeat","background-position":"center center","background-size":"auto","background-attachment":"scroll","background-type":"","background-media":"","overlay-type":"","overlay-color":"","overlay-opacity":"","overlay-gradient":""},"tablet":{"background-color":"var(--ast-global-color-4)","background-image":"","background-repeat":"repeat","background-position":"center center","background-size":"auto","background-attachment":"scroll","background-type":"","background-media":"","overlay-type":"","overlay-color":"","overlay-opacity":"","overlay-gradient":""},"mobile":{"background-color":"var(--ast-global-color-4)","background-image":"","background-repeat":"repeat","background-position":"center center","background-size":"auto","background-attachment":"scroll","background-type":"","background-media":"","overlay-type":"","overlay-color":"","overlay-opacity":"","overlay-gradient":""}},"footnotes":""},"class_list":["post-7413","page","type-page","status-publish","hentry"],"acf":[],"uagb_featured_image_src":{"full":false,"thumbnail":false,"medium":false,"medium_large":false,"large":false,"1536x1536":false,"2048x2048":false},"uagb_author_info":{"display_name":"admin","author_link":"https:\/\/ioc.xtec.cat\/educacio\/author\/admin\/"},"uagb_comment_info":0,"uagb_excerpt":"L&#8217;IOC ofereix 15 places d&#8217;assessorament i reconeixement per a la fam\u00edlia d&#8217;Instal\u00b7laci\u00f3 i manteniment. Concretament pel&nbsp;cicle formatiu de grau superior [&hellip;]","_links":{"self":[{"href":"https:\/\/ioc.xtec.cat\/educacio\/wp-json\/wp\/v2\/pages\/7413","targetHints":{"allow":["GET"]}}],"collection":[{"href":"https:\/\/ioc.xtec.cat\/educacio\/wp-json\/wp\/v2\/pages"}],"about":[{"href":"https:\/\/ioc.xtec.cat\/educacio\/wp-json\/wp\/v2\/types\/page"}],"author":[{"embeddable":true,"href":"https:\/\/ioc.xtec.cat\/educacio\/wp-json\/wp\/v2\/users\/1"}],"replies":[{"embeddable":true,"href":"https:\/\/ioc.xtec.cat\/educacio\/wp-json\/wp\/v2\/comments?post=7413"}],"version-history":[{"count":7,"href":"https:\/\/ioc.xtec.cat\/educacio\/wp-json\/wp\/v2\/pages\/7413\/revisions"}],"predecessor-version":[{"id":7424,"href":"https:\/\/ioc.xtec.cat\/educacio\/wp-json\/wp\/v2\/pages\/7413\/revisions\/7424"}],"wp:attachment":[{"href":"https:\/\/ioc.xtec.cat\/educacio\/wp-json\/wp\/v2\/media?parent=7413"}],"curies":[{"name":"wp","href":"https:\/\/api.w.org\/{rel}","templated":true}]}}