{"id":7247,"date":"2026-03-06T12:01:35","date_gmt":"2026-03-06T11:01:35","guid":{"rendered":"https:\/\/ioc.xtec.cat\/educacio\/?page_id=7247"},"modified":"2026-03-06T12:24:22","modified_gmt":"2026-03-06T11:24:22","slug":"llocs-vacants","status":"publish","type":"page","link":"https:\/\/ioc.xtec.cat\/educacio\/lioc\/llocs-vacants\/","title":{"rendered":"Llocs vacants"},"content":{"rendered":"\n<p>El Departament d&#8217;Educaci\u00f3 i Formaci\u00f3 Professional convoca peri\u00f2dicament un concurs de m\u00e8rits per seleccionar persones funcion\u00e0ries docents que puguin ocupar temporalment, en comissi\u00f3 de serveis, llocs vacants a l&#8217;Institut Obert de Catalunya.<\/p>\n\n\n\n<p>El <a href=\"https:\/\/portaljuridic.gencat.cat\/ca\/document-del-pjur\/?documentId=873622\" data-type=\"link\" data-id=\"https:\/\/portaljuridic.gencat.cat\/ca\/document-del-pjur\/?documentId=873622\" target=\"_blank\" rel=\"noreferrer noopener\">Decret 57\/2020, de 19 de maig<\/a>, estableix la regulaci\u00f3 de l&#8217;Institut Obert de Catalunya (IOC) per a la impartici\u00f3 espec\u00edfica dels ensenyaments no universitaris en la modalitat d&#8217;educaci\u00f3 no presencial. L&#8217;article 25 d&#8217;aquest, relatiu al sistema de provisi\u00f3 dels llocs de treball docents, estableix que els llocs de treball de la plantilla docent de l&#8217;IOC es proveeixen mitjan\u00e7ant convocat\u00f2ria p\u00fablica pel procediment de concurs espec\u00edfic.<\/p>\n\n\n\n<p>Aquest curs s&#8217;ha publicat la <a href=\"https:\/\/dogc.gencat.cat\/ca\/document-del-dogc\/?documentId=1035145\" target=\"_blank\" rel=\"noreferrer noopener\">Resoluci\u00f3 EDF\/135\/2026<\/a> de 20 de gener, per la qual es convoca concurs de m\u00e8rits per a la provisi\u00f3 de llocs de treball vacants, a l&#8217;Institut Obert de Catalunya (DOGC n\u00fam. 9590, de 26\/01\/2026).<\/p>\n\n\n\n<p>La sol\u00b7licitud s&#8217;ha de formalitzar a trav\u00e9s de la p\u00e0gina web <a href=\"https:\/\/educacio.gencat.cat\/ca\/arees-actuacio\/professors\/concursos\/\" target=\"_blank\" rel=\"noreferrer noopener\">https:\/\/educacio.gencat.cat\/ca\/arees-actuacio\/professors\/concursos\/<\/a>, on les persones aspirants tenen a la seva disposici\u00f3 la sol\u00b7licitud que han de formalitzar mitjan\u00e7ant un formulari telem\u00e0tic amb els seg\u00fcents camps obligatoris: nom, cognoms, document d&#8217;identitat, correu electr\u00f2nic, cos del qual \u00e9s funcionari i pla\u00e7a a la qual s&#8217;opta.<\/p>\n\n\n\n<p>En <a href=\"https:\/\/educacio.gencat.cat\/ca\/serveis-tramits\/treballa-amb-nosaltres\/concursos\/concurs-merits-vacants-ioc\/\" data-type=\"link\" data-id=\"https:\/\/educacio.gencat.cat\/ca\/serveis-tramits\/treballa-amb-nosaltres\/concursos\/concurs-merits-vacants-ioc\/\" target=\"_blank\" rel=\"noreferrer noopener\">aquest enlla\u00e7<\/a> hi ha els diferents apartats amb m\u00e9s informaci\u00f3.<\/p>\n\n\n\n<h3 class=\"wp-block-heading\">Llocs vacants<\/h3>\n\n\n\n<div class=\"wp-block-uagb-container uagb-block-0ce9149d default uagb-is-root-container\">\n<div class=\"wp-block-uagb-container uagb-block-4d9c9fd6\">\n<figure class=\"wp-block-table is-style-stripes has-small-font-size\"><table class=\"has-fixed-layout\"><tbody><tr><td colspan=\"3\"><strong>Cos de professors d&#8217;ensenyament secundari o catedr\u00e0tics d&#8217;ensenyament secundari<\/strong><\/td><\/tr><tr><td><strong>Especialitat<\/strong><\/td><td><strong>Nom de l&#8217;especialitat<\/strong><\/td><td><strong>Places<\/strong><\/td><\/tr><tr><td>FI<\/td><td>Filosofia<\/td><td>1<\/td><\/tr><tr><td>FR<\/td><td>Franc\u00e8s<\/td><td>2<\/td><\/tr><tr><td>LC<\/td><td>Llengua catalana i literatura<\/td><td>2<\/td><\/tr><tr><td>LE<\/td><td>Llengua castellana i literatura<\/td><td>2<\/td><\/tr><tr><td>MA<\/td><td>Matem\u00e0tiques<\/td><td>2<\/td><\/tr><tr><td>PSI<\/td><td>Orientaci\u00f3 educativa<\/td><td>2<\/td><\/tr><tr><td>IT<\/td><td>Itali\u00e0<\/td><td>1<\/td><\/tr><tr><td>501<\/td><td>Administraci\u00f3 d&#8217;empreses<\/td><td>5<\/td><\/tr><tr><td>505<\/td><td>Formaci\u00f3 i orientaci\u00f3 laboral<\/td><td>2<\/td><\/tr><tr><td>506<\/td><td>Hoteleria i turisme<\/td><td>1<\/td><\/tr><tr><td>518<\/td><td>Processos sanitaris<\/td><td>2<\/td><\/tr><tr><td>519<\/td><td>Processos i mitjans de comunicaci\u00f3<\/td><td>1<\/td><\/tr><tr><td>622<\/td><td>Processos de gesti\u00f3 administrativa<\/td><td>4<\/td><\/tr><tr><td>627<\/td><td>Sistemes i aplicacions inform\u00e0tiques<\/td><td>1<\/td><\/tr><\/tbody><\/table><\/figure>\n<\/div>\n<\/div>\n\n\n\n<div class=\"wp-block-uagb-container uagb-block-72ec95e7 default uagb-is-root-container\">\n<div class=\"wp-block-uagb-container uagb-block-ab0955f0\">\n<figure class=\"wp-block-table is-style-stripes has-small-font-size\"><table class=\"has-fixed-layout\"><tbody><tr><td colspan=\"3\"><strong>Cos de professors d&#8217;escoles oficials d&#8217;idiomes<\/strong><\/td><\/tr><tr><td><strong>Especialitat<\/strong><\/td><td><strong>Nom de l&#8217;especialitat<\/strong><\/td><td><strong>Places<\/strong><\/td><\/tr><tr><td>195<\/td><td>Catal\u00e0 EOI<\/td><td>1<\/td><\/tr><\/tbody><\/table><\/figure>\n<\/div>\n<\/div>\n\n\n\n<h3 class=\"wp-block-heading\">Requisits<\/h3>\n\n\n\n<p>Pot participar en el procediment de provisi\u00f3 el personal funcionari de carrera que compleixi els requisits espec\u00edfics seg\u00fcents:<\/p>\n\n\n\n<ul class=\"wp-block-list\">\n<li>Pert\u00e0nyer al cos docent del lloc de treball convocat.<\/li>\n\n\n\n<li>Acreditar 5 anys d&#8217;exercici de la doc\u00e8ncia presencial en ensenyaments no universitaris del sistema educatiu.<\/li>\n\n\n\n<li>Acreditar 3 anys d&#8217;exercici de la doc\u00e8ncia presencial en el cos docent i en l&#8217;especialitat corresponent al lloc convocat. Per a les especialitats convocades que, en aplicaci\u00f3 del Reial Decret 800\/2022, de 4 d&#8217;octubre, hagin quedat integrades en el Cos de Professors d&#8217;Ensenyament Secundari, computa, a efectes d&#8217;aquest requisit, el temps d&#8217;exercici de la doc\u00e8ncia que s&#8217;hagi prestat quan aquestes especialitats pertanyien al Cos de Professors T\u00e8cnics de Formaci\u00f3 Professional.<\/li>\n\n\n\n<li>Tenir reconegut el perfil professional de compet\u00e8ncia digital docent.<\/li>\n\n\n\n<li>Presentar un projecte de desenvolupament dels continguts del lloc al qual s&#8217;opta, vinculat al projecte educatiu del centre, segons el que s&#8217;estableix a l&#8217;annex 4 de la Resoluci\u00f3.<\/li>\n<\/ul>\n\n\n\n<p>Els requisits de participaci\u00f3 s&#8217;hauran de complir en la data de finalitzaci\u00f3 del termini de presentaci\u00f3 de sol\u00b7licituds.<\/p>\n\n\n\n<h3 class=\"wp-block-heading\">Calendari<\/h3>\n\n\n\n<ul class=\"wp-block-list\">\n<li>Termini d&#8217;inscripci\u00f3:<strong>\u00a0del 27 de gener al 16 de febrer de 2026<\/strong>\u00a0(ambd\u00f3s inclosos)<\/li>\n\n\n\n<li>Llista provisional de persones aspirants admeses i excloses:\u00a0<strong>2 de mar\u00e7 de 2026<\/strong><\/li>\n\n\n\n<li>Llista definitiva de persones aspirants admeses i excloses:\u00a0<strong>13 de mar\u00e7 de 2026<\/strong><\/li>\n\n\n\n<li>Llista provisional de la fase 1. Valoraci\u00f3 de m\u00e8rits:\u00a0<strong>pr\u00f2ximament<\/strong><\/li>\n\n\n\n<li>Reclamaci\u00f3 a la llista provisional de la fase 1. Valoraci\u00f3 de m\u00e8rits:\u00a0<strong>pr\u00f2ximament<\/strong><\/li>\n\n\n\n<li>Llista definitiva de la fase 1, valoraci\u00f3 de m\u00e8rits. I convocat\u00f2ria de la fase 2:\u00a0<strong>pr\u00f2ximament<\/strong><\/li>\n\n\n\n<li>Defensa del projecte i prova pr\u00e0ctica. Fase 2:\u00a0<strong>pr\u00f2ximament<\/strong><\/li>\n<\/ul>\n\n\n\n<h3 class=\"wp-block-heading\">Presentaci\u00f3 de la sol\u00b7licitud\n\n<\/h3>\n\n\n\n<p>El termini de presentaci\u00f3 \u00e9s fins al&nbsp;<strong>16 de febrer de 2026<\/strong>.<\/p>\n\n\n\n<ul class=\"wp-block-list\">\n<li>La sol\u00b7licitud s&#8217;ha de formalitzar a trav\u00e9s de la p\u00e0gina web\u00a0<a href=\"https:\/\/educacio.gencat.cat\/ca\/arees-actuacio\/professors\/concursos\/\" target=\"_blank\" rel=\"noreferrer noopener\">https:\/\/educacio.gencat.cat\/ca\/arees-actuacio\/professors\/concursos\/<\/a>\u00a0on les persones aspirants tenen a la seva disposici\u00f3 la sol\u00b7licitud que han de formalitzar mitjan\u00e7ant un formulari telem\u00e0tic amb els seg\u00fcents camps obligatoris: nom, cognoms, document d&#8217;identitat, correu electr\u00f2nic, cos del qual \u00e9s funcionari i pla\u00e7a a la qual s&#8217;opta.<\/li>\n\n\n\n<li>Les persones aspirants han d&#8217;adjuntar obligat\u00f2riament a la sol\u00b7licitud un projecte de desenvolupament dels continguts del lloc al qual s&#8217;opta, segons s&#8217;especifica a l&#8217;annex 4.<\/li>\n\n\n\n<li>La sol\u00b7licitud es considera presentada i registrada davant l&#8217;Administraci\u00f3 en el moment en qu\u00e8 sigui tramesa per via telem\u00e0tica.<\/li>\n\n\n\n<li>La persona aspirant, un cop efectuada la tramitaci\u00f3 telem\u00e0tica, rebr\u00e0 un correu electr\u00f2nic de confirmaci\u00f3 on apareixeran les dades que hagi introdu\u00eft al formulari. Aquest correu electr\u00f2nic \u00e9s la confirmaci\u00f3 de la presentaci\u00f3 telem\u00e0tica.<\/li>\n\n\n\n<li>Els requisits de participaci\u00f3 s&#8217;hauran de reunir en la data de finalitzaci\u00f3 del termini de presentaci\u00f3 de sol\u00b7licituds.\u00a0El\u00a0<strong>termini de presentaci\u00f3 de la sol\u00b7licitud \u00e9s de quinze dies h\u00e0bils comptadors a partir de l&#8217;endem\u00e0 que es publiqui aquesta Resoluci\u00f3 de convocat\u00f2ria al DOGC.<\/strong><\/li>\n\n\n\n<li>Les persones participants no hauran d&#8217;acreditar documentalment les condicions exigides i els m\u00e8rits al\u00b7legats de qu\u00e8 hi hagi const\u00e0ncia al registre inform\u00e0tic de personal del Departament d&#8217;Educaci\u00f3 i Formaci\u00f3 Professional.<\/li>\n<\/ul>\n\n\n\n<p><strong>Podeu trobar m\u00e9s informaci\u00f3 a la&nbsp;<a href=\"https:\/\/educacio.gencat.cat\/ca\/serveis-tramits\/treballa-amb-nosaltres\/concursos\/concurs-merits-vacants-ioc\/\" target=\"_blank\" rel=\"noreferrer noopener\">web del Departament d&#8217;Educaci\u00f3 i Formaci\u00f3 Professional<\/a>.<\/strong><\/p>\n\n\n\n<p><\/p>\n","protected":false},"excerpt":{"rendered":"<p>El Departament d&#8217;Educaci\u00f3 i Formaci\u00f3 Professional convoca peri\u00f2dicament un concurs de m\u00e8rits per seleccionar persones funcion\u00e0ries docents que puguin ocupar [&hellip;]<\/p>\n","protected":false},"author":1,"featured_media":0,"parent":636,"menu_order":0,"comment_status":"closed","ping_status":"closed","template":"","meta":{"_acf_changed":false,"_uag_custom_page_level_css":"","site-sidebar-layout":"default","site-content-layout":"","ast-site-content-layout":"default","site-content-style":"default","site-sidebar-style":"default","ast-global-header-display":"","ast-banner-title-visibility":"","ast-main-header-display":"","ast-hfb-above-header-display":"","ast-hfb-below-header-display":"","ast-hfb-mobile-header-display":"","site-post-title":"","ast-breadcrumbs-content":"","ast-featured-img":"","footer-sml-layout":"","theme-transparent-header-meta":"","adv-header-id-meta":"","stick-header-meta":"","header-above-stick-meta":"","header-main-stick-meta":"","header-below-stick-meta":"","astra-migrate-meta-layouts":"default","ast-page-background-enabled":"default","ast-page-background-meta":{"desktop":{"background-color":"var(--ast-global-color-5)","background-image":"","background-repeat":"repeat","background-position":"center center","background-size":"auto","background-attachment":"scroll","background-type":"","background-media":"","overlay-type":"","overlay-color":"","overlay-opacity":"","overlay-gradient":""},"tablet":{"background-color":"","background-image":"","background-repeat":"repeat","background-position":"center center","background-size":"auto","background-attachment":"scroll","background-type":"","background-media":"","overlay-type":"","overlay-color":"","overlay-opacity":"","overlay-gradient":""},"mobile":{"background-color":"","background-image":"","background-repeat":"repeat","background-position":"center center","background-size":"auto","background-attachment":"scroll","background-type":"","background-media":"","overlay-type":"","overlay-color":"","overlay-opacity":"","overlay-gradient":""}},"ast-content-background-meta":{"desktop":{"background-color":"var(--ast-global-color-4)","background-image":"","background-repeat":"repeat","background-position":"center center","background-size":"auto","background-attachment":"scroll","background-type":"","background-media":"","overlay-type":"","overlay-color":"","overlay-opacity":"","overlay-gradient":""},"tablet":{"background-color":"var(--ast-global-color-4)","background-image":"","background-repeat":"repeat","background-position":"center center","background-size":"auto","background-attachment":"scroll","background-type":"","background-media":"","overlay-type":"","overlay-color":"","overlay-opacity":"","overlay-gradient":""},"mobile":{"background-color":"var(--ast-global-color-4)","background-image":"","background-repeat":"repeat","background-position":"center center","background-size":"auto","background-attachment":"scroll","background-type":"","background-media":"","overlay-type":"","overlay-color":"","overlay-opacity":"","overlay-gradient":""}},"footnotes":""},"class_list":["post-7247","page","type-page","status-publish","hentry"],"acf":[],"uagb_featured_image_src":{"full":false,"thumbnail":false,"medium":false,"medium_large":false,"large":false,"1536x1536":false,"2048x2048":false},"uagb_author_info":{"display_name":"admin","author_link":"https:\/\/ioc.xtec.cat\/educacio\/author\/admin\/"},"uagb_comment_info":0,"uagb_excerpt":"El Departament d&#8217;Educaci\u00f3 i Formaci\u00f3 Professional convoca peri\u00f2dicament un concurs de m\u00e8rits per seleccionar persones funcion\u00e0ries docents que puguin ocupar [&hellip;]","_links":{"self":[{"href":"https:\/\/ioc.xtec.cat\/educacio\/wp-json\/wp\/v2\/pages\/7247","targetHints":{"allow":["GET"]}}],"collection":[{"href":"https:\/\/ioc.xtec.cat\/educacio\/wp-json\/wp\/v2\/pages"}],"about":[{"href":"https:\/\/ioc.xtec.cat\/educacio\/wp-json\/wp\/v2\/types\/page"}],"author":[{"embeddable":true,"href":"https:\/\/ioc.xtec.cat\/educacio\/wp-json\/wp\/v2\/users\/1"}],"replies":[{"embeddable":true,"href":"https:\/\/ioc.xtec.cat\/educacio\/wp-json\/wp\/v2\/comments?post=7247"}],"version-history":[{"count":18,"href":"https:\/\/ioc.xtec.cat\/educacio\/wp-json\/wp\/v2\/pages\/7247\/revisions"}],"predecessor-version":[{"id":7271,"href":"https:\/\/ioc.xtec.cat\/educacio\/wp-json\/wp\/v2\/pages\/7247\/revisions\/7271"}],"up":[{"embeddable":true,"href":"https:\/\/ioc.xtec.cat\/educacio\/wp-json\/wp\/v2\/pages\/636"}],"wp:attachment":[{"href":"https:\/\/ioc.xtec.cat\/educacio\/wp-json\/wp\/v2\/media?parent=7247"}],"curies":[{"name":"wp","href":"https:\/\/api.w.org\/{rel}","templated":true}]}}