{"id":706,"date":"2025-11-04T11:15:18","date_gmt":"2025-11-04T11:15:18","guid":{"rendered":"https:\/\/ioc.xtec.cat\/educacio\/?page_id=706"},"modified":"2025-11-26T11:58:42","modified_gmt":"2025-11-26T10:58:42","slug":"treballar-a-lioc","status":"publish","type":"page","link":"https:\/\/ioc.xtec.cat\/educacio\/lioc\/treballar-a-lioc\/","title":{"rendered":"Treballar a l&#8217;IOC"},"content":{"rendered":"\n<p class=\"has-medium-font-size\">Els docents de la Generalitat de Catalunya poden treballar a l&#8217;Institut Obert a trav\u00e9s de tres sistemes:<\/p>\n\n\n\n<ul class=\"wp-block-list\">\n<li>En comissi\u00f3 de serveis per 4 anys mitjan\u00e7ant un <strong>Concurs de m\u00e8rits<\/strong>.<\/li>\n\n\n\n<li>En comissi\u00f3 de serveis per 1 any presentant-se a <strong>Vacants ofertes<\/strong>.<\/li>\n\n\n\n<li>Com a <strong>Professor col\u00b7laborador<\/strong>.<\/li>\n<\/ul>\n\n\n\n<div style=\"height:20px\" aria-hidden=\"true\" class=\"wp-block-spacer\"><\/div>\n\n\n\n<h3 class=\"wp-block-heading\">Informaci\u00f3 detallada<\/h3>\n\n\n<div class=\"wp-block-uagb-faq uagb-faq__outer-wrap uagb-block-2c2b37b7 uagb-faq-icon-row-reverse uagb-faq-layout-accordion uagb-faq-expand-first-false uagb-faq-inactive-other-true uagb-faq__wrap uagb-buttons-layout-wrap uagb-faq-equal-height     \" data-faqtoggle=\"true\" role=\"tablist\"><script type=\"application\/ld+json\">{\"@context\":\"https:\\\/\\\/schema.org\",\"@type\":\"FAQPage\",\"@id\":\"https:\\\/\\\/ioc.xtec.cat\\\/educacio\\\/lioc\\\/treballar-a-lioc\\\/\",\"mainEntity\":[{\"@type\":\"Question\",\"name\":\"<strong>Concurs de m\\u00e8rits<\\\/strong>\",\"acceptedAnswer\":{\"@type\":\"Answer\",\"text\":\"Els funcionaris docents poden participar al concurs de m\\u00e8rits (quan estigui actiu) per tal d'obtenir una comissi\\u00f3 de serveis a l'IOC. <a href=\\\"https:\\\/\\\/educacio.gencat.cat\\\/ca\\\/serveis-tramits\\\/treballa-amb-nosaltres\\\/concursos\\\/\\\" target=\\\"_blank\\\" rel=\\\"noreferrer noopener\\\">[+] Veure'n m\\u00e9s<\\\/a>\"}},{\"@type\":\"Question\",\"name\":\"<strong>Vacants ofertes<\\\/strong>\",\"acceptedAnswer\":{\"@type\":\"Answer\",\"text\":\"El professorat inter\\u00ed assignat per borsa de treball pot apuntar-se a les vacants que s'ofertin. <a href=\\\"https:\\\/\\\/minerva.ioc.cat\\\" target=\\\"_blank\\\" rel=\\\"noreferrer noopener\\\">[+] Veure'n m\\u00e9s<\\\/a>\"}},{\"@type\":\"Question\",\"name\":\"<strong>Professorat col\\u00b7laborador<\\\/strong>\",\"acceptedAnswer\":{\"@type\":\"Answer\",\"text\":\"El professorat del cos docent de la Generalitat pot oferir-se com a professorat col\\u00b7laborador a la borsa interna de l'IOC.<br><br><strong>DESCRIPCI\\u00d3 DEL LLOC<\\\/strong><br><strong>Nom del lloc<br><\\\/strong>Professors col\\u00b7laboradors Institut Obert de Catalunya<br><strong>Unitat<br><\\\/strong>Institut Obert de Catalunya IOC<br><strong>Localitat<br><\\\/strong>Barcelona<br><strong>Destinataris<br><\\\/strong>Personal docent en situaci\\u00f3 de servei actiu, funcionari de carrera o inter\\u00ed amb nomenament per a tot el per\\u00edode lectiu corresponent, adscrit a altres centres educatius del Departament.<br><strong>Tipologia de lloc<br><\\\/strong>Professorat col\\u00b7laborador assumeix la metodologia educativa de l'IOC i exerceix les seves funcions d'acord amb les directrius fixades pel professorat responsable de la seva coordinaci\\u00f3.<br><strong>Forma d\\u2019ocupaci\\u00f3<\\\/strong><br>Borsa de professors col\\u00b7laboradors, activitat amb car\\u00e0cter no permanent i en funci\\u00f3 de la necessitat del servei a l\\u2019IOC per a un curs escolar, un semestre o un trimestre, segons els ensenyaments a impartir.<br><strong>Complement associat<\\\/strong><br>Indemnitzaci\\u00f3 per ra\\u00f3 del servei del professorat col\\u00b7laborador, preu p\\u00fablic establert a l\\u2019annex DECRET 57\\\/2020, de 19 de maig, de l'Institut Obert de Catalunya.<br><strong>Jornada<\\\/strong><br>L'execuci\\u00f3 de la col\\u00b7laboraci\\u00f3 per part del professorat no pot interferir en el desenvolupament de la funci\\u00f3 docent duta a terme en el centre educatiu al qual est\\u00e0 adscrit.<br>El document d'enc\\u00e0rrec de servei docent, costaran les condicions espec\\u00edfiques relatives a la realitzaci\\u00f3 de l'activitat, per a un curs escolar, un semestre o un trimestre, segons els ensenyaments a impartir. Durant aquest per\\u00edode nom\\u00e9s es pot ser professor col\\u00b7laborador d'una especialitat d'un \\u00fanic ensenyament.<br><strong>Durada<\\\/strong><br>En funci\\u00f3 de la necessitat del servei a l\\u2019IOC per a un curs escolar, un semestre o un trimestre, segons els ensenyaments a impartir.<br><br><strong>REQUISITS DE PARTICIPACI\\u00d3<\\\/strong><br>Personal docent en situaci\\u00f3 de servei actiu, funcionari de carrera o inter\\u00ed amb nomenament per a tot el per\\u00edode lectiu corresponent, adscrit a altres centres educatius del Departament.<br>Tenir alguna de les especialitats convocades.<br>Perfil professional de compet\\u00e8ncia digital docent o compet\\u00e8ncia digital B2 o superior.<br><br><strong>COMPATIBILITAT<\\\/strong><br>Les persones inscrites a la borsa hauran d'acreditar la compatibilitat per a l'activitat en el cas de pert\\u00e0nyer al cos de personal docent de la Generalitat de Catalunya abans de ser admesos de manera definitiva a la borsa de col\\u00b7laboradors.<br>Aquesta compatibilitat s'ha d'acreditar mitjan\\u00e7ant la corresponent resoluci\\u00f3 i s'haur\\u00e0 de renovar cada curs escolar.<br>Caldr\\u00e0 sol\\u00b7licitar una nova compatibilitat de llocs de treball si s'ha produ\\u00eft una modificaci\\u00f3 en l'horari lectiu del docent, o si canvien la destinaci\\u00f3 o les condicions del lloc de treball.<br><br><strong>PERFIL COMPETENCIAL DEL LLOC DE TREBALL<\\\/strong><br><strong>Compet\\u00e8ncia digital<\\\/strong><br>Con\\u00e8ixer i gestionar integrar les possibilitats creatives de les eines tecnol\\u00f2giques de darrera generaci\\u00f3 en les pr\\u00e0ctiques d\\u2019aula rellevants.<br><strong>Compet\\u00e8ncia docent en la mat\\u00e8ria<\\\/strong><br>Aplicar els coneixements de la mat\\u00e8ria impartida en la gesti\\u00f3 de l'aula virtual i en l'avaluaci\\u00f3 de les activitats presentades per l'alumnat de manera aut\\u00f2noma.<br><strong>Compet\\u00e8ncia en elaboraci\\u00f3 de recursos educatius i materials did\\u00e0ctics<\\\/strong><br>Dissenyar, avaluar i publicar recursos educatius, propostes d\\u2019aula i materials did\\u00e0ctics que impulsin la innovaci\\u00f3 fonamentada en la recerca, envers un aprenentatge significatiu i amb sentit.<br><strong>FUNCIONS<\\\/strong><br>Funcions docents adaptades a la metodologia de l'educaci\\u00f3 no presencial, utilitzant entorns educatius virtuals, mitjans tecnol\\u00f2gics i inform\\u00e0tics i eines de comunicaci\\u00f3 telem\\u00e0tiques, aplicant m\\u00e8todes pedag\\u00f2gics i emprant recursos i materials did\\u00e0ctics que potenci\\u00efn i facilitin un aprenentatge aut\\u00f2nom, la interacci\\u00f3 alumnat-professorat i alumnat-alumnat, i el desenvolupament d'habilitats per a l'\\u00fas de les tecnologies de la informaci\\u00f3 i la comunicaci\\u00f3 i l'acc\\u00e9s a la informaci\\u00f3.<br>Dissenyar, avaluar i publicar recursos educatius, propostes d\\u2019aula i materials did\\u00e0ctics que impulsin la innovaci\\u00f3 fonamentada en la recerca, envers un aprenentatge significatiu i amb sentit.<br>\\u00a0<br><a href=\\\"https:\\\/\\\/minerva.ioc.cat\\\" target=\\\"_blank\\\" rel=\\\"noreferrer noopener\\\">INSCRIU-TE<\\\/a>\"}}]}<\/script><div class=\"wp-block-uagb-faq-child uagb-faq-child__outer-wrap uagb-faq-item uagb-block-4be30e48 \" role=\"tab\" tabindex=\"0\"><div class=\"uagb-faq-questions-button uagb-faq-questions\">\t\t\t<span class=\"uagb-icon uagb-faq-icon-wrap\">\n\t\t\t\t\t\t\t\t<svg xmlns=\"https:\/\/www.w3.org\/2000\/svg\" viewBox= \"0 0 448 512\"><path d=\"M432 256c0 17.69-14.33 32.01-32 32.01H256v144c0 17.69-14.33 31.99-32 31.99s-32-14.3-32-31.99v-144H48c-17.67 0-32-14.32-32-32.01s14.33-31.99 32-31.99H192v-144c0-17.69 14.33-32.01 32-32.01s32 14.32 32 32.01v144h144C417.7 224 432 238.3 432 256z\"><\/path><\/svg>\n\t\t\t\t\t\t\t<\/span>\n\t\t\t\t\t\t<span class=\"uagb-icon-active uagb-faq-icon-wrap\">\n\t\t\t\t\t\t\t\t<svg xmlns=\"https:\/\/www.w3.org\/2000\/svg\" viewBox= \"0 0 448 512\"><path d=\"M400 288h-352c-17.69 0-32-14.32-32-32.01s14.31-31.99 32-31.99h352c17.69 0 32 14.3 32 31.99S417.7 288 400 288z\"><\/path><\/svg>\n\t\t\t\t\t\t\t<\/span>\n\t\t\t<span class=\"uagb-question\"><strong>Concurs de m\u00e8rits<\/strong><\/span><\/div><div class=\"uagb-faq-content\"><p>Els funcionaris docents poden participar al concurs de m\u00e8rits (quan estigui actiu) per tal d&#8217;obtenir una comissi\u00f3 de serveis a l&#8217;IOC. <a href=\"https:\/\/educacio.gencat.cat\/ca\/serveis-tramits\/treballa-amb-nosaltres\/concursos\/\" target=\"_blank\" rel=\"noreferrer noopener\">[+] Veure&#8217;n m\u00e9s<\/a><\/p><\/div><\/div><div class=\"wp-block-uagb-faq-child uagb-faq-child__outer-wrap uagb-faq-item uagb-block-aefb186a \" role=\"tab\" tabindex=\"0\"><div class=\"uagb-faq-questions-button uagb-faq-questions\">\t\t\t<span class=\"uagb-icon uagb-faq-icon-wrap\">\n\t\t\t\t\t\t\t\t<svg xmlns=\"https:\/\/www.w3.org\/2000\/svg\" viewBox= \"0 0 448 512\"><path d=\"M432 256c0 17.69-14.33 32.01-32 32.01H256v144c0 17.69-14.33 31.99-32 31.99s-32-14.3-32-31.99v-144H48c-17.67 0-32-14.32-32-32.01s14.33-31.99 32-31.99H192v-144c0-17.69 14.33-32.01 32-32.01s32 14.32 32 32.01v144h144C417.7 224 432 238.3 432 256z\"><\/path><\/svg>\n\t\t\t\t\t\t\t<\/span>\n\t\t\t\t\t\t<span class=\"uagb-icon-active uagb-faq-icon-wrap\">\n\t\t\t\t\t\t\t\t<svg xmlns=\"https:\/\/www.w3.org\/2000\/svg\" viewBox= \"0 0 448 512\"><path d=\"M400 288h-352c-17.69 0-32-14.32-32-32.01s14.31-31.99 32-31.99h352c17.69 0 32 14.3 32 31.99S417.7 288 400 288z\"><\/path><\/svg>\n\t\t\t\t\t\t\t<\/span>\n\t\t\t<span class=\"uagb-question\"><strong>Vacants ofertes<\/strong><\/span><\/div><div class=\"uagb-faq-content\"><p>El professorat inter\u00ed assignat per borsa de treball pot apuntar-se a les vacants que s&#8217;ofertin. <a href=\"https:\/\/minerva.ioc.cat\" target=\"_blank\" rel=\"noreferrer noopener\">[+] Veure&#8217;n m\u00e9s<\/a><\/p><\/div><\/div><div class=\"wp-block-uagb-faq-child uagb-faq-child__outer-wrap uagb-faq-item uagb-block-0aa69f22 \" role=\"tab\" tabindex=\"0\"><div class=\"uagb-faq-questions-button uagb-faq-questions\">\t\t\t<span class=\"uagb-icon uagb-faq-icon-wrap\">\n\t\t\t\t\t\t\t\t<svg xmlns=\"https:\/\/www.w3.org\/2000\/svg\" viewBox= \"0 0 448 512\"><path d=\"M432 256c0 17.69-14.33 32.01-32 32.01H256v144c0 17.69-14.33 31.99-32 31.99s-32-14.3-32-31.99v-144H48c-17.67 0-32-14.32-32-32.01s14.33-31.99 32-31.99H192v-144c0-17.69 14.33-32.01 32-32.01s32 14.32 32 32.01v144h144C417.7 224 432 238.3 432 256z\"><\/path><\/svg>\n\t\t\t\t\t\t\t<\/span>\n\t\t\t\t\t\t<span class=\"uagb-icon-active uagb-faq-icon-wrap\">\n\t\t\t\t\t\t\t\t<svg xmlns=\"https:\/\/www.w3.org\/2000\/svg\" viewBox= \"0 0 448 512\"><path d=\"M400 288h-352c-17.69 0-32-14.32-32-32.01s14.31-31.99 32-31.99h352c17.69 0 32 14.3 32 31.99S417.7 288 400 288z\"><\/path><\/svg>\n\t\t\t\t\t\t\t<\/span>\n\t\t\t<span class=\"uagb-question\"><strong>Professorat col\u00b7laborador<\/strong><\/span><\/div><div class=\"uagb-faq-content\"><p>El professorat del cos docent de la Generalitat pot oferir-se com a professorat col\u00b7laborador a la borsa interna de l&#8217;IOC.<br><br><strong>DESCRIPCI\u00d3 DEL LLOC<\/strong><br><strong>Nom del lloc<br><\/strong>Professors col\u00b7laboradors Institut Obert de Catalunya<br><strong>Unitat<br><\/strong>Institut Obert de Catalunya IOC<br><strong>Localitat<br><\/strong>Barcelona<br><strong>Destinataris<br><\/strong>Personal docent en situaci\u00f3 de servei actiu, funcionari de carrera o inter\u00ed amb nomenament per a tot el per\u00edode lectiu corresponent, adscrit a altres centres educatius del Departament.<br><strong>Tipologia de lloc<br><\/strong>Professorat col\u00b7laborador assumeix la metodologia educativa de l&#8217;IOC i exerceix les seves funcions d&#8217;acord amb les directrius fixades pel professorat responsable de la seva coordinaci\u00f3.<br><strong>Forma d\u2019ocupaci\u00f3<\/strong><br>Borsa de professors col\u00b7laboradors, activitat amb car\u00e0cter no permanent i en funci\u00f3 de la necessitat del servei a l\u2019IOC per a un curs escolar, un semestre o un trimestre, segons els ensenyaments a impartir.<br><strong>Complement associat<\/strong><br>Indemnitzaci\u00f3 per ra\u00f3 del servei del professorat col\u00b7laborador, preu p\u00fablic establert a l\u2019annex DECRET 57\/2020, de 19 de maig, de l&#8217;Institut Obert de Catalunya.<br><strong>Jornada<\/strong><br>L&#8217;execuci\u00f3 de la col\u00b7laboraci\u00f3 per part del professorat no pot interferir en el desenvolupament de la funci\u00f3 docent duta a terme en el centre educatiu al qual est\u00e0 adscrit.<br>El document d&#8217;enc\u00e0rrec de servei docent, costaran les condicions espec\u00edfiques relatives a la realitzaci\u00f3 de l&#8217;activitat, per a un curs escolar, un semestre o un trimestre, segons els ensenyaments a impartir. Durant aquest per\u00edode nom\u00e9s es pot ser professor col\u00b7laborador d&#8217;una especialitat d&#8217;un \u00fanic ensenyament.<br><strong>Durada<\/strong><br>En funci\u00f3 de la necessitat del servei a l\u2019IOC per a un curs escolar, un semestre o un trimestre, segons els ensenyaments a impartir.<br><br><strong>REQUISITS DE PARTICIPACI\u00d3<\/strong><br>Personal docent en situaci\u00f3 de servei actiu, funcionari de carrera o inter\u00ed amb nomenament per a tot el per\u00edode lectiu corresponent, adscrit a altres centres educatius del Departament.<br>Tenir alguna de les especialitats convocades.<br>Perfil professional de compet\u00e8ncia digital docent o compet\u00e8ncia digital B2 o superior.<br><br><strong>COMPATIBILITAT<\/strong><br>Les persones inscrites a la borsa hauran d&#8217;acreditar la compatibilitat per a l&#8217;activitat en el cas de pert\u00e0nyer al cos de personal docent de la Generalitat de Catalunya abans de ser admesos de manera definitiva a la borsa de col\u00b7laboradors.<br>Aquesta compatibilitat s&#8217;ha d&#8217;acreditar mitjan\u00e7ant la corresponent resoluci\u00f3 i s&#8217;haur\u00e0 de renovar cada curs escolar.<br>Caldr\u00e0 sol\u00b7licitar una nova compatibilitat de llocs de treball si s&#8217;ha produ\u00eft una modificaci\u00f3 en l&#8217;horari lectiu del docent, o si canvien la destinaci\u00f3 o les condicions del lloc de treball.<br><br><strong>PERFIL COMPETENCIAL DEL LLOC DE TREBALL<\/strong><br><strong>Compet\u00e8ncia digital<\/strong><br>Con\u00e8ixer i gestionar integrar les possibilitats creatives de les eines tecnol\u00f2giques de darrera generaci\u00f3 en les pr\u00e0ctiques d\u2019aula rellevants.<br><strong>Compet\u00e8ncia docent en la mat\u00e8ria<\/strong><br>Aplicar els coneixements de la mat\u00e8ria impartida en la gesti\u00f3 de l&#8217;aula virtual i en l&#8217;avaluaci\u00f3 de les activitats presentades per l&#8217;alumnat de manera aut\u00f2noma.<br><strong>Compet\u00e8ncia en elaboraci\u00f3 de recursos educatius i materials did\u00e0ctics<\/strong><br>Dissenyar, avaluar i publicar recursos educatius, propostes d\u2019aula i materials did\u00e0ctics que impulsin la innovaci\u00f3 fonamentada en la recerca, envers un aprenentatge significatiu i amb sentit.<br><strong>FUNCIONS<\/strong><br>Funcions docents adaptades a la metodologia de l&#8217;educaci\u00f3 no presencial, utilitzant entorns educatius virtuals, mitjans tecnol\u00f2gics i inform\u00e0tics i eines de comunicaci\u00f3 telem\u00e0tiques, aplicant m\u00e8todes pedag\u00f2gics i emprant recursos i materials did\u00e0ctics que potenci\u00efn i facilitin un aprenentatge aut\u00f2nom, la interacci\u00f3 alumnat-professorat i alumnat-alumnat, i el desenvolupament d&#8217;habilitats per a l&#8217;\u00fas de les tecnologies de la informaci\u00f3 i la comunicaci\u00f3 i l&#8217;acc\u00e9s a la informaci\u00f3.<br>Dissenyar, avaluar i publicar recursos educatius, propostes d\u2019aula i materials did\u00e0ctics que impulsin la innovaci\u00f3 fonamentada en la recerca, envers un aprenentatge significatiu i amb sentit.<br>\u00a0<br><a href=\"https:\/\/minerva.ioc.cat\" target=\"_blank\" rel=\"noreferrer noopener\">INSCRIU-TE<\/a><\/p><\/div><\/div><\/div>","protected":false},"excerpt":{"rendered":"<p>Els docents de la Generalitat de Catalunya poden treballar a l&#8217;Institut Obert a trav\u00e9s de tres sistemes: Informaci\u00f3 detallada<\/p>\n","protected":false},"author":2,"featured_media":0,"parent":636,"menu_order":0,"comment_status":"closed","ping_status":"closed","template":"","meta":{"_acf_changed":false,"_uag_custom_page_level_css":"","site-sidebar-layout":"right-sidebar","site-content-layout":"","ast-site-content-layout":"normal-width-container","site-content-style":"default","site-sidebar-style":"default","ast-global-header-display":"","ast-banner-title-visibility":"","ast-main-header-display":"","ast-hfb-above-header-display":"","ast-hfb-below-header-display":"","ast-hfb-mobile-header-display":"","site-post-title":"","ast-breadcrumbs-content":"","ast-featured-img":"","footer-sml-layout":"","theme-transparent-header-meta":"","adv-header-id-meta":"","stick-header-meta":"","header-above-stick-meta":"","header-main-stick-meta":"","header-below-stick-meta":"","astra-migrate-meta-layouts":"default","ast-page-background-enabled":"default","ast-page-background-meta":{"desktop":{"background-color":"var(--ast-global-color-5)","background-image":"","background-repeat":"repeat","background-position":"center center","background-size":"auto","background-attachment":"scroll","background-type":"","background-media":"","overlay-type":"","overlay-color":"","overlay-opacity":"","overlay-gradient":""},"tablet":{"background-color":"","background-image":"","background-repeat":"repeat","background-position":"center center","background-size":"auto","background-attachment":"scroll","background-type":"","background-media":"","overlay-type":"","overlay-color":"","overlay-opacity":"","overlay-gradient":""},"mobile":{"background-color":"","background-image":"","background-repeat":"repeat","background-position":"center center","background-size":"auto","background-attachment":"scroll","background-type":"","background-media":"","overlay-type":"","overlay-color":"","overlay-opacity":"","overlay-gradient":""}},"ast-content-background-meta":{"desktop":{"background-color":"var(--ast-global-color-4)","background-image":"","background-repeat":"repeat","background-position":"center center","background-size":"auto","background-attachment":"scroll","background-type":"","background-media":"","overlay-type":"","overlay-color":"","overlay-opacity":"","overlay-gradient":""},"tablet":{"background-color":"var(--ast-global-color-4)","background-image":"","background-repeat":"repeat","background-position":"center center","background-size":"auto","background-attachment":"scroll","background-type":"","background-media":"","overlay-type":"","overlay-color":"","overlay-opacity":"","overlay-gradient":""},"mobile":{"background-color":"var(--ast-global-color-4)","background-image":"","background-repeat":"repeat","background-position":"center center","background-size":"auto","background-attachment":"scroll","background-type":"","background-media":"","overlay-type":"","overlay-color":"","overlay-opacity":"","overlay-gradient":""}},"footnotes":""},"class_list":["post-706","page","type-page","status-publish","hentry"],"acf":[],"uagb_featured_image_src":{"full":false,"thumbnail":false,"medium":false,"medium_large":false,"large":false,"1536x1536":false,"2048x2048":false},"uagb_author_info":{"display_name":"admin_design","author_link":"https:\/\/ioc.xtec.cat\/educacio\/author\/admin_design\/"},"uagb_comment_info":0,"uagb_excerpt":"Els docents de la Generalitat de Catalunya poden treballar a l&#8217;Institut Obert a trav\u00e9s de tres sistemes: Informaci\u00f3 detallada","_links":{"self":[{"href":"https:\/\/ioc.xtec.cat\/educacio\/wp-json\/wp\/v2\/pages\/706","targetHints":{"allow":["GET"]}}],"collection":[{"href":"https:\/\/ioc.xtec.cat\/educacio\/wp-json\/wp\/v2\/pages"}],"about":[{"href":"https:\/\/ioc.xtec.cat\/educacio\/wp-json\/wp\/v2\/types\/page"}],"author":[{"embeddable":true,"href":"https:\/\/ioc.xtec.cat\/educacio\/wp-json\/wp\/v2\/users\/2"}],"replies":[{"embeddable":true,"href":"https:\/\/ioc.xtec.cat\/educacio\/wp-json\/wp\/v2\/comments?post=706"}],"version-history":[{"count":35,"href":"https:\/\/ioc.xtec.cat\/educacio\/wp-json\/wp\/v2\/pages\/706\/revisions"}],"predecessor-version":[{"id":7593,"href":"https:\/\/ioc.xtec.cat\/educacio\/wp-json\/wp\/v2\/pages\/706\/revisions\/7593"}],"up":[{"embeddable":true,"href":"https:\/\/ioc.xtec.cat\/educacio\/wp-json\/wp\/v2\/pages\/636"}],"wp:attachment":[{"href":"https:\/\/ioc.xtec.cat\/educacio\/wp-json\/wp\/v2\/media?parent=706"}],"curies":[{"name":"wp","href":"https:\/\/api.w.org\/{rel}","templated":true}]}}