{"id":631,"date":"2025-11-04T08:15:24","date_gmt":"2025-11-04T08:15:24","guid":{"rendered":"https:\/\/ioc.xtec.cat\/educacio\/?page_id=631"},"modified":"2026-02-04T11:00:57","modified_gmt":"2026-02-04T10:00:57","slug":"historia-de-lioc","status":"publish","type":"page","link":"https:\/\/ioc.xtec.cat\/educacio\/lioc\/historia-de-lioc\/","title":{"rendered":"Hist\u00f2ria de l&#8217;IOC"},"content":{"rendered":"\n<p class=\"has-medium-font-size\">L&#8217;IOC va n\u00e9ixer a partir de la integraci\u00f3 en un \u00fanic centre de tres iniciatives ja existents en mat\u00e8ria de formaci\u00f3 no presencial, gestionades des del Departament d&#8217;Ensenyament.<\/p>\n\n\n\n<p>La idea d&#8217;integrar-les en una \u00fanica instituci\u00f3 no pretenia nom\u00e9s optimitzar recursos, homogene\u00eftzar criteris i sistematitzar processos, sin\u00f3 que tamb\u00e9 pretenia impulsar l&#8217;oferta de noves activitats formatives i nous ensenyaments demandats per la societat i potenciar el posicionament institucional del Centre al territori per convertir-lo en un centre de refer\u00e8ncia.<br><br>L&#8217;IOC, com a nova organitzaci\u00f3, no es desenvolupa a partir de la idea de crear un centre id\u00e8ntic al presencial per\u00f2 convertit en un format<em> en l\u00ednia<\/em>, sin\u00f3 que es conceptualitza com a una instituci\u00f3 nova, \u00fanica i singular.<\/p>\n\n\n\n<ul class=\"wp-block-list\">\n<li><a href=\"https:\/\/ioc.xtec.cat\/educacio\/lioc\/historia-de-lioc#icesd\" data-type=\"link\" data-id=\"https:\/\/ioc.xtec.cat\/educacio\/historia-ioc#icesd\">Breu hist\u00f2ria de l&#8217;ICESD (ESO i Batxillerat)<\/a><\/li>\n\n\n\n<li><a href=\"https:\/\/ioc.xtec.cat\/educacio\/lioc\/historia-de-lioc#ges\">El Graduat en Educaci\u00f3 Secund\u00e0ria (GES) a dist\u00e0ncia per a persones adultes<\/a><\/li>\n\n\n\n<li><a href=\"https:\/\/ioc.xtec.cat\/educacio\/lioc\/historia-de-lioc#fp\">Breu hist\u00f2ria de l&#8217;FP Oberta<\/a><\/li>\n\n\n\n<li><a href=\"https:\/\/ioc.xtec.cat\/educacio\/lioc\/historia-de-lioc#evolucio\">L&#8217;evoluci\u00f3 de l&#8217;IOC<\/a><\/li>\n\n\n\n<li><a href=\"https:\/\/ioc.xtec.cat\/educacio\/lioc\/historia-de-lioc#futur\">Mirant cap al futur<\/a>&nbsp;<\/li>\n<\/ul>\n\n\n\n<div style=\"height:40px\" aria-hidden=\"true\" class=\"wp-block-spacer\"><\/div>\n\n\n\n<h3 class=\"wp-block-heading\" id=\"icesd\"><a><\/a>Breu hist\u00f2ria ICESD<\/h3>\n\n\n\n<p>L&#8217;INBAD, Instituto Nacional de Bachillerato a Distancia, va comen\u00e7ar a Barcelona el curs 1978-79 amb alumnes de 1r de BUP. Llavors hi havia tres professors amb dedicaci\u00f3 exclusiva i la resta completava el seu horari lectiu en altres instituts. El curs seg\u00fcent ja es va matricular alumnat de 2n de BUP, i aix\u00ed successivament fins a completar el cicle amb 3r de BUP i COU. Progressivament, el nombre d\u2019alumnes i de professors\/es va anar creixent.<br><br>L\u2019INBAD depenia del Ministeri d\u2019Educaci\u00f3 i Ci\u00e8ncia i el professorat tenia relaci\u00f3 amb la seu central que es trobava a Madrid. L&#8217;any 2003, i com a culminaci\u00f3 d&#8217;un llarg proc\u00e9s d&#8217;experimentaci\u00f3, es va arribar a fer un curr\u00edculum espec\u00edfic per a formaci\u00f3 secund\u00e0ria de persones adultes.<\/p>\n\n\n\n<p>Malgrat que l&#8217;alumnat no era gaire nombr\u00f3s, s\u00ed que hi havia il\u00b7lusi\u00f3 per treballar en el camp de l\u2019ensenyament a dist\u00e0ncia i con\u00e8ixer la problem\u00e0tica espec\u00edfica d\u2019aquest tipus d\u2019alumnat provinent dels col\u00b7lectius que havien quedat marginats dels estudis secundaris. Al centre tamb\u00e9 es feien activitats culturals i l\u00fadiques, que afavorien una formaci\u00f3 m\u00e9s completa de l&#8217;alumnat. Un suport significatiu de l&#8217;antic INBAD fou el material did\u00e0ctic. Cada any, el professorat de de totes les extensions de l&#8217;Estat es reunia per anar avaluant un material did\u00e0ctic espec\u00edfic per a l&#8217;alumnat que estudiava a dist\u00e0ncia. Un aspecte rellevant de l&#8217;esmentat material era que havia de ser autosuficient per a l&#8217;estudi. Aix\u00ed es va anar configurant el sistema caracter\u00edstic de treball quinzenal, considerat com el m\u00e9s idoni tant per fraccionar la mat\u00e8ria de cadascuna de les assignatures, com per realitzar les activitats que afavorien i preparaven per a les proves d&#8217;avaluaci\u00f3. Aquest sistema de treball i la utilitzaci\u00f3 d&#8217;un material did\u00e0ctic espec\u00edfic va permetre un alt nivell de qualitat en l&#8217;ensenyament a dist\u00e0ncia del BUP i COU.<br><br>El curs 1990-91 l&#8217;INBAD va ser transferit a la Generalitat de Catalunya i va passar a anomenar-se ICESD, Institut Catal\u00e0 d&#8217;Ensenyament Secundari a Dist\u00e0ncia. El Centre apleg\u00e0 i potencia totes aquelles persones i col\u00b7lectius que per motius diversos i justificats no poden assistir di\u00e0riament a un centre presencial. En aquest sentit, l&#8217;ICESD tenia una demanda molt diversificada que inclo\u00efa moltes tipologies i interessos diferents.<br><br>L&#8217;any 1996 es va comen\u00e7ar a desplegar a l&#8217;ICESD el curs per a la obtenci\u00f3 del t\u00edtol de Graduat en ESO i, l&#8217;any seg\u00fcent, el Batxillerat LOGSE. El Departament d&#8217;Ensenyament va comen\u00e7ar una nova forma de fer ensenyament a dist\u00e0ncia a l&#8217;ICESD que implementava l&#8217;estudi del Graduat en ESO i del Batxillerat per via telem\u00e0tica utilitzant l&#8217;entorn de la UOC.<br><br>L&#8217;any 2002 l&#8217;ICESD assumeix que un pilar b\u00e0sic de la formaci\u00f3 a dist\u00e0ncia ha de permetre la comunicaci\u00f3 r\u00e0pida, exclusiva i confidencial amb el seu alumnat, i posa en funcionament un portal web. Cada alumne\/a matriculat pot obtenir, entre d&#8217;altres serveis: una adre\u00e7a de correu electr\u00f2nic, el rep\u00e0s de la matr\u00edcula, la comprovaci\u00f3 de les notes de cada avaluaci\u00f3, els avisos i\/o orientacions que fa el professorat al llarg del curs, els horaris d&#8217;ex\u00e0mens, una comunicaci\u00f3 m\u00e9s \u00e0gil amb el professorat, etc.<br><br>En atenci\u00f3 a la diversitat d&#8217;interessos de l&#8217;alumnat, a l&#8217;ICESD hi havia previstes diferents modalitats d&#8217;estudi: alumnes semi-presencials que assisteixen a les tutories individuals o col\u00b7lectives; alumnes que segueixen els seus estudis per via telem\u00e0tica amb ordinador; alumnes que estudien per correspond\u00e8ncia residents al pa\u00eds o a l&#8217;estranger; i alumnes dels centres penitenciaris de tota Catalunya.<br><br>La Seu Central de l&#8217;ICESD es trobava a Barcelona, al carrer de Sardenya 420. Tamb\u00e9 hi havia Centres col\u00b7laboradors de l&#8217;ICESD a Girona, Tarragona i Lleida, els quals feien el seguiment de l&#8217;alumnat de les seves respectives demarcacions.<\/p>\n\n\n\n<div style=\"height:40px\" aria-hidden=\"true\" class=\"wp-block-spacer\"><\/div>\n\n\n\n<h3 class=\"wp-block-heading\" id=\"ges\"><a><\/a>El Graduat en Educaci\u00f3 Secund\u00e0ria (GES) a dist\u00e0ncia per a persones adultes<\/h3>\n\n\n\n<p>L&#8217;any 1989 es cre\u00e0 \u201cGradu\u00ef&#8217;s, ara pot\u201d, un programa de formaci\u00f3 a dist\u00e0ncia per a persones adultes per a l&#8217;obtenci\u00f3 del t\u00edtol de Graduat Escolar. Es basava en l&#8217;exist\u00e8ncia de materials autoformatius elaborats espec\u00edficament per al programa que consistien, per una banda, en uns quaderns de treball de les diverses mat\u00e8ries i, per l&#8217;altra, en els v\u00eddeos de les emissions que se&#8217;n feien per la Televisi\u00f3 de Catalunya.<br><br>Aquest programa finalitz\u00e0 quan, amb l&#8217;entrada en vigor de la LOGSE, acab\u00e0 tamb\u00e9 l&#8217;antic sistema educatiu on la titulaci\u00f3 m\u00ednima era el Graduat Escolar.<\/p>\n\n\n\n<p>L&#8217;any 2003, i com a culminaci\u00f3 d&#8217;un llarg proc\u00e9s d&#8217;experimentaci\u00f3 pel que fa a un curr\u00edculum espec\u00edfic per a formaci\u00f3 secund\u00e0ria de persones adultes, es present\u00e0 el programa successor de l&#8217;antic &#8220;Gradu\u00ef&#8217;s, ara pot&#8221; anomenat, en conseq\u00fc\u00e8ncia, &#8220;Gradu\u00ef&#8217;s, ara en secund\u00e0ria&#8221;. Seguint el model de l&#8217;anterior aquest tamb\u00e9 estava basat en uns Quaderns de treball autoformatius i unes emissions televisives d&#8217;unitats did\u00e0ctiques independents.<br><br>Per\u00f2 en els anys transcorreguts entre l&#8217;un i l&#8217;altre havia aparegut un fenomen que calia tenir molt present per les m\u00faltiples possibilitats comunicatives i educatives que comportava. Ens referim a Internet que, en molt poc temps, s&#8217;ha imposat en la vida quotidiana de la nostra societat d&#8217;una manera profunda i que ha dotat a l&#8217;ensenyament a dist\u00e0ncia d&#8217;eines molt potents i eficaces.<br><br>Al CFA Palau de Mar, el centre que tenia l&#8217;enc\u00e0rrec institucional de ser el gestor de la formaci\u00f3 secund\u00e0ria a dist\u00e0ncia, des del primer moment apost\u00e0rem per l&#8217;\u00fas intensiu del nou mitj\u00e0. Aix\u00ed que crearem <a href=\"http:\/\/www.suporttelematic.net\">www.suporttelematic.net<\/a>, el nostre propi entorn virtual d&#8217;ensenyament i aprenentatge basat en el conegut programa de codi lliure Moodle.Amb el temps i a causa de la quantitat creixent d&#8217;usuaris l&#8217;entorn pass\u00e0 a un servidor d&#8217;XTEC, molt m\u00e9s potent i fiable on encara ara s&#8217;allotja.<br><br>En aquest entorn virtual l&#8217;estudiant hi troba, no solament els m\u00f2duls que est\u00e0 estudiant amb tots els recursos i activitats que li proposa el professorat, sin\u00f3 tamb\u00e9 cursos de tutoria on comunicar-se amb la seva persona tutora. I des d&#8217;aquest entorn tamb\u00e9 pot accedir a la Secretaria, l&#8217;entorn de gesti\u00f3 acad\u00e8mica integrat perfectament amb el d&#8217;ensenyament i aprenentatge i des d&#8217;on pot con\u00e8ixer des de les notes obtingudes en el darrer trimestre fins al seu itinerari formatiu.<br><br>Un punt clau per l&#8217;\u00e8xit d&#8217;aquest programa ha estat la tutoritzaci\u00f3 dels estudiants. Aix\u00ed que un estudiant s&#8217;hi inscriu, se li assigna una persona tutora que l&#8217;acompanyar\u00e0 al llarg dels seus estudis orientant-lo i guiant-lo per aconseguir treure el m\u00e0xim rendiment del seu esfor\u00e7. Aquesta persona tutora pot ser algun membre del professorat de l&#8217;IOC o b\u00e9 d&#8217;algun dels m\u00e9s de 30 centres de suport repartits per tot el pa\u00eds i que informen, acullen i tutoritzen a les persones del seu entorn m\u00e9s proper.<br><br>Podem concloure que els ensenyaments secundaris a dist\u00e0ncia per a persones adultes s&#8217;han caracteritzat sempre per un tret distintiu: l&#8217;adaptaci\u00f3 dels curr\u00edculums i de la metodologia a les necessitats i possibilitats d&#8217;aquestes persones que tenen sobre s\u00ed responsabilitats laborals, familiars i socials. Per aix\u00f2 s&#8217;ha facilitat la incorporaci\u00f3 trimestral als estudis, s&#8217;han adaptat els continguts i les activitats formatives de manera que siguin motivadores i adients a la poblaci\u00f3 adulta i, finalment, s&#8217;ha potenciat l&#8217;acollida d&#8217;aquelles persones que veien els estudis com una cosa allunyada a les seves possibilitats.<\/p>\n\n\n\n<div style=\"height:40px\" aria-hidden=\"true\" class=\"wp-block-spacer\"><\/div>\n\n\n\n<h3 class=\"wp-block-heading\" id=\"fp\"><a><\/a>Breu hist\u00f2ria de l&#8217;FP Oberta<\/h3>\n\n\n\n<p>El setembre de 2004 la Direcci\u00f3 General de Formaci\u00f3 Professional i Educaci\u00f3 Permanent, (actualment Direcci\u00f3 General d\u2019Ensenyaments Professionals, Art\u00edstics i Especialitzats), vol posar en funcionament els ensenyaments dels Cicles Formatius de Formaci\u00f3 Professional espec\u00edfica i donar un nou impuls als ensenyaments de Graduat en Educaci\u00f3 Secund\u00e0ria per a persones adultes en la modalitat a dist\u00e0ncia.<br><br>Des del setembre de 2004 es treballa per a definir el model de formaci\u00f3 professional no presencial i dissenyar els mitjans necessaris per a la seva implantaci\u00f3.El desenvolupament i implantaci\u00f3 del projecte es preveu de forma progressiva.<br><br>S\u2019inicia amb una prova pilot que permet l\u2019an\u00e0lisi i avaluaci\u00f3 de l\u2019aplicaci\u00f3 i els resultats, aix\u00ed com la regulaci\u00f3 necess\u00e0ria per a la posterior generalitzaci\u00f3 d\u2019aquests ensenyaments.<br><br>El novembre de 2005 s&#8217;obre el per\u00edode d&#8217;inscripci\u00f3 als Cicles formatius a dist\u00e0ncia amb 300 places. M\u00e9s de 1.000 persones sol\u00b7liciten l&#8217;acc\u00e9s a aquests ensenyaments. El 9 de gener de 2006 s&#8217;inicia el curs.En la prova pilot s&#8217;ofereixen 12 cr\u00e8dits de quatre cicles formatius.<br><br>Els ensenyaments s&#8217;organitzen en dos semestres i s&#8217;imparteixen a trav\u00e9s de l&#8217;institut virtual (<a href=\"http:\/\/www.fpoberta.net\">www.fpoberta.net<\/a>). Els estudiants reben i tenen acc\u00e9s al material did\u00e0ctic dissenyat espec\u00edficament.<br><br>Normativament aquests ensenyaments queden inclosos en l&#8217;oferta formativa de l&#8217;Institut Catal\u00e0 d&#8217;Ensenyament Secundari a Dist\u00e0ncia (ICESD) tot i que la seva organitzaci\u00f3 i funcionament s\u00f3n independents.<br><br>L&#8217;any 2006 el Departament d&#8217;Ensenyament vol dissenyar un model \u00fanic de formaci\u00f3 no presencial, de formaci\u00f3 a dist\u00e0ncia. Aquesta voluntat inclou integrar en una \u00fanica entitat tota l&#8217;oferta d&#8217;ensenyaments que actualment s&#8217;imparteixen a dist\u00e0ncia i tots aquells que es puguin impartir en un futur.<br><br>El curs 2006-2007 despr\u00e9s de l&#8217;avaluaci\u00f3 satisfact\u00f2ria de la prova pilot, s&#8217;amplia l&#8217;oferta formativa amb m\u00e9s cicles i cr\u00e8dits i amb un nombre superior de places. Aquests ensenyaments s&#8217;integren amb la resta d&#8217;ensenyaments a dist\u00e0ncia a l&#8217;Institut Obert de Catalunya.<\/p>\n\n\n\n<div style=\"height:40px\" aria-hidden=\"true\" class=\"wp-block-spacer\"><\/div>\n\n\n\n<h3 class=\"wp-block-heading\" id=\"evolucio\"><a><\/a>L&#8217;evoluci\u00f3 de l&#8217;IOC<\/h3>\n\n\n\n<p>A partir del curs 2007\/08 l&#8217;IOC desenvolupa un Campus propi, sobre plataforma moodle, que integra tots els estudis que oferta i una Secretaria virtual amb funcions d&#8217;Oficina virtual.<\/p>\n\n\n\n<p>La plataforma que aglutina el conjunt d\u2019accions formatives i ensenyaments de l\u2019IOC es caracteritza per:<\/p>\n\n\n\n<ul class=\"wp-block-list\">\n<li>Afavorir models formatius col\u00b7laboratius.<\/li>\n\n\n\n<li>Esdevenir tecnologia que sigui f\u00e0cilment adaptable (a les necessitats de l\u2019IOC, dels seus ensenyaments, &#8230;), actualitzable (noves versions, millores, ..), integrable (amb d\u2019altres tecnologies i dispositius m\u00f2bils, ..)<\/li>\n\n\n\n<li>Tenir criteris clars d\u2019usabilitat (amb un disseny comunicatiu i una facilitat en l\u2019\u00fas de l\u2019eina)<\/li>\n\n\n\n<li>Disposar d&#8217;eines i recursos per afavorir la comunicaci\u00f3 entre els professionals, el treball en equip, l\u2019accessibilitat a recursos, l\u2019autogesti\u00f3 del propi treball individual, la creaci\u00f3 de continguts (per a facilitar-ne la seva creaci\u00f3 per part dels experts sense que aquests hagin d\u2019esdevenir t\u00e8cnics inform\u00e0tics), el seguiment actiu dels participants i del col\u00b7lectiu formador, per a l\u2019administraci\u00f3 i<br>gesti\u00f3 dels programes, etc.<\/li>\n\n\n\n<li>Seguir un model basat en est\u00e0ndards internacionals, el que ha de facilitar la interoperativitat, reutilitzaci\u00f3 i personalitzaci\u00f3 dels materials i recursos.<\/li>\n\n\n\n<li>Permetre una accessibilitat multiperfil (alumnat, professorat, tutors\/es, gestors\/es, redactors\/es i creadors\/es, &#8230;).<\/li>\n\n\n\n<li>Ser oberta i din\u00e0mica.<\/li>\n\n\n\n<li>Estar basada en codi obert, per a facilitar-ne la seva actualitzaci\u00f3 i l\u2019aprofitament de recursos i innovacions d\u2019altres empreses i organitzacions.<\/li>\n\n\n\n<li>Permetre la modularitzaci\u00f3 en l\u2019\u00fas de les eines i recursos de la plataforma en funci\u00f3 de les especificitats dels ensenyaments.<\/li>\n\n\n\n<li>Facilitar la incorporaci\u00f3 de tecnologia addicional desenvolupada (simuladors, jocs interactius, &#8230;).<\/li>\n<\/ul>\n\n\n\n<p>En el curs 2008\/09 es crea una wiki pr\u00f2pia per a la creaci\u00f3 i elaboraci\u00f3 de materials did\u00e0ctics. Se signa un conveni entre les Conselleries de Catalunya i la de les Illes Balears pel qual l&#8217;IOC \u00e9s actua com a centre d&#8217;FP a dist\u00e0ncia de les Illes Balears a partir del seg\u00fcent curs.<\/p>\n\n\n\n<p>En el curs 2009\/10 es desenvolupa una nova web que s&#8217;implanta el novembre de 2010. Es comen\u00e7a l&#8217;experi\u00e8ncia d&#8217;FP rural.<\/p>\n\n\n\n<p>Durant aquests anys s&#8217;implanten nous cursos com el de preparaci\u00f3 per a la prova d&#8217;acc\u00e9s a cicles formatius de grau superior, nous cicles formatius d&#8217;FP, el curs CCNA Discovery de Cisco Networking Academy i durant el curs 2010\/11 s&#8217;implantar\u00e0 la formaci\u00f3 dels nivells b\u00e0sic i intermedi d&#8217;angl\u00e8s.<\/p>\n\n\n\n<p>Dels 5.864 alumnes que van passar per les nostres aules durant el primer curs, durant el 2009\/10 v\u00e0rem passar atendre&#8217;n 23.925.<\/p>\n\n\n\n<div style=\"height:40px\" aria-hidden=\"true\" class=\"wp-block-spacer\"><\/div>\n\n\n\n<h3 class=\"wp-block-heading\" id=\"futur\">Mirant cap al futur<\/h3>\n\n\n\n<p>En el m\u00f3n de la globalitzaci\u00f3 i de la Societat del Coneixement<\/p>\n\n\n\n<p>En el m\u00f3n de la globalitzaci\u00f3 i de la Societat del Coneixement i de la Informaci\u00f3 l&#8217;IOC ha de tenir un paper cada vegada m\u00e9s rellevant en un dels objectius principals del sistema educatiu: la formaci\u00f3 al llarg de tota la vida de les persones. I aix\u00f2 ho ha de fer treient tot el profit possible de les Tecnologies de la Informaci\u00f3 i la Comunicaci\u00f3 mitjan\u00e7ant l&#8217;aprofitament de l&#8217;experi\u00e8ncia pr\u00e8via dels col\u00b7lectius que s&#8217;hi han trobat i sobretot establint sistemes d&#8217;ensenyament i aprenentatge molt flexibles i cont\u00ednuament renovats que assegurin l&#8217;assoliment d&#8217;aquest objectiu.<\/p>\n\n\n\n<p><\/p>\n","protected":false},"excerpt":{"rendered":"<p>L&#8217;IOC va n\u00e9ixer a partir de la integraci\u00f3 en un \u00fanic centre de tres iniciatives ja existents en mat\u00e8ria de [&hellip;]<\/p>\n","protected":false},"author":2,"featured_media":0,"parent":636,"menu_order":0,"comment_status":"closed","ping_status":"closed","template":"","meta":{"_acf_changed":false,"_uag_custom_page_level_css":"","site-sidebar-layout":"right-sidebar","site-content-layout":"","ast-site-content-layout":"normal-width-container","site-content-style":"default","site-sidebar-style":"default","ast-global-header-display":"","ast-banner-title-visibility":"","ast-main-header-display":"","ast-hfb-above-header-display":"","ast-hfb-below-header-display":"","ast-hfb-mobile-header-display":"","site-post-title":"","ast-breadcrumbs-content":"","ast-featured-img":"","footer-sml-layout":"","theme-transparent-header-meta":"","adv-header-id-meta":"","stick-header-meta":"","header-above-stick-meta":"","header-main-stick-meta":"","header-below-stick-meta":"","astra-migrate-meta-layouts":"default","ast-page-background-enabled":"default","ast-page-background-meta":{"desktop":{"background-color":"var(--ast-global-color-5)","background-image":"","background-repeat":"repeat","background-position":"center center","background-size":"auto","background-attachment":"scroll","background-type":"","background-media":"","overlay-type":"","overlay-color":"","overlay-opacity":"","overlay-gradient":""},"tablet":{"background-color":"","background-image":"","background-repeat":"repeat","background-position":"center center","background-size":"auto","background-attachment":"scroll","background-type":"","background-media":"","overlay-type":"","overlay-color":"","overlay-opacity":"","overlay-gradient":""},"mobile":{"background-color":"","background-image":"","background-repeat":"repeat","background-position":"center center","background-size":"auto","background-attachment":"scroll","background-type":"","background-media":"","overlay-type":"","overlay-color":"","overlay-opacity":"","overlay-gradient":""}},"ast-content-background-meta":{"desktop":{"background-color":"var(--ast-global-color-4)","background-image":"","background-repeat":"repeat","background-position":"center center","background-size":"auto","background-attachment":"scroll","background-type":"","background-media":"","overlay-type":"","overlay-color":"","overlay-opacity":"","overlay-gradient":""},"tablet":{"background-color":"var(--ast-global-color-4)","background-image":"","background-repeat":"repeat","background-position":"center center","background-size":"auto","background-attachment":"scroll","background-type":"","background-media":"","overlay-type":"","overlay-color":"","overlay-opacity":"","overlay-gradient":""},"mobile":{"background-color":"var(--ast-global-color-4)","background-image":"","background-repeat":"repeat","background-position":"center center","background-size":"auto","background-attachment":"scroll","background-type":"","background-media":"","overlay-type":"","overlay-color":"","overlay-opacity":"","overlay-gradient":""}},"footnotes":""},"class_list":["post-631","page","type-page","status-publish","hentry"],"acf":[],"uagb_featured_image_src":{"full":false,"thumbnail":false,"medium":false,"medium_large":false,"large":false,"1536x1536":false,"2048x2048":false},"uagb_author_info":{"display_name":"admin_design","author_link":"https:\/\/ioc.xtec.cat\/educacio\/author\/admin_design\/"},"uagb_comment_info":0,"uagb_excerpt":"L&#8217;IOC va n\u00e9ixer a partir de la integraci\u00f3 en un \u00fanic centre de tres iniciatives ja existents en mat\u00e8ria de [&hellip;]","_links":{"self":[{"href":"https:\/\/ioc.xtec.cat\/educacio\/wp-json\/wp\/v2\/pages\/631","targetHints":{"allow":["GET"]}}],"collection":[{"href":"https:\/\/ioc.xtec.cat\/educacio\/wp-json\/wp\/v2\/pages"}],"about":[{"href":"https:\/\/ioc.xtec.cat\/educacio\/wp-json\/wp\/v2\/types\/page"}],"author":[{"embeddable":true,"href":"https:\/\/ioc.xtec.cat\/educacio\/wp-json\/wp\/v2\/users\/2"}],"replies":[{"embeddable":true,"href":"https:\/\/ioc.xtec.cat\/educacio\/wp-json\/wp\/v2\/comments?post=631"}],"version-history":[{"count":18,"href":"https:\/\/ioc.xtec.cat\/educacio\/wp-json\/wp\/v2\/pages\/631\/revisions"}],"predecessor-version":[{"id":3965,"href":"https:\/\/ioc.xtec.cat\/educacio\/wp-json\/wp\/v2\/pages\/631\/revisions\/3965"}],"up":[{"embeddable":true,"href":"https:\/\/ioc.xtec.cat\/educacio\/wp-json\/wp\/v2\/pages\/636"}],"wp:attachment":[{"href":"https:\/\/ioc.xtec.cat\/educacio\/wp-json\/wp\/v2\/media?parent=631"}],"curies":[{"name":"wp","href":"https:\/\/api.w.org\/{rel}","templated":true}]}}