{"id":403,"date":"2025-10-29T08:18:01","date_gmt":"2025-10-29T08:18:01","guid":{"rendered":"https:\/\/ioc.xtec.cat\/educacio\/?page_id=403"},"modified":"2025-11-26T11:26:05","modified_gmt":"2025-11-26T10:26:05","slug":"com-sestudia-a-lioc","status":"publish","type":"page","link":"https:\/\/ioc.xtec.cat\/educacio\/lioc\/com-sestudia-a-lioc\/","title":{"rendered":"Com s\u2019estudia a l\u2019IOC?"},"content":{"rendered":"\n<h3 class=\"wp-block-heading\">Principis generals<\/h3>\n\n\n\n<figure class=\"wp-block-image alignright size-full is-resized has-custom-border is-style-default\"><img loading=\"lazy\" decoding=\"async\" width=\"1284\" height=\"876\" src=\"https:\/\/ioc.xtec.cat\/educacio\/wp-content\/uploads\/2025\/10\/image-com-estudia.png\" alt=\"\" class=\"wp-image-405\" style=\"border-radius:20px;width:400px\"\/><\/figure>\n\n\n\n<p>L\u2019oferta p\u00fablica de l\u2019educaci\u00f3 a dist\u00e0ncia impartida per l\u2019Institut Obert de Catalunya junt amb diversos centres col\u00b7laboradors, es caracteritza per la seva variaci\u00f3, obertura i flexibilitat per tal d\u2019assolir, especialment, l\u2019extensi\u00f3 de l\u2019accessibilitat a aquesta formaci\u00f3, la simultane\u00eftat amb altres ensenyaments i la complementarietat amb altres accions i estrat\u00e8gies formatives, possibilitant en definitiva, l\u2019exercici efectiu del dret a la formaci\u00f3 permanent.<\/p>\n\n\n\n<p style=\"margin-top:0;margin-bottom:0\">La missi\u00f3 del nostre Institut \u00e9s educar, formar, orientar i acreditar al nostre alumnat, en un entorn de treball a dist\u00e0ncia participatiu i motivador, d\u2019acord amb els objectius i finalitats desplegats per llei en els curr\u00edculums de les diferents etapes educatives, segons els valors i trets d\u2019identitat del centre i amb voluntat de servei p\u00fablic.<\/p>\n\n\n\n<div style=\"height:50px\" aria-hidden=\"true\" class=\"wp-block-spacer\"><\/div>\n\n\n\n<h3 class=\"wp-block-heading\">Coneixements i equipament necessari<\/h3>\n\n\n\n<p>Per poder cursar els ensenyaments que imparteix l&#8217;IOC cal:<\/p>\n\n\n\n<p>Tenir acc\u00e9s a un ordinador amb connexi\u00f3 a Internet i el programari necessari per accedir i interactuar amb el Campus virtual de l&#8217;IOC aix\u00ed com estar disposat a instal\u00b7lar-se el programari necessari que s&#8217;indiqui. L&#8217;IOC aposta clarament per la utilitzaci\u00f3 de <a href=\"https:\/\/ioc.xtec.cat\/educacio\/programari-lliure\/\" data-type=\"page\" data-id=\"975\">programari lliure<\/a> i multiplataforma. No obstant aix\u00f2, en determinats estudis pot ser necess\u00e0ria la instal\u00b7laci\u00f3 de programari espec\u00edfic que pot no estar disponible en tots els sistemes operatius.<\/p>\n\n\n\n<p>Tenir uns m\u00ednims coneixements inform\u00e0tics que permetin utilitzar un processador de textos, navegar per Internet i enviar i rebre missatges de correu electr\u00f2nic.<\/p>\n\n\n\n<p style=\"margin-top:0;margin-bottom:0\">L&#8217;IOC far\u00e0 les accions necess\u00e0ries, mitjan\u00e7ant la col\u00b7laboraci\u00f3 amb altres institucions i els seus centres de suport per assegurar l&#8217;accessibilitat a aquests recursos al m\u00e0xim nombre de persones i impartir\u00e0 en tots els seus estudis una formaci\u00f3 inicial que ajudi a familiaritzar-se amb les eines i funcions del seu Campus virtual.<\/p>\n\n\n\n<div style=\"height:50px\" aria-hidden=\"true\" class=\"wp-block-spacer\"><\/div>\n\n\n\n<h3 class=\"wp-block-heading\">Model pedag\u00f2gic<\/h3>\n\n\n\n<p>El model formatiu de l\u2019IOC es basa en un model que desenvolupa la seva activitat en xarxa i a la xarxa.<\/p>\n\n\n\n<p>L\u2019alumnat esdev\u00e9 el centre del model i del proc\u00e9s d\u2019aprenentatge. El model t\u00e9 present les caracter\u00edstiques principals de molts dels potencials alumnes del centre, i per tant, ha de fer compatible l\u2019activitat quotidiana i les circumst\u00e0ncies personals, amb els interessos de formaci\u00f3. Per accedir a tots els materials, recursos i eines del centre formatiu, del seu ensenyament i del seu per\u00edode, es desplega des de l\u2019IOC un entorn virtual de comunicaci\u00f3 i relaci\u00f3 (Campus Virtual), que esdev\u00e9 el principal espai d\u2019aprenentatge i suport a l\u2019estudiant. Aquest entorn ofereix tot el que es pot trobar en un centre: la doc\u00e8ncia, la difusi\u00f3, l\u2019extensi\u00f3 del coneixement i els serveis a l\u2019estudiant.<\/p>\n\n\n\n<p>El model pedag\u00f2gic de l&#8217;IOC pret\u00e9n anar passant d&#8217;un \u00fas de les tecnologies de forma transmissiva a un \u00fas col\u00b7laboratiu.<\/p>\n\n\n\n<div class=\"wp-block-columns is-layout-flex wp-container-core-columns-is-layout-0d223e71 wp-block-columns-is-layout-flex\" style=\"padding-top:var(--wp--preset--spacing--50);padding-right:var(--wp--preset--spacing--50);padding-bottom:var(--wp--preset--spacing--50);padding-left:var(--wp--preset--spacing--50)\">\n<div class=\"wp-block-column has-ast-global-color-6-background-color has-background is-layout-flow wp-block-column-is-layout-flow\" style=\"padding-top:var(--wp--preset--spacing--60);padding-right:var(--wp--preset--spacing--60);padding-bottom:var(--wp--preset--spacing--60);padding-left:var(--wp--preset--spacing--60)\">\n<p>El model pedag\u00f2gic de l&#8217;IOC pret\u00e9n anar passant d&#8217;un \u00fas de les tecnologies de forma transmissiva a un \u00fas col\u00b7laboratiu:<\/p>\n\n\n\n<figure class=\"wp-block-image size-full has-custom-border\"><img loading=\"lazy\" decoding=\"async\" width=\"800\" height=\"600\" src=\"https:\/\/ioc.xtec.cat\/educacio\/wp-content\/uploads\/2025\/10\/grafic1.png\" alt=\"\" class=\"wp-image-544\" style=\"border-radius:12px\"\/><\/figure>\n<\/div>\n\n\n\n<div class=\"wp-block-column has-ast-global-color-6-background-color has-background is-layout-flow wp-block-column-is-layout-flow\" style=\"padding-top:var(--wp--preset--spacing--60);padding-right:var(--wp--preset--spacing--60);padding-bottom:var(--wp--preset--spacing--60);padding-left:var(--wp--preset--spacing--60)\">\n<p>Els principis que guien la nostra metodologia did\u00e0ctica s\u00f3n:<\/p>\n\n\n\n<figure class=\"wp-block-image size-full has-custom-border\"><img loading=\"lazy\" decoding=\"async\" width=\"800\" height=\"600\" src=\"https:\/\/ioc.xtec.cat\/educacio\/wp-content\/uploads\/2025\/10\/grafic2.png\" alt=\"\" class=\"wp-image-545\" style=\"border-radius:12px\"\/><\/figure>\n<\/div>\n<\/div>\n\n\n\n<div class=\"wp-block-columns is-layout-flex wp-container-core-columns-is-layout-0d223e71 wp-block-columns-is-layout-flex\" style=\"padding-top:var(--wp--preset--spacing--50);padding-right:var(--wp--preset--spacing--50);padding-bottom:var(--wp--preset--spacing--50);padding-left:var(--wp--preset--spacing--50)\">\n<div class=\"wp-block-column has-ast-global-color-6-background-color has-background is-layout-flow wp-block-column-is-layout-flow\" style=\"padding-top:var(--wp--preset--spacing--60);padding-right:var(--wp--preset--spacing--60);padding-bottom:var(--wp--preset--spacing--60);padding-left:var(--wp--preset--spacing--60)\">\n<p>L&#8217;estudiant \u00e9s el centre de tot el desenvolupament tecnol\u00f2gic i metodol\u00f2gic:<\/p>\n\n\n\n<figure class=\"wp-block-image size-full has-custom-border\"><img loading=\"lazy\" decoding=\"async\" width=\"800\" height=\"600\" src=\"https:\/\/ioc.xtec.cat\/educacio\/wp-content\/uploads\/2025\/10\/grafic3.png\" alt=\"\" class=\"wp-image-546\" style=\"border-radius:15px\"\/><\/figure>\n<\/div>\n\n\n\n<div class=\"wp-block-column has-ast-global-color-6-background-color has-background is-layout-flow wp-container-core-column-is-layout-a992d517 wp-block-column-is-layout-flow\" style=\"padding-top:var(--wp--preset--spacing--60);padding-right:var(--wp--preset--spacing--60);padding-bottom:var(--wp--preset--spacing--60);padding-left:var(--wp--preset--spacing--60)\">\n<p>Al voltant d&#8217;ell es configura tot un context que pret\u00e9n ajudar-lo en els seus estudis i facilitar-li al m\u00e0xim la feina:<\/p>\n\n\n\n<figure class=\"wp-block-image size-full has-custom-border\"><img loading=\"lazy\" decoding=\"async\" width=\"800\" height=\"600\" src=\"https:\/\/ioc.xtec.cat\/educacio\/wp-content\/uploads\/2025\/10\/grafic4.png\" alt=\"\" class=\"wp-image-547\" style=\"border-radius:15px\"\/><\/figure>\n<\/div>\n<\/div>\n\n\n\n<p>El paper del professor\/a respecte a l&#8217;estudiant \u00e9s:<\/p>\n\n\n\n<ul class=\"wp-block-list\">\n<li><strong>Ajudar a l&#8217;estudiant<\/strong> a identificar les seves necessitats d&#8217;aprenentatge.<\/li>\n\n\n\n<li><strong>Motivar-lo<\/strong> per a mantenir i refor\u00e7ar la const\u00e0ncia i l&#8217;esfor\u00e7 que el fet d&#8217;aprendre requereix.<\/li>\n\n\n\n<li><strong>Oferir-li <\/strong>una guia i una orientaci\u00f3 respecte al proc\u00e9s que ha de seguir.<\/li>\n\n\n\n<li><strong>Recon\u00e8ixer <\/strong>el grau de consecuci\u00f3 dels objectius d&#8217;aprenentatge i proposar les mesures necess\u00e0ries per a millorar-lo<\/li>\n\n\n\n<li><strong>Resoldre dubtes<\/strong> i orientar l&#8217;estudi.<\/li>\n<\/ul>\n\n\n\n<p>Tots els estudiants tenen un tutor\/a que fa:<\/p>\n\n\n\n<ul class=\"wp-block-list\">\n<li><strong>Tasques<\/strong> d&#8217;orientaci\u00f3, motivaci\u00f3 i seguiment de l&#8217;alumne\/a.<\/li>\n\n\n\n<li style=\"margin-top:0;margin-bottom:0\"><strong>Tasques<\/strong> de resoluci\u00f3 de dubtes, relatius a l&#8217;organitzaci\u00f3 i planificaci\u00f3 de l&#8217;estudi, al desenvolupament de l&#8217;estudiant al llarg del proc\u00e9s formatiu, el futur profit professional que pot treure&#8217;n dels estudis, aix\u00ed com de consultes de tipus administratiu o general.<\/li>\n<\/ul>\n\n\n\n<div style=\"height:50px\" aria-hidden=\"true\" class=\"wp-block-spacer\"><\/div>\n\n\n\n<h3 class=\"wp-block-heading\">Sistema d&#8217;avaluaci\u00f3<\/h3>\n\n\n\n<p>L\u2019avaluaci\u00f3 dels aprenentatges a l\u2019IOC \u00e9s una avaluaci\u00f3 cont\u00ednua al llarg de tot el proc\u00e9s formatiu.<\/p>\n\n\n\n<p>Hi coexisteixen 2 nivells d\u2019avaluaci\u00f3 del rendiment dels alumnes:<\/p>\n\n\n\n<ul class=\"wp-block-list\">\n<li><strong>L\u2019avaluaci\u00f3 formativa<\/strong>: pret\u00e9n ajudar en el proc\u00e9s formatiu de l&#8217;alumnat.<\/li>\n\n\n\n<li style=\"margin-top:0;margin-bottom:0\"><strong>L\u2019avaluaci\u00f3 final:<\/strong> \u00c9s obligat\u00f2ria per a l\u2019alumne, llevat dels casos en qu\u00e8 es prevegi en el PCC. Es realitza al final del per\u00edode formatiu (trimestre o semestre, en funci\u00f3 de l\u2019ensenyament). Es desenvolupa de forma obligat\u00f2riament <strong>presencial<\/strong>, tot i que tamb\u00e9 es podr\u00e0 fer telem\u00e0ticament quan aix\u00ed s&#8217;estableixi.<\/li>\n<\/ul>\n\n\n\n<div style=\"height:50px\" aria-hidden=\"true\" class=\"wp-block-spacer\"><\/div>\n\n\n\n<h3 class=\"wp-block-heading\">El campus virtual<\/h3>\n\n\n\n<figure class=\"wp-block-image alignright size-full is-resized has-custom-border\"><img loading=\"lazy\" decoding=\"async\" width=\"1284\" height=\"844\" src=\"https:\/\/ioc.xtec.cat\/educacio\/wp-content\/uploads\/2025\/10\/com-sestudia.png\" alt=\"\" class=\"wp-image-557\" style=\"border-radius:20px;width:400px\"\/><\/figure>\n\n\n\n<p>El <strong>Campus virtual<\/strong> IOC \u00e9s un model tecnol\u00f2gic que ha nascut per donar resposta a una necessitat creixent de formaci\u00f3 de qualitat en un col\u00b7lectiu interessat en continuar-se formant i que, per motius de dist\u00e0ncies als centres docents presencials o b\u00e9 per dificultats hor\u00e0ries derivades de les activitats professionals o raons personals , tenia dif\u00edcil accedir a aquesta formaci\u00f3. En el temps de la societat de la informaci\u00f3, les dist\u00e0ncies han deixat de ser un obstacle si es disposa de les eines materials, simb\u00f2liques i organitzatives adequades.<\/p>\n\n\n\n<p>La proposta formativa del Campus virtual es basa, parcialment, en l&#8217;\u00fas de les eines de gesti\u00f3 de la informaci\u00f3 i de la comunicaci\u00f3, amb la finalitat de crear per a cada participant un entorn d&#8217;estudi\/aprenentatge adaptat al seu perfil i a les seves necessitats personals, on les limitacions imposades per les dist\u00e0ncies i el temps han desaparegut. Aquesta nova visi\u00f3 del concepte d&#8217;espai d&#8217;estudi comporta la necessitat del domini de les modalitats de comunicaci\u00f3 telem\u00e0tica, tant en la seva visi\u00f3 estrictament t\u00e8cnica (programes inform\u00e0tics) com en les tecnologies b\u00e0siques de la comunicaci\u00f3 (normes d&#8217;interacci\u00f3 b\u00e0siques entre els usuaris, protocols de comunicaci\u00f3).<\/p>\n\n\n\n<p>El m\u00f2dul d&#8217;introducci\u00f3 al Campus \u00e9s un conjunt d&#8217;activitats que s&#8217;han de desenvolupar intensivament per introduir-vos en el treball al Campus virtual. Un tutor\/a us guiar\u00e0 en els vostres primers moviments per l&#8217;entorn formatiu que significa l&#8217;institut, us proposar\u00e0 activitats de navegaci\u00f3, de comunicaci\u00f3 personal i col\u00b7lectiva, d&#8217;intercanvi d&#8217;informaci\u00f3, resoldr\u00e0 els vostres dubtes i refermar\u00e0 les vostres noves estrat\u00e8gies d&#8217;estudi en aquest nou entorn.<\/p>\n","protected":false},"excerpt":{"rendered":"<p>Principis generals L\u2019oferta p\u00fablica de l\u2019educaci\u00f3 a dist\u00e0ncia impartida per l\u2019Institut Obert de Catalunya junt amb diversos centres col\u00b7laboradors, es [&hellip;]<\/p>\n","protected":false},"author":2,"featured_media":0,"parent":636,"menu_order":0,"comment_status":"closed","ping_status":"closed","template":"","meta":{"_acf_changed":false,"_uag_custom_page_level_css":"","site-sidebar-layout":"right-sidebar","site-content-layout":"","ast-site-content-layout":"normal-width-container","site-content-style":"default","site-sidebar-style":"default","ast-global-header-display":"","ast-banner-title-visibility":"","ast-main-header-display":"","ast-hfb-above-header-display":"","ast-hfb-below-header-display":"","ast-hfb-mobile-header-display":"","site-post-title":"","ast-breadcrumbs-content":"","ast-featured-img":"","footer-sml-layout":"","theme-transparent-header-meta":"","adv-header-id-meta":"","stick-header-meta":"","header-above-stick-meta":"","header-main-stick-meta":"","header-below-stick-meta":"","astra-migrate-meta-layouts":"default","ast-page-background-enabled":"default","ast-page-background-meta":{"desktop":{"background-color":"var(--ast-global-color-5)","background-image":"","background-repeat":"repeat","background-position":"center center","background-size":"auto","background-attachment":"scroll","background-type":"","background-media":"","overlay-type":"","overlay-color":"","overlay-opacity":"","overlay-gradient":""},"tablet":{"background-color":"","background-image":"","background-repeat":"repeat","background-position":"center center","background-size":"auto","background-attachment":"scroll","background-type":"","background-media":"","overlay-type":"","overlay-color":"","overlay-opacity":"","overlay-gradient":""},"mobile":{"background-color":"","background-image":"","background-repeat":"repeat","background-position":"center center","background-size":"auto","background-attachment":"scroll","background-type":"","background-media":"","overlay-type":"","overlay-color":"","overlay-opacity":"","overlay-gradient":""}},"ast-content-background-meta":{"desktop":{"background-color":"var(--ast-global-color-4)","background-image":"","background-repeat":"repeat","background-position":"center center","background-size":"auto","background-attachment":"scroll","background-type":"","background-media":"","overlay-type":"","overlay-color":"","overlay-opacity":"","overlay-gradient":""},"tablet":{"background-color":"var(--ast-global-color-4)","background-image":"","background-repeat":"repeat","background-position":"center center","background-size":"auto","background-attachment":"scroll","background-type":"","background-media":"","overlay-type":"","overlay-color":"","overlay-opacity":"","overlay-gradient":""},"mobile":{"background-color":"var(--ast-global-color-4)","background-image":"","background-repeat":"repeat","background-position":"center center","background-size":"auto","background-attachment":"scroll","background-type":"","background-media":"","overlay-type":"","overlay-color":"","overlay-opacity":"","overlay-gradient":""}},"footnotes":""},"class_list":["post-403","page","type-page","status-publish","hentry"],"acf":[],"uagb_featured_image_src":{"full":false,"thumbnail":false,"medium":false,"medium_large":false,"large":false,"1536x1536":false,"2048x2048":false},"uagb_author_info":{"display_name":"admin_design","author_link":"https:\/\/ioc.xtec.cat\/educacio\/author\/admin_design\/"},"uagb_comment_info":0,"uagb_excerpt":"Principis generals L\u2019oferta p\u00fablica de l\u2019educaci\u00f3 a dist\u00e0ncia impartida per l\u2019Institut Obert de Catalunya junt amb diversos centres col\u00b7laboradors, es [&hellip;]","_links":{"self":[{"href":"https:\/\/ioc.xtec.cat\/educacio\/wp-json\/wp\/v2\/pages\/403","targetHints":{"allow":["GET"]}}],"collection":[{"href":"https:\/\/ioc.xtec.cat\/educacio\/wp-json\/wp\/v2\/pages"}],"about":[{"href":"https:\/\/ioc.xtec.cat\/educacio\/wp-json\/wp\/v2\/types\/page"}],"author":[{"embeddable":true,"href":"https:\/\/ioc.xtec.cat\/educacio\/wp-json\/wp\/v2\/users\/2"}],"replies":[{"embeddable":true,"href":"https:\/\/ioc.xtec.cat\/educacio\/wp-json\/wp\/v2\/comments?post=403"}],"version-history":[{"count":18,"href":"https:\/\/ioc.xtec.cat\/educacio\/wp-json\/wp\/v2\/pages\/403\/revisions"}],"predecessor-version":[{"id":977,"href":"https:\/\/ioc.xtec.cat\/educacio\/wp-json\/wp\/v2\/pages\/403\/revisions\/977"}],"up":[{"embeddable":true,"href":"https:\/\/ioc.xtec.cat\/educacio\/wp-json\/wp\/v2\/pages\/636"}],"wp:attachment":[{"href":"https:\/\/ioc.xtec.cat\/educacio\/wp-json\/wp\/v2\/media?parent=403"}],"curies":[{"name":"wp","href":"https:\/\/api.w.org\/{rel}","templated":true}]}}