{"id":1267,"date":"2025-12-17T09:40:46","date_gmt":"2025-12-17T08:40:46","guid":{"rendered":"https:\/\/ioc.xtec.cat\/educacio\/?page_id=1267"},"modified":"2025-12-17T10:11:24","modified_gmt":"2025-12-17T09:11:24","slug":"ajuda-entrada-al-campus","status":"publish","type":"page","link":"https:\/\/ioc.xtec.cat\/educacio\/ajuda-entrada-al-campus\/","title":{"rendered":"Ajuda entrada al campus"},"content":{"rendered":"\n<p>El Campus IOC est\u00e0 reservat a la comunitat educativa de l&#8217;IOC. Podeu entrar utilitzant el vostre nom d&#8217;usuari i contrasenya. Si no els teniu, poseu-vos en contacte amb l&#8217;IOC.<\/p>\n\n\n\n<h3 class=\"wp-block-heading\" id=\"icesd\">Heu oblidat la contrasenya?<\/h3>\n\n\n\n<p>Si heu oblidat la contrasenya haureu d&#8217;accedir al formulari per generar una nova contrasenya, on mitjan\u00e7ant el vostre nom d&#8217;usuari o b\u00e9 l&#8217;adre\u00e7a de correu amb qu\u00e8 us vau registrar, us generarem i enviarem una nova contrasenya.<\/p>\n\n\n\n<h3 class=\"wp-block-heading\" id=\"icesd\">Certificat IOC necessari per la connexi\u00f3 segura<\/h3>\n\n\n\n<p>Per entrar al <strong>campus IOC<\/strong> cal que tingueu instal\u00b7lat el certificat de seguretat.<\/p>\n\n\n\n<h3 class=\"wp-block-heading\" id=\"icesd\">Instruccions<\/h3>\n\n\n\n<p>Per a l&#8217;entrada al campus i per a l&#8217;acc\u00e9s a la secretaria virtual s&#8217;utilitzen connexions segures. Les connexions segures permeten millorar la seguretat de les comunicacions:<\/p>\n\n\n\n<ul class=\"wp-block-list\">\n<li>Identifica el servidor web davant l&#8217;usuari<\/li>\n\n\n\n<li>Xifra les dades intercanviades entre l&#8217;usuari i el servidor<\/li>\n<\/ul>\n\n\n\n<p>Per tal de poder accedir al campus amb connexi\u00f3 segura, el vostre navegador web ha de tenir instal\u00b7lat el certificat arrel digital de l&#8217;Ag\u00e8ncia Catalana de Certificaci\u00f3, entitat que certifica la identitat del servidor de l&#8217;IOC.<\/p>\n\n\n\n<h3 class=\"wp-block-heading\" id=\"icesd\">Instal\u00b7laci\u00f3 del certificat<\/h3>\n\n\n\n<p>Si utilitzeu l&#8217;<strong>Internet Explorer<\/strong>, el certificat s&#8217;instal\u00b7lar\u00e0 autom\u00e0ticament la primera vegada que accediu al campus amb connexi\u00f3 segura.<\/p>\n\n\n\n<p>Si utilitzeu el <strong>Mozilla Firefox<\/strong> descarregueu aquest certificat. Es mostrar\u00e0 la finestra seg\u00fcent:<\/p>\n\n\n\n<figure class=\"wp-block-image size-full\"><img loading=\"lazy\" decoding=\"async\" width=\"513\" height=\"289\" src=\"https:\/\/ioc.xtec.cat\/educacio\/wp-content\/uploads\/2025\/12\/connexio_segura_firefox-1.png\" alt=\"\" class=\"wp-image-1275\" srcset=\"https:\/\/ioc.xtec.cat\/educacio\/wp-content\/uploads\/2025\/12\/connexio_segura_firefox-1.png 513w, https:\/\/ioc.xtec.cat\/educacio\/wp-content\/uploads\/2025\/12\/connexio_segura_firefox-1-300x169.png 300w\" sizes=\"auto, (max-width: 513px) 100vw, 513px\" \/><\/figure>\n\n\n\n<p>Indiqueu que confieu en l&#8217;entitat per a les tres finalitats i premeu D&#8217;acord.<\/p>\n\n\n\n<p>Si no utilitzeu cap d&#8217;aquests dos navegadors descarregueu el certificat i seguiu les instruccions.<\/p>\n\n\n\n<h3 class=\"wp-block-heading\" id=\"icesd\">Utilitzar l&#8217;aplicaci\u00f3 Moodle Mobile en m\u00f2bils i tauletes<\/h3>\n\n\n\n<p>Si utilitzeu un dispositiu amb Android, no cal que feu cap pas previ per entrar al campus amb l&#8217;aplicaci\u00f3&nbsp;<a href=\"https:\/\/play.google.com\/store\/apps\/details?id=com.moodle.moodlemobile\">Moodle Mobile<\/a>.<\/p>\n\n\n\n<p>Si utilitzeu un dispositiu amb iOS i voleu entrar al campus amb l&#8217;aplicaci\u00f3&nbsp;<a href=\"https:\/\/tatrck.com\/h\/0Hu30uVO15uh?url=https%3A%2F%2Fitunes.apple.com%2Fes%2Fapp%2Fmoodle-mobile%2Fid633359593%3Fl%3Dca%26mt%3D8\">Moodle Mobile<\/a>, primer heu de descarregar aquest&nbsp;<a href=\"http:\/\/www.catcert.cat\/descarrega\/acc.crt\">certificat<\/a>&nbsp;i instal\u00b7lar-lo:<\/p>\n\n\n\n<figure class=\"wp-block-image size-full\"><img loading=\"lazy\" decoding=\"async\" width=\"414\" height=\"307\" src=\"https:\/\/ioc.xtec.cat\/educacio\/wp-content\/uploads\/2025\/12\/certificat_iOS.jpg\" alt=\"\" class=\"wp-image-1274\" srcset=\"https:\/\/ioc.xtec.cat\/educacio\/wp-content\/uploads\/2025\/12\/certificat_iOS.jpg 414w, https:\/\/ioc.xtec.cat\/educacio\/wp-content\/uploads\/2025\/12\/certificat_iOS-300x222.jpg 300w\" sizes=\"auto, (max-width: 414px) 100vw, 414px\" \/><\/figure>\n\n\n\n<p>Quan l&#8217;aplicaci\u00f3 Moodle Mobile us demani l&#8217;adre\u00e7a del lloc, poseu ioc.xtec.cat\/campus<\/p>\n\n\n\n<h3 class=\"wp-block-heading\" id=\"icesd\">Comprovaci\u00f3 certificat<\/h3>\n\n\n\n<p>Si voleu comprovar que el certificat est\u00e0 instal\u00b7lat correctament, proveu de visitar el campus de l&#8217;IOC utilitzant una connexi\u00f3 segura:&nbsp;<a href=\"https:\/\/ioc.xtec.cat\/campus\">https:\/\/ioc.xtec.cat\/campus<\/a>. Si podeu visitar la p\u00e0gina, ja teniu ben instal\u00b7lat el certificat.<\/p>\n\n\n\n<h3 class=\"wp-block-heading\" id=\"icesd\">M\u00e9s informaci\u00f3<\/h3>\n\n\n\n<p>Per a m\u00e9s informaci\u00f3 sobre certificats digitals visiteu la p\u00e0gina de l&#8217;<a href=\"http:\/\/www.catcert.cat\/\" target=\"_blank\" rel=\"noreferrer noopener\">Ag\u00e8ncia Catalana de Certificaci\u00f3<\/a>.<\/p>\n\n\n\n<p><\/p>\n","protected":false},"excerpt":{"rendered":"<p>El Campus IOC est\u00e0 reservat a la comunitat educativa de l&#8217;IOC. Podeu entrar utilitzant el vostre nom d&#8217;usuari i contrasenya. [&hellip;]<\/p>\n","protected":false},"author":2,"featured_media":0,"parent":0,"menu_order":0,"comment_status":"closed","ping_status":"closed","template":"","meta":{"_acf_changed":false,"_uag_custom_page_level_css":"","site-sidebar-layout":"default","site-content-layout":"","ast-site-content-layout":"default","site-content-style":"default","site-sidebar-style":"default","ast-global-header-display":"","ast-banner-title-visibility":"","ast-main-header-display":"","ast-hfb-above-header-display":"","ast-hfb-below-header-display":"","ast-hfb-mobile-header-display":"","site-post-title":"","ast-breadcrumbs-content":"","ast-featured-img":"","footer-sml-layout":"","theme-transparent-header-meta":"","adv-header-id-meta":"","stick-header-meta":"","header-above-stick-meta":"","header-main-stick-meta":"","header-below-stick-meta":"","astra-migrate-meta-layouts":"default","ast-page-background-enabled":"default","ast-page-background-meta":{"desktop":{"background-color":"var(--ast-global-color-5)","background-image":"","background-repeat":"repeat","background-position":"center center","background-size":"auto","background-attachment":"scroll","background-type":"","background-media":"","overlay-type":"","overlay-color":"","overlay-opacity":"","overlay-gradient":""},"tablet":{"background-color":"","background-image":"","background-repeat":"repeat","background-position":"center center","background-size":"auto","background-attachment":"scroll","background-type":"","background-media":"","overlay-type":"","overlay-color":"","overlay-opacity":"","overlay-gradient":""},"mobile":{"background-color":"","background-image":"","background-repeat":"repeat","background-position":"center center","background-size":"auto","background-attachment":"scroll","background-type":"","background-media":"","overlay-type":"","overlay-color":"","overlay-opacity":"","overlay-gradient":""}},"ast-content-background-meta":{"desktop":{"background-color":"var(--ast-global-color-4)","background-image":"","background-repeat":"repeat","background-position":"center center","background-size":"auto","background-attachment":"scroll","background-type":"","background-media":"","overlay-type":"","overlay-color":"","overlay-opacity":"","overlay-gradient":""},"tablet":{"background-color":"var(--ast-global-color-4)","background-image":"","background-repeat":"repeat","background-position":"center center","background-size":"auto","background-attachment":"scroll","background-type":"","background-media":"","overlay-type":"","overlay-color":"","overlay-opacity":"","overlay-gradient":""},"mobile":{"background-color":"var(--ast-global-color-4)","background-image":"","background-repeat":"repeat","background-position":"center center","background-size":"auto","background-attachment":"scroll","background-type":"","background-media":"","overlay-type":"","overlay-color":"","overlay-opacity":"","overlay-gradient":""}},"footnotes":""},"class_list":["post-1267","page","type-page","status-publish","hentry"],"acf":[],"uagb_featured_image_src":{"full":false,"thumbnail":false,"medium":false,"medium_large":false,"large":false,"1536x1536":false,"2048x2048":false},"uagb_author_info":{"display_name":"admin_design","author_link":"https:\/\/ioc.xtec.cat\/educacio\/author\/admin_design\/"},"uagb_comment_info":0,"uagb_excerpt":"El Campus IOC est\u00e0 reservat a la comunitat educativa de l&#8217;IOC. Podeu entrar utilitzant el vostre nom d&#8217;usuari i contrasenya. [&hellip;]","_links":{"self":[{"href":"https:\/\/ioc.xtec.cat\/educacio\/wp-json\/wp\/v2\/pages\/1267","targetHints":{"allow":["GET"]}}],"collection":[{"href":"https:\/\/ioc.xtec.cat\/educacio\/wp-json\/wp\/v2\/pages"}],"about":[{"href":"https:\/\/ioc.xtec.cat\/educacio\/wp-json\/wp\/v2\/types\/page"}],"author":[{"embeddable":true,"href":"https:\/\/ioc.xtec.cat\/educacio\/wp-json\/wp\/v2\/users\/2"}],"replies":[{"embeddable":true,"href":"https:\/\/ioc.xtec.cat\/educacio\/wp-json\/wp\/v2\/comments?post=1267"}],"version-history":[{"count":4,"href":"https:\/\/ioc.xtec.cat\/educacio\/wp-json\/wp\/v2\/pages\/1267\/revisions"}],"predecessor-version":[{"id":1361,"href":"https:\/\/ioc.xtec.cat\/educacio\/wp-json\/wp\/v2\/pages\/1267\/revisions\/1361"}],"wp:attachment":[{"href":"https:\/\/ioc.xtec.cat\/educacio\/wp-json\/wp\/v2\/media?parent=1267"}],"curies":[{"name":"wp","href":"https:\/\/api.w.org\/{rel}","templated":true}]}}