{"id":1042,"date":"2025-11-26T13:48:52","date_gmt":"2025-11-26T12:48:52","guid":{"rendered":"https:\/\/ioc.xtec.cat\/educacio\/?page_id=1042"},"modified":"2025-11-26T13:54:01","modified_gmt":"2025-11-26T12:54:01","slug":"proteccio-de-dades","status":"publish","type":"page","link":"https:\/\/ioc.xtec.cat\/educacio\/proteccio-de-dades\/","title":{"rendered":"Protecci\u00f3 de dades"},"content":{"rendered":"<table>\n<tbody>\n<tr>\n<td style=\"width: 117.383px;\" data-sheets-value=\"{&quot;1&quot;:2,&quot;2&quot;:&quot;Qui \u00e9s el responsable del tractament de les dades +info1&quot;}\"><span>Qui \u00e9s el responsable del tractament de les dades&nbsp;<\/span><\/td>\n<td style=\"width: 312.683px;\" data-sheets-value=\"{&quot;1&quot;:2,&quot;2&quot;:&quot;La direcci\u00f3 del centre educatiu. Adre\u00e7a postal (Avgda Paral.lel, 71 08804- Barcelona) i electr\u00f2nica (ioc@ioc.cat) \\nL\u2019adre\u00e7a de contacte del delegat o delegada de protecci\u00f3 de dades \u00e9s:&nbsp;dpd.educacio@gencat.cat.&quot;}\">La direcci\u00f3 del centre educatiu. Adre\u00e7a postal (Avd Paral\u00b7lel, 71 08804- Barcelona) i electr\u00f2nica (ioc@ioc.cat) <br \/>L\u2019adre\u00e7a de contacte del delegat o delegada de protecci\u00f3 de dades \u00e9s:&nbsp;dpd.educacio@gencat.cat.<\/td>\n<\/tr>\n<tr>\n<td style=\"width: 117.383px;\" data-sheets-value=\"{&quot;1&quot;:2,&quot;2&quot;:&quot;Finalitat &quot;}\">Finalitat<\/td>\n<td style=\"width: 312.683px;\" data-sheets-value=\"{&quot;1&quot;:2,&quot;2&quot;:&quot;Gestionar l\u2019orientaci\u00f3 acad\u00e8mica en relaci\u00f3 a estudis del centre, pr\u00e8via a la matricula. &quot;}\">Gestionar l\u2019orientaci\u00f3 acad\u00e8mica en relaci\u00f3 a estudis del centre, pr\u00e8via a la matr\u00edcula.<\/td>\n<\/tr>\n<tr>\n<td style=\"width: 117.383px;\" data-sheets-value=\"{&quot;1&quot;:2,&quot;2&quot;:&quot;Termini de conservaci\u00f3 de dades&quot;}\">Termini de conservaci\u00f3 de dades<\/td>\n<td style=\"width: 312.683px;\" data-sheets-value=\"{&quot;1&quot;:2,&quot;2&quot;:&quot;Temps necessari per acomplir amb la finalitat per la qual es recullen. Termini m\u00e0xim 1any&quot;}\">Temps necessari per acomplir amb la finalitat per la qual es recullen. Termini m\u00e0xim 1 any<\/td>\n<\/tr>\n<tr>\n<td style=\"width: 117.383px;\" data-sheets-value=\"{&quot;1&quot;:2,&quot;2&quot;:&quot;Decisions automatitzades&quot;}\">Decisions automatitzades<\/td>\n<td style=\"width: 312.683px;\" data-sheets-value=\"{&quot;1&quot;:2,&quot;2&quot;:&quot;El tractament de les dades no comporta decisions automatitzades, ni l\u2019elaboraci\u00f3 de perfils amb finalitats predictives de prefer\u00e8ncies personals, comportaments o actituds.&quot;}\">El tractament de les dades no comporta decisions automatitzades, ni l\u2019elaboraci\u00f3 de perfils amb finalitats predictives de prefer\u00e8ncies personals, comportaments o actituds.<\/td>\n<\/tr>\n<tr>\n<td style=\"width: 117.383px;\" data-sheets-value=\"{&quot;1&quot;:2,&quot;2&quot;:&quot;Legitimaci\u00f3&quot;}\">Legitimaci\u00f3<\/td>\n<td style=\"width: 312.683px;\" data-sheets-value=\"{&quot;1&quot;:2,&quot;2&quot;:&quot;Consentiment de l'interessat&quot;}\">Consentiment de l&#8217;interessat<\/td>\n<\/tr>\n<tr>\n<td style=\"width: 117.383px;\" data-sheets-value=\"{&quot;1&quot;:2,&quot;2&quot;:&quot;Destinataris&quot;}\">Destinataris<\/td>\n<td style=\"width: 312.683px;\" data-sheets-value=\"{&quot;1&quot;:2,&quot;2&quot;:&quot;No es cedeixen les dades personals a terceres persones ni a d'altres destinataris, excepte en els casos legalment previstos o quan sigui de compliment legal. Les dades no seran objecte de transfer\u00e8ncia internacional&quot;}\">No se cedeixen les dades personals a terceres persones ni a altres destinataris, excepte en els casos legalment previstos o quan sigui de compliment legal. Les dades no seran objecte de transfer\u00e8ncia internacional<\/td>\n<\/tr>\n<tr>\n<td style=\"width: 117.383px;\" data-sheets-value=\"{&quot;1&quot;:2,&quot;2&quot;:&quot;Drets de les persones interessades&quot;}\">Drets de les persones interessades<\/td>\n<td style=\"width: 312.683px;\" data-sheets-value=\"{&quot;1&quot;:2,&quot;2&quot;:&quot;Drets de les persones interessades&quot;}\">\n<div>\n<div><a href=\"http:\/\/ensenyament.gencat.cat\/ca\/departament\/proteccio-dades\/drets-persones-interessades\/\" target=\"_blank\" rel=\"noopener noreferrer\">Drets de les persones interessades<\/a><\/div>\n<\/div>\n<\/td>\n<\/tr>\n<tr>\n<td style=\"width: 117.383px;\"><span data-sheets-value=\"{&quot;1&quot;:2,&quot;2&quot;:&quot;Informaci\u00f3 addicional&quot;}\" data-sheets-userformat=\"{&quot;2&quot;:31453,&quot;3&quot;:{&quot;1&quot;:0},&quot;5&quot;:{&quot;1&quot;:[{&quot;1&quot;:2,&quot;2&quot;:0,&quot;5&quot;:[null,2,0]},{&quot;1&quot;:0,&quot;2&quot;:0,&quot;3&quot;:3},{&quot;1&quot;:1,&quot;2&quot;:0,&quot;4&quot;:1}]},&quot;6&quot;:{&quot;1&quot;:[{&quot;1&quot;:2,&quot;2&quot;:0,&quot;5&quot;:[null,2,0]},{&quot;1&quot;:0,&quot;2&quot;:0,&quot;3&quot;:3},{&quot;1&quot;:1,&quot;2&quot;:0,&quot;4&quot;:1}]},&quot;7&quot;:{&quot;1&quot;:[{&quot;1&quot;:2,&quot;2&quot;:0,&quot;5&quot;:[null,2,0]},{&quot;1&quot;:0,&quot;2&quot;:0,&quot;3&quot;:3},{&quot;1&quot;:1,&quot;2&quot;:0,&quot;4&quot;:1}]},&quot;9&quot;:0,&quot;10&quot;:0,&quot;12&quot;:0,&quot;14&quot;:[null,2,0],&quot;15&quot;:&quot;Arial, sans-serif&quot;,&quot;16&quot;:11,&quot;17&quot;:1}\">Informaci\u00f3 addicional<\/span><\/td>\n<td style=\"width: 312.683px;\">\n<div>B\u00fastia de contacte per <a href=\"https:\/\/docs.google.com\/forms\/d\/e\/1FAIpQLSe7oSIBsBxrWnc-aIrn0xs0yBRFkHZjT8VDSagYl-U23p2jDQ\/viewform\" target=\"_blank\" rel=\"noopener noreferrer\">exercir els vostres drets<\/a>.<\/div>\n<\/td>\n<\/tr>\n<\/tbody>\n<\/table>\n","protected":false},"excerpt":{"rendered":"<p>Qui \u00e9s el responsable del tractament de les dades&nbsp; La direcci\u00f3 del centre educatiu. Adre\u00e7a postal (Avd Paral\u00b7lel, 71 08804- [&hellip;]<\/p>\n","protected":false},"author":2,"featured_media":0,"parent":0,"menu_order":0,"comment_status":"closed","ping_status":"closed","template":"","meta":{"_acf_changed":false,"_uag_custom_page_level_css":"","site-sidebar-layout":"default","site-content-layout":"","ast-site-content-layout":"default","site-content-style":"default","site-sidebar-style":"default","ast-global-header-display":"","ast-banner-title-visibility":"","ast-main-header-display":"","ast-hfb-above-header-display":"","ast-hfb-below-header-display":"","ast-hfb-mobile-header-display":"","site-post-title":"","ast-breadcrumbs-content":"","ast-featured-img":"","footer-sml-layout":"","theme-transparent-header-meta":"","adv-header-id-meta":"","stick-header-meta":"","header-above-stick-meta":"","header-main-stick-meta":"","header-below-stick-meta":"","astra-migrate-meta-layouts":"default","ast-page-background-enabled":"default","ast-page-background-meta":{"desktop":{"background-color":"var(--ast-global-color-5)","background-image":"","background-repeat":"repeat","background-position":"center center","background-size":"auto","background-attachment":"scroll","background-type":"","background-media":"","overlay-type":"","overlay-color":"","overlay-opacity":"","overlay-gradient":""},"tablet":{"background-color":"","background-image":"","background-repeat":"repeat","background-position":"center center","background-size":"auto","background-attachment":"scroll","background-type":"","background-media":"","overlay-type":"","overlay-color":"","overlay-opacity":"","overlay-gradient":""},"mobile":{"background-color":"","background-image":"","background-repeat":"repeat","background-position":"center center","background-size":"auto","background-attachment":"scroll","background-type":"","background-media":"","overlay-type":"","overlay-color":"","overlay-opacity":"","overlay-gradient":""}},"ast-content-background-meta":{"desktop":{"background-color":"var(--ast-global-color-4)","background-image":"","background-repeat":"repeat","background-position":"center center","background-size":"auto","background-attachment":"scroll","background-type":"","background-media":"","overlay-type":"","overlay-color":"","overlay-opacity":"","overlay-gradient":""},"tablet":{"background-color":"var(--ast-global-color-4)","background-image":"","background-repeat":"repeat","background-position":"center center","background-size":"auto","background-attachment":"scroll","background-type":"","background-media":"","overlay-type":"","overlay-color":"","overlay-opacity":"","overlay-gradient":""},"mobile":{"background-color":"var(--ast-global-color-4)","background-image":"","background-repeat":"repeat","background-position":"center center","background-size":"auto","background-attachment":"scroll","background-type":"","background-media":"","overlay-type":"","overlay-color":"","overlay-opacity":"","overlay-gradient":""}},"footnotes":""},"class_list":["post-1042","page","type-page","status-publish","hentry"],"acf":[],"uagb_featured_image_src":{"full":false,"thumbnail":false,"medium":false,"medium_large":false,"large":false,"1536x1536":false,"2048x2048":false},"uagb_author_info":{"display_name":"admin_design","author_link":"https:\/\/ioc.xtec.cat\/educacio\/author\/admin_design\/"},"uagb_comment_info":0,"uagb_excerpt":"Qui \u00e9s el responsable del tractament de les dades&nbsp; La direcci\u00f3 del centre educatiu. Adre\u00e7a postal (Avd Paral\u00b7lel, 71 08804- [&hellip;]","_links":{"self":[{"href":"https:\/\/ioc.xtec.cat\/educacio\/wp-json\/wp\/v2\/pages\/1042","targetHints":{"allow":["GET"]}}],"collection":[{"href":"https:\/\/ioc.xtec.cat\/educacio\/wp-json\/wp\/v2\/pages"}],"about":[{"href":"https:\/\/ioc.xtec.cat\/educacio\/wp-json\/wp\/v2\/types\/page"}],"author":[{"embeddable":true,"href":"https:\/\/ioc.xtec.cat\/educacio\/wp-json\/wp\/v2\/users\/2"}],"replies":[{"embeddable":true,"href":"https:\/\/ioc.xtec.cat\/educacio\/wp-json\/wp\/v2\/comments?post=1042"}],"version-history":[{"count":3,"href":"https:\/\/ioc.xtec.cat\/educacio\/wp-json\/wp\/v2\/pages\/1042\/revisions"}],"predecessor-version":[{"id":1045,"href":"https:\/\/ioc.xtec.cat\/educacio\/wp-json\/wp\/v2\/pages\/1042\/revisions\/1045"}],"wp:attachment":[{"href":"https:\/\/ioc.xtec.cat\/educacio\/wp-json\/wp\/v2\/media?parent=1042"}],"curies":[{"name":"wp","href":"https:\/\/api.w.org\/{rel}","templated":true}]}}